{"id":36202,"date":"2023-09-08T08:01:46","date_gmt":"2023-09-08T15:01:46","guid":{"rendered":"https:\/\/www.arenasolutions.com\/contact-us-conf\/"},"modified":"2026-04-02T06:16:52","modified_gmt":"2026-04-02T13:16:52","slug":"contact-us-conf","status":"publish","type":"page","link":"https:\/\/www.arenasolutions.com\/fr\/contact-us-conf\/","title":{"rendered":"Contact Us Conf"},"content":{"rendered":"<p>[et_pb_section fb_built=\u00a0\u00bb1&Prime; disabled_on=\u00a0\u00bbon|off|off\u00a0\u00bb admin_label=\u00a0\u00bbhero section\u00a0\u00bb _builder_version=\u00a0\u00bb4.27.5&Prime; use_background_color_gradient=\u00a0\u00bbon\u00a0\u00bb background_color_gradient_stops=\u00a0\u00bb#ffffff 20%|#ececf0 100%\u00a0\u00bb background_enable_image=\u00a0\u00bboff\u00a0\u00bb custom_padding=\u00a0\u00bb30px||22px||false|false\u00a0\u00bb background_image_tablet=\u00a0\u00bbhttps:\/\/www.arenasolutions.com\/wp-content\/uploads\/green-background.jpg\u00a0\u00bb background_enable_image_tablet=\u00a0\u00bbon\u00a0\u00bb locked=\u00a0\u00bboff\u00a0\u00bb global_colors_info=\u00a0\u00bb{}\u00a0\u00bb title_text_tablet=\u00a0\u00bbgreen-background\u00a0\u00bb][et_pb_row _builder_version=\u00a0\u00bb4.27.5&Prime; custom_margin=\u00a0\u00bb||0px||false|false\u00a0\u00bb custom_padding=\u00a0\u00bb||7px|||\u00a0\u00bb locked=\u00a0\u00bboff\u00a0\u00bb global_colors_info=\u00a0\u00bb{}\u00a0\u00bb][et_pb_column type=\u00a0\u00bb4_4&Prime; _builder_version=\u00a0\u00bb4.16&Prime; global_colors_info=\u00a0\u00bb{}\u00a0\u00bb][et_pb_text admin_label=\u00a0\u00bbTitle\u00a0\u00bb _builder_version=\u00a0\u00bb4.27.5&Prime; _module_preset=\u00a0\u00bbdefault\u00a0\u00bb header_font_size=\u00a0\u00bb90px\u00a0\u00bb header_letter_spacing=\u00a0\u00bb1px\u00a0\u00bb header_line_height=\u00a0\u00bb1.1em\u00a0\u00bb header_2_letter_spacing=\u00a0\u00bb1px\u00a0\u00bb header_2_line_height=\u00a0\u00bb1.1em\u00a0\u00bb custom_margin=\u00a0\u00bb2px||13px||false|false\u00a0\u00bb header_font_size_tablet=\u00a0\u00bb65px\u00a0\u00bb header_font_size_phone=\u00a0\u00bb40px\u00a0\u00bb header_font_size_last_edited=\u00a0\u00bbon|phone\u00a0\u00bb locked=\u00a0\u00bboff\u00a0\u00bb global_colors_info=\u00a0\u00bb{}\u00a0\u00bb]<\/p>\n<h1><span>Nous contacter<\/span><\/h1>\n<p>[\/et_pb_text][et_pb_text _builder_version=\u00a0\u00bb4.27.5&Prime; _module_preset=\u00a0\u00bbdefault\u00a0\u00bb header_3_text_color=\u00a0\u00bb#00890b\u00a0\u00bb global_colors_info=\u00a0\u00bb{}\u00a0\u00bb]<\/p>\n<h4><span>Vous avez des questions\u00a0? Nous sommes l\u00e0 pour vous aider.<\/span><\/h4>\n<p>[\/et_pb_text][\/et_pb_column][\/et_pb_row][\/et_pb_section][et_pb_section fb_built=\u00a0\u00bb1&Prime; _builder_version=\u00a0\u00bb4.27.5&Prime; custom_padding=\u00a0\u00bb100px||3px|||\u00a0\u00bb top_divider_style=\u00a0\u00bbarrow\u00a0\u00bb top_divider_color=\u00a0\u00bb#ececf0&Prime; global_colors_info=\u00a0\u00bb{}\u00a0\u00bb][et_pb_row _builder_version=\u00a0\u00bb4.27.5&Prime; custom_margin=\u00a0\u00bb100px|auto|81px|auto|false|false\u00a0\u00bb custom_padding=\u00a0\u00bb0px||0px||false|false\u00a0\u00bb global_colors_info=\u00a0\u00bb{}\u00a0\u00bb][et_pb_column type=\u00a0\u00bb4_4&Prime; _builder_version=\u00a0\u00bb4.16&Prime; global_colors_info=\u00a0\u00bb{}\u00a0\u00bb][et_pb_text _builder_version=\u00a0\u00bb4.27.5&Prime; header_text_align=\u00a0\u00bbcenter\u00a0\u00bb header_2_text_align=\u00a0\u00bbcenter\u00a0\u00bb header_3_text_align=\u00a0\u00bbcenter\u00a0\u00bb global_colors_info=\u00a0\u00bb{}\u00a0\u00bb]<\/p>\n<h1>Merci<\/h1>\n<p style=\"font-size: 25px !important; line-height: 34px !important; text-align: center;\">Merci de votre message.<br \/>\nNous vous contacterons prochainement.<\/p>\n<p>[\/et_pb_text][\/et_pb_column][\/et_pb_row][\/et_pb_section][et_pb_section fb_built=\u00a0\u00bb1&Prime; admin_label=\u00a0\u00bbSee Arena In Action\u00a0\u00bb module_class=\u00a0\u00bbas-db-section-global-footer-cta\u00a0\u00bb _builder_version=\u00a0\u00bb4.27.4&Prime; _module_preset=\u00a0\u00bbc8e9298d-2575-47d5-a568-ecf944bc8036&Prime; background_color_gradient_stops=\u00a0\u00bbrgba(255,255,255,0) 0%|rgba(10,0,0,0.5) 100%\u00a0\u00bb background_image=\u00a0\u00bbhttps:\/\/www.arenasolutions.com\/wp-content\/uploads\/CTA-Green-Lights-x750.jpg\u00a0\u00bb custom_padding=\u00a0\u00bb100px||0px||false|false\u00a0\u00bb top_divider_color=\u00a0\u00bb#FFFFFF\u00a0\u00bb global_module=\u00a0\u00bb70425&Prime; saved_tabs=\u00a0\u00bball\u00a0\u00bb locked=\u00a0\u00bboff\u00a0\u00bb global_colors_info=\u00a0\u00bb{}\u00a0\u00bb][et_pb_row column_structure=\u00a0\u00bb1_2,1_2&Prime; use_custom_gutter=\u00a0\u00bbon\u00a0\u00bb gutter_width=\u00a0\u00bb1&Prime; make_equal=\u00a0\u00bbon\u00a0\u00bb _builder_version=\u00a0\u00bb4.27.4&Prime; _module_preset=\u00a0\u00bbdefault\u00a0\u00bb custom_margin=\u00a0\u00bb30px||0px||false|false\u00a0\u00bb locked=\u00a0\u00bboff\u00a0\u00bb global_colors_info=\u00a0\u00bb{}\u00a0\u00bb][et_pb_column type=\u00a0\u00bb1_2&Prime; _builder_version=\u00a0\u00bb4.16&Prime; _module_preset=\u00a0\u00bbdefault\u00a0\u00bb custom_padding=\u00a0\u00bb|40px|||false|false\u00a0\u00bb custom_padding_tablet=\u00a0\u00bb|0px|0px||false|false\u00a0\u00bb custom_padding_phone=\u00a0\u00bb\u00a0\u00bb custom_padding_last_edited=\u00a0\u00bbon|desktop\u00a0\u00bb custom_css_main_element=\u00a0\u00bbdisplay: grid;||align-content: center;\u00a0\u00bb border_width_right=\u00a0\u00bb1px\u00a0\u00bb border_color_right=\u00a0\u00bb#FFFFFF\u00a0\u00bb border_width_all_tablet=\u00a0\u00bb\u00a0\u00bb border_width_all_phone=\u00a0\u00bb\u00a0\u00bb border_width_all_last_edited=\u00a0\u00bbon|desktop\u00a0\u00bb border_width_right_tablet=\u00a0\u00bb0px\u00a0\u00bb border_width_right_phone=\u00a0\u00bb\u00a0\u00bb border_width_right_last_edited=\u00a0\u00bbon|tablet\u00a0\u00bb global_colors_info=\u00a0\u00bb{}\u00a0\u00bb custom_css_main_element_last_edited=\u00a0\u00bbon|tablet\u00a0\u00bb custom_css_main_element_tablet=\u00a0\u00bbpadding-bottom: 0 !important;\u00a0\u00bb custom_css_main_element_phone=\u00a0\u00bbpadding-bottom: 0 !important;\u00a0\u00bb][et_pb_text _builder_version=\u00a0\u00bb4.27.4&Prime; _module_preset=\u00a0\u00bbdefault\u00a0\u00bb header_2_font=\u00a0\u00bb|700|||||||\u00a0\u00bb header_2_text_align=\u00a0\u00bbright\u00a0\u00bb header_2_text_color=\u00a0\u00bb#FFFFFF\u00a0\u00bb header_2_font_size=\u00a0\u00bb70px\u00a0\u00bb header_2_letter_spacing=\u00a0\u00bb2px\u00a0\u00bb header_2_line_height=\u00a0\u00bb1.2em\u00a0\u00bb custom_margin=\u00a0\u00bb||0px||false|false\u00a0\u00bb custom_padding=\u00a0\u00bb||0px||false|true\u00a0\u00bb header_2_text_align_tablet=\u00a0\u00bbcenter\u00a0\u00bb header_2_text_align_phone=\u00a0\u00bbcenter\u00a0\u00bb header_2_text_align_last_edited=\u00a0\u00bbon|tablet\u00a0\u00bb global_colors_info=\u00a0\u00bb{}\u00a0\u00bb]<\/p>\n<h2>Voir Arena<br \/>en action<\/h2>\n<p>[\/et_pb_text][\/et_pb_column][et_pb_column type=\u00a0\u00bb1_2&Prime; _builder_version=\u00a0\u00bb4.27.4&Prime; _module_preset=\u00a0\u00bbdefault\u00a0\u00bb custom_padding=\u00a0\u00bb|||40px|false|false\u00a0\u00bb custom_padding_tablet=\u00a0\u00bb10px|||0px|false|false\u00a0\u00bb custom_padding_phone=\u00a0\u00bb\u00a0\u00bb custom_padding_last_edited=\u00a0\u00bbon|tablet\u00a0\u00bb custom_css_main_element=\u00a0\u00bbdisplay: grid;||align-content: center;\u00a0\u00bb global_colors_info=\u00a0\u00bb{}\u00a0\u00bb custom_css_main_element_last_edited=\u00a0\u00bbon|tablet\u00a0\u00bb custom_css_main_element_tablet=\u00a0\u00bbpadding-top: 25px !important;\u00a0\u00bb custom_css_main_element_phone=\u00a0\u00bbpadding-top: 25px !important;\u00a0\u00bb][et_pb_button button_url=\u00a0\u00bbhttps:\/\/www.arenasolutions.com\/fr\/plm-demo\/\u00a0\u00bb button_text=\u00a0\u00bbObtenir une d\u00e9mo\u00a0\u00bb button_alignment_phone=\u00a0\u00bbcenter\u00a0\u00bb module_class=\u00a0\u00bbwhite-button\u00a0\u00bb _builder_version=\u00a0\u00bb4.27.5&Prime; _module_preset=\u00a0\u00bba5290d89-7f97-4c9e-ad10-a79dba9c3d9c\u00a0\u00bb locked=\u00a0\u00bboff\u00a0\u00bb global_colors_info=\u00a0\u00bb{}\u00a0\u00bb][\/et_pb_button][\/et_pb_column][\/et_pb_row][\/et_pb_section]<\/p>\n","protected":false},"excerpt":{"rendered":"<p>Nous contacter Vous avez des questions\u00a0? Nous sommes l\u00e0 pour vous aider. Merci Merci de votre message. Nous vous contacterons prochainement. Voir Arenaen action Obtenir une&#8230;<\/p>\n","protected":false},"author":55,"featured_media":88006,"parent":0,"menu_order":0,"comment_status":"closed","ping_status":"closed","template":"divi.php","meta":{"_acf_changed":false,"_et_pb_use_builder":"on","_et_pb_old_content":"","_et_gb_content_width":"","footnotes":""},"class_list":["post-36202","page","type-page","status-publish","has-post-thumbnail","hentry"],"acf":[],"yoast_head":"<!-- This site is optimized with the Yoast SEO Premium plugin v27.2 (Yoast SEO v27.2) - https:\/\/yoast.com\/product\/yoast-seo-premium-wordpress\/ -->\n<title>Contacter Arena \u2014 Nous sommes l\u00e0 pour vous aider\u00a0|\u00a0Arena<\/title>\n<meta name=\"description\" content=\"Bienvenue dans Arena\u00a0Solutions. Merci de nous avoir contact\u00e9s. Veuillez indiquer vos coordonn\u00e9es, y compris votre titre, votre num\u00e9ro de t\u00e9l\u00e9phone, votre adresse e-mail, le nom de votre entreprise, ainsi qu\u2019une br\u00e8ve description du sujet qui vous int\u00e9resse. Un membre de l\u2019\u00e9quipe Arena\u00a0Solutions vous contactera prochainement.\" \/>\n<meta name=\"robots\" content=\"noindex, nofollow\" \/>\n<meta property=\"og:locale\" content=\"fr_FR\" \/>\n<meta property=\"og:type\" content=\"article\" \/>\n<meta property=\"og:title\" content=\"Contact Us Conf\" \/>\n<meta property=\"og:description\" content=\"Bienvenue dans Arena\u00a0Solutions. Merci de nous avoir contact\u00e9s. Veuillez indiquer vos coordonn\u00e9es, y compris votre titre, votre num\u00e9ro de t\u00e9l\u00e9phone, votre adresse e-mail, le nom de votre entreprise, ainsi qu\u2019une br\u00e8ve description du sujet qui vous int\u00e9resse. Un membre de l\u2019\u00e9quipe Arena\u00a0Solutions vous contactera prochainement.\" \/>\n<meta property=\"og:url\" content=\"https:\/\/www.arenasolutions.com\/fr\/contact-us-conf\/\" \/>\n<meta property=\"og:site_name\" content=\"Arena\" \/>\n<meta property=\"article:publisher\" content=\"https:\/\/www.facebook.com\/arenasolutions\/\" \/>\n<meta property=\"article:modified_time\" content=\"2026-04-02T13:16:52+00:00\" \/>\n<meta property=\"og:image\" content=\"https:\/\/www.arenasolutions.com\/wp-content\/uploads\/Arena_by_PTC.png\" \/>\n\t<meta property=\"og:image:width\" content=\"2404\" \/>\n\t<meta property=\"og:image:height\" content=\"841\" \/>\n\t<meta property=\"og:image:type\" content=\"image\/png\" \/>\n<meta name=\"twitter:card\" content=\"summary_large_image\" \/>\n<meta name=\"twitter:site\" content=\"@arenasolutions\" \/>\n<meta name=\"twitter:label1\" content=\"Dur\u00e9e de lecture estim\u00e9e\" \/>\n\t<meta name=\"twitter:data1\" content=\"3 minutes\" \/>\n<script type=\"application\/ld+json\" class=\"yoast-schema-graph\">{\"@context\":\"https:\/\/schema.org\",\"@graph\":[{\"@type\":\"WebPage\",\"@id\":\"https:\/\/www.arenasolutions.com\/fr\/contact-us-conf\/\",\"url\":\"https:\/\/www.arenasolutions.com\/fr\/contact-us-conf\/\",\"name\":\"Contacter Arena \u2014 Nous sommes l\u00e0 pour vous aider\u00a0|\u00a0Arena\",\"isPartOf\":{\"@id\":\"https:\/\/www.arenasolutions.com\/fr\/#website\"},\"primaryImageOfPage\":{\"@id\":\"https:\/\/www.arenasolutions.com\/fr\/contact-us-conf\/#primaryimage\"},\"image\":{\"@id\":\"https:\/\/www.arenasolutions.com\/fr\/contact-us-conf\/#primaryimage\"},\"thumbnailUrl\":\"https:\/\/www.arenasolutions.com\/wp-content\/uploads\/Arena_by_PTC.png\",\"datePublished\":\"2023-09-08T15:01:46+00:00\",\"dateModified\":\"2026-04-02T13:16:52+00:00\",\"description\":\"Bienvenue dans Arena\u00a0Solutions. Merci de nous avoir contact\u00e9s. Veuillez indiquer vos coordonn\u00e9es, y compris votre titre, votre num\u00e9ro de t\u00e9l\u00e9phone, votre adresse e-mail, le nom de votre entreprise, ainsi qu\u2019une br\u00e8ve description du sujet qui vous int\u00e9resse. Un membre de l\u2019\u00e9quipe Arena\u00a0Solutions vous contactera prochainement.\",\"breadcrumb\":{\"@id\":\"https:\/\/www.arenasolutions.com\/fr\/contact-us-conf\/#breadcrumb\"},\"inLanguage\":\"fr-FR\",\"potentialAction\":[{\"@type\":\"ReadAction\",\"target\":[\"https:\/\/www.arenasolutions.com\/fr\/contact-us-conf\/\"]}]},{\"@type\":\"ImageObject\",\"inLanguage\":\"fr-FR\",\"@id\":\"https:\/\/www.arenasolutions.com\/fr\/contact-us-conf\/#primaryimage\",\"url\":\"https:\/\/www.arenasolutions.com\/wp-content\/uploads\/Arena_by_PTC.png\",\"contentUrl\":\"https:\/\/www.arenasolutions.com\/wp-content\/uploads\/Arena_by_PTC.png\",\"width\":2404,\"height\":841,\"caption\":\"Logo-Arena by PTC\"},{\"@type\":\"BreadcrumbList\",\"@id\":\"https:\/\/www.arenasolutions.com\/fr\/contact-us-conf\/#breadcrumb\",\"itemListElement\":[{\"@type\":\"ListItem\",\"position\":1,\"name\":\"Home\",\"item\":\"https:\/\/www.arenasolutions.com\/fr\/\"},{\"@type\":\"ListItem\",\"position\":2,\"name\":\"Contact Us Conf\"}]},{\"@type\":\"WebSite\",\"@id\":\"https:\/\/www.arenasolutions.com\/fr\/#website\",\"url\":\"https:\/\/www.arenasolutions.com\/fr\/\",\"name\":\"Arena\",\"description\":\"Arena helps companies design, produce, and deliver innovative products fast.\",\"publisher\":{\"@id\":\"https:\/\/www.arenasolutions.com\/fr\/#organization\"},\"potentialAction\":[{\"@type\":\"SearchAction\",\"target\":{\"@type\":\"EntryPoint\",\"urlTemplate\":\"https:\/\/www.arenasolutions.com\/fr\/?s={search_term_string}\"},\"query-input\":{\"@type\":\"PropertyValueSpecification\",\"valueRequired\":true,\"valueName\":\"search_term_string\"}}],\"inLanguage\":\"fr-FR\"},{\"@type\":\"Organization\",\"@id\":\"https:\/\/www.arenasolutions.com\/fr\/#organization\",\"name\":\"Arena, a PTC Business\",\"url\":\"https:\/\/www.arenasolutions.com\/fr\/\",\"logo\":{\"@type\":\"ImageObject\",\"inLanguage\":\"fr-FR\",\"@id\":\"https:\/\/www.arenasolutions.com\/fr\/#\/schema\/logo\/image\/\",\"url\":\"https:\/\/www.arenasolutions.com\/wp-content\/uploads\/arena-logo-navbar.png\",\"contentUrl\":\"https:\/\/www.arenasolutions.com\/wp-content\/uploads\/arena-logo-navbar.png\",\"width\":247,\"height\":77,\"caption\":\"Arena, a PTC Business\"},\"image\":{\"@id\":\"https:\/\/www.arenasolutions.com\/fr\/#\/schema\/logo\/image\/\"},\"sameAs\":[\"https:\/\/www.facebook.com\/arenasolutions\/\",\"https:\/\/x.com\/arenasolutions\",\"https:\/\/www.linkedin.com\/company\/12524\",\"https:\/\/www.youtube.com\/user\/Arenasolutions\"]}]}<\/script>\n<!-- \/ Yoast SEO Premium plugin. -->","yoast_head_json":{"title":"Contacter Arena \u2014 Nous sommes l\u00e0 pour vous aider\u00a0|\u00a0Arena","description":"Bienvenue dans Arena\u00a0Solutions. Merci de nous avoir contact\u00e9s. Veuillez indiquer vos coordonn\u00e9es, y compris votre titre, votre num\u00e9ro de t\u00e9l\u00e9phone, votre adresse e-mail, le nom de votre entreprise, ainsi qu\u2019une br\u00e8ve description du sujet qui vous int\u00e9resse. Un membre de l\u2019\u00e9quipe Arena\u00a0Solutions vous contactera prochainement.","robots":{"index":"noindex","follow":"nofollow"},"og_locale":"fr_FR","og_type":"article","og_title":"Contact Us Conf","og_description":"Bienvenue dans Arena\u00a0Solutions. Merci de nous avoir contact\u00e9s. Veuillez indiquer vos coordonn\u00e9es, y compris votre titre, votre num\u00e9ro de t\u00e9l\u00e9phone, votre adresse e-mail, le nom de votre entreprise, ainsi qu\u2019une br\u00e8ve description du sujet qui vous int\u00e9resse. Un membre de l\u2019\u00e9quipe Arena\u00a0Solutions vous contactera prochainement.","og_url":"https:\/\/www.arenasolutions.com\/fr\/contact-us-conf\/","og_site_name":"Arena","article_publisher":"https:\/\/www.facebook.com\/arenasolutions\/","article_modified_time":"2026-04-02T13:16:52+00:00","og_image":[{"width":2404,"height":841,"url":"https:\/\/www.arenasolutions.com\/wp-content\/uploads\/Arena_by_PTC.png","type":"image\/png"}],"twitter_card":"summary_large_image","twitter_site":"@arenasolutions","twitter_misc":{"Dur\u00e9e de lecture estim\u00e9e":"3 minutes"},"schema":{"@context":"https:\/\/schema.org","@graph":[{"@type":"WebPage","@id":"https:\/\/www.arenasolutions.com\/fr\/contact-us-conf\/","url":"https:\/\/www.arenasolutions.com\/fr\/contact-us-conf\/","name":"Contacter Arena \u2014 Nous sommes l\u00e0 pour vous aider\u00a0|\u00a0Arena","isPartOf":{"@id":"https:\/\/www.arenasolutions.com\/fr\/#website"},"primaryImageOfPage":{"@id":"https:\/\/www.arenasolutions.com\/fr\/contact-us-conf\/#primaryimage"},"image":{"@id":"https:\/\/www.arenasolutions.com\/fr\/contact-us-conf\/#primaryimage"},"thumbnailUrl":"https:\/\/www.arenasolutions.com\/wp-content\/uploads\/Arena_by_PTC.png","datePublished":"2023-09-08T15:01:46+00:00","dateModified":"2026-04-02T13:16:52+00:00","description":"Bienvenue dans Arena\u00a0Solutions. Merci de nous avoir contact\u00e9s. Veuillez indiquer vos coordonn\u00e9es, y compris votre titre, votre num\u00e9ro de t\u00e9l\u00e9phone, votre adresse e-mail, le nom de votre entreprise, ainsi qu\u2019une br\u00e8ve description du sujet qui vous int\u00e9resse. Un membre de l\u2019\u00e9quipe Arena\u00a0Solutions vous contactera prochainement.","breadcrumb":{"@id":"https:\/\/www.arenasolutions.com\/fr\/contact-us-conf\/#breadcrumb"},"inLanguage":"fr-FR","potentialAction":[{"@type":"ReadAction","target":["https:\/\/www.arenasolutions.com\/fr\/contact-us-conf\/"]}]},{"@type":"ImageObject","inLanguage":"fr-FR","@id":"https:\/\/www.arenasolutions.com\/fr\/contact-us-conf\/#primaryimage","url":"https:\/\/www.arenasolutions.com\/wp-content\/uploads\/Arena_by_PTC.png","contentUrl":"https:\/\/www.arenasolutions.com\/wp-content\/uploads\/Arena_by_PTC.png","width":2404,"height":841,"caption":"Logo-Arena by PTC"},{"@type":"BreadcrumbList","@id":"https:\/\/www.arenasolutions.com\/fr\/contact-us-conf\/#breadcrumb","itemListElement":[{"@type":"ListItem","position":1,"name":"Home","item":"https:\/\/www.arenasolutions.com\/fr\/"},{"@type":"ListItem","position":2,"name":"Contact Us Conf"}]},{"@type":"WebSite","@id":"https:\/\/www.arenasolutions.com\/fr\/#website","url":"https:\/\/www.arenasolutions.com\/fr\/","name":"Arena","description":"Arena helps companies design, produce, and deliver innovative products fast.","publisher":{"@id":"https:\/\/www.arenasolutions.com\/fr\/#organization"},"potentialAction":[{"@type":"SearchAction","target":{"@type":"EntryPoint","urlTemplate":"https:\/\/www.arenasolutions.com\/fr\/?s={search_term_string}"},"query-input":{"@type":"PropertyValueSpecification","valueRequired":true,"valueName":"search_term_string"}}],"inLanguage":"fr-FR"},{"@type":"Organization","@id":"https:\/\/www.arenasolutions.com\/fr\/#organization","name":"Arena, a PTC Business","url":"https:\/\/www.arenasolutions.com\/fr\/","logo":{"@type":"ImageObject","inLanguage":"fr-FR","@id":"https:\/\/www.arenasolutions.com\/fr\/#\/schema\/logo\/image\/","url":"https:\/\/www.arenasolutions.com\/wp-content\/uploads\/arena-logo-navbar.png","contentUrl":"https:\/\/www.arenasolutions.com\/wp-content\/uploads\/arena-logo-navbar.png","width":247,"height":77,"caption":"Arena, a PTC Business"},"image":{"@id":"https:\/\/www.arenasolutions.com\/fr\/#\/schema\/logo\/image\/"},"sameAs":["https:\/\/www.facebook.com\/arenasolutions\/","https:\/\/x.com\/arenasolutions","https:\/\/www.linkedin.com\/company\/12524","https:\/\/www.youtube.com\/user\/Arenasolutions"]}]}},"_links":{"self":[{"href":"https:\/\/www.arenasolutions.com\/fr\/wp-json\/wp\/v2\/pages\/36202","targetHints":{"allow":["GET"]}}],"collection":[{"href":"https:\/\/www.arenasolutions.com\/fr\/wp-json\/wp\/v2\/pages"}],"about":[{"href":"https:\/\/www.arenasolutions.com\/fr\/wp-json\/wp\/v2\/types\/page"}],"author":[{"embeddable":true,"href":"https:\/\/www.arenasolutions.com\/fr\/wp-json\/wp\/v2\/users\/55"}],"replies":[{"embeddable":true,"href":"https:\/\/www.arenasolutions.com\/fr\/wp-json\/wp\/v2\/comments?post=36202"}],"version-history":[{"count":4,"href":"https:\/\/www.arenasolutions.com\/fr\/wp-json\/wp\/v2\/pages\/36202\/revisions"}],"predecessor-version":[{"id":89626,"href":"https:\/\/www.arenasolutions.com\/fr\/wp-json\/wp\/v2\/pages\/36202\/revisions\/89626"}],"wp:featuredmedia":[{"embeddable":true,"href":"https:\/\/www.arenasolutions.com\/fr\/wp-json\/wp\/v2\/media\/88006"}],"wp:attachment":[{"href":"https:\/\/www.arenasolutions.com\/fr\/wp-json\/wp\/v2\/media?parent=36202"}],"curies":[{"name":"wp","href":"https:\/\/api.w.org\/{rel}","templated":true}]}}