{"id":36158,"date":"2023-09-08T08:01:26","date_gmt":"2023-09-08T15:01:26","guid":{"rendered":"https:\/\/www.arenasolutions.com\/get-plm-demo-conf\/"},"modified":"2026-04-02T06:16:50","modified_gmt":"2026-04-02T13:16:50","slug":"get-plm-demo-conf","status":"publish","type":"page","link":"https:\/\/www.arenasolutions.com\/fr\/plm-demo-conf\/","title":{"rendered":"Get PLM Demo Conf"},"content":{"rendered":"<p>[et_pb_section fb_built=\u00a0\u00bb1&Prime; disabled_on=\u00a0\u00bbon|off|off\u00a0\u00bb admin_label=\u00a0\u00bbhero section\u00a0\u00bb _builder_version=\u00a0\u00bb4.27.5&Prime; use_background_color_gradient=\u00a0\u00bbon\u00a0\u00bb background_color_gradient_stops=\u00a0\u00bb#ffffff 20%|#ececf0 100%\u00a0\u00bb background_enable_image=\u00a0\u00bboff\u00a0\u00bb custom_padding=\u00a0\u00bb30px||22px||false|false\u00a0\u00bb background_image_tablet=\u00a0\u00bbhttps:\/\/www.arenasolutions.com\/wp-content\/uploads\/green-background.jpg\u00a0\u00bb background_enable_image_tablet=\u00a0\u00bbon\u00a0\u00bb locked=\u00a0\u00bboff\u00a0\u00bb global_colors_info=\u00a0\u00bb{}\u00a0\u00bb title_text_tablet=\u00a0\u00bbgreen-background\u00a0\u00bb][et_pb_row _builder_version=\u00a0\u00bb4.27.5&Prime; custom_margin=\u00a0\u00bb||0px||false|false\u00a0\u00bb custom_padding=\u00a0\u00bb||7px|||\u00a0\u00bb locked=\u00a0\u00bboff\u00a0\u00bb global_colors_info=\u00a0\u00bb{}\u00a0\u00bb][et_pb_column type=\u00a0\u00bb4_4&Prime; _builder_version=\u00a0\u00bb4.16&Prime; global_colors_info=\u00a0\u00bb{}\u00a0\u00bb][et_pb_text admin_label=\u00a0\u00bbTitle\u00a0\u00bb _builder_version=\u00a0\u00bb4.27.5&Prime; _module_preset=\u00a0\u00bbdefault\u00a0\u00bb header_font_size=\u00a0\u00bb90px\u00a0\u00bb header_letter_spacing=\u00a0\u00bb1px\u00a0\u00bb header_line_height=\u00a0\u00bb1.1em\u00a0\u00bb header_2_letter_spacing=\u00a0\u00bb1px\u00a0\u00bb header_2_line_height=\u00a0\u00bb1.1em\u00a0\u00bb custom_margin=\u00a0\u00bb2px||13px||false|false\u00a0\u00bb header_font_size_tablet=\u00a0\u00bb65px\u00a0\u00bb header_font_size_phone=\u00a0\u00bb40px\u00a0\u00bb header_font_size_last_edited=\u00a0\u00bbon|phone\u00a0\u00bb locked=\u00a0\u00bboff\u00a0\u00bb global_colors_info=\u00a0\u00bb{}\u00a0\u00bb]<\/p>\n<h1>Voir Arena en action<\/h1>\n<p>[\/et_pb_text][\/et_pb_column][\/et_pb_row][\/et_pb_section][et_pb_section fb_built=\u00a0\u00bb1&Prime; _builder_version=\u00a0\u00bb4.27.5&Prime; custom_padding=\u00a0\u00bb100px||50px||false|false\u00a0\u00bb top_divider_style=\u00a0\u00bbarrow\u00a0\u00bb top_divider_color=\u00a0\u00bb#ececf0&Prime; global_colors_info=\u00a0\u00bb{}\u00a0\u00bb][et_pb_row _builder_version=\u00a0\u00bb4.27.5&Prime; custom_margin=\u00a0\u00bb100px||100px||false|false\u00a0\u00bb custom_padding=\u00a0\u00bb0px||0px||false|false\u00a0\u00bb global_colors_info=\u00a0\u00bb{}\u00a0\u00bb][et_pb_column type=\u00a0\u00bb4_4&Prime; _builder_version=\u00a0\u00bb4.16&Prime; global_colors_info=\u00a0\u00bb{}\u00a0\u00bb][et_pb_text _builder_version=\u00a0\u00bb4.27.5&Prime; header_text_align=\u00a0\u00bbcenter\u00a0\u00bb header_2_text_align=\u00a0\u00bbcenter\u00a0\u00bb header_3_text_align=\u00a0\u00bbcenter\u00a0\u00bb global_colors_info=\u00a0\u00bb{}\u00a0\u00bb]<\/p>\n<h1>Merci<\/h1>\n<p style=\"font-size: 25px !important; line-height: 34px !important; text-align: center;\">Nous avons bien re\u00e7u votre demande pour b\u00e9n\u00e9ficier d&rsquo;une d\u00e9monstration de PLM.<br \/>Nous vous contacterons dans les meilleurs d\u00e9lais.<\/p>\n<p>[\/et_pb_text][\/et_pb_column][\/et_pb_row][\/et_pb_section][et_pb_section fb_built=\u00a0\u00bb1&Prime; admin_label=\u00a0\u00bbGet The How To Buy Guide\u00a0\u00bb module_class=\u00a0\u00bbcta-section locale-hide-cn\u00a0\u00bb _builder_version=\u00a0\u00bb4.27.5&Prime; _module_preset=\u00a0\u00bbdefault\u00a0\u00bb background_color=\u00a0\u00bbRGBA(255,255,255,0)\u00a0\u00bb use_background_color_gradient=\u00a0\u00bbon\u00a0\u00bb background_color_gradient_stops=\u00a0\u00bbrgba(255,255,255,0) 50%|#ffffff 100%\u00a0\u00bb background_color_gradient_overlays_image=\u00a0\u00bbon\u00a0\u00bb background_image=\u00a0\u00bbhttps:\/\/www.arenasolutions.com\/wp-content\/uploads\/connections.jpg\u00a0\u00bb custom_margin=\u00a0\u00bb15px||40px||false|false\u00a0\u00bb custom_padding=\u00a0\u00bb10px||0px||false|false\u00a0\u00bb link_option_url=\u00a0\u00bb\/platform\/plm\/comparison\/\u00a0\u00bb global_module=\u00a0\u00bb81578&Prime; saved_tabs=\u00a0\u00bball\u00a0\u00bb locked=\u00a0\u00bboff\u00a0\u00bb collapsed=\u00a0\u00bboff\u00a0\u00bb global_colors_info=\u00a0\u00bb{}\u00a0\u00bb][et_pb_row column_structure=\u00a0\u00bb1_2,1_2&Prime; use_custom_gutter=\u00a0\u00bbon\u00a0\u00bb gutter_width=\u00a0\u00bb1&Prime; make_equal=\u00a0\u00bbon\u00a0\u00bb _builder_version=\u00a0\u00bb4.27.4&Prime; _module_preset=\u00a0\u00bbdefault\u00a0\u00bb module_alignment=\u00a0\u00bbcenter\u00a0\u00bb custom_margin=\u00a0\u00bb39px|auto||auto||\u00a0\u00bb custom_padding=\u00a0\u00bb0px||0px||false|false\u00a0\u00bb module_alignment_tablet=\u00a0\u00bbcenter\u00a0\u00bb module_alignment_phone=\u00a0\u00bbcenter\u00a0\u00bb module_alignment_last_edited=\u00a0\u00bboff|desktop\u00a0\u00bb global_colors_info=\u00a0\u00bb{}\u00a0\u00bb][et_pb_column type=\u00a0\u00bb1_2&Prime; _builder_version=\u00a0\u00bb4.27.4&Prime; _module_preset=\u00a0\u00bbdefault\u00a0\u00bb custom_padding=\u00a0\u00bb|40px|||false|false\u00a0\u00bb custom_padding_tablet=\u00a0\u00bb|0px|||false|false\u00a0\u00bb custom_padding_phone=\u00a0\u00bb\u00a0\u00bb custom_padding_last_edited=\u00a0\u00bbon|tablet\u00a0\u00bb custom_css_main_element=\u00a0\u00bbdisplay: grid;||align-content: center;\u00a0\u00bb border_width_right=\u00a0\u00bb1px\u00a0\u00bb border_color_right=\u00a0\u00bb#3d4647&Prime; border_width_right_tablet=\u00a0\u00bb0px\u00a0\u00bb border_width_right_phone=\u00a0\u00bb\u00a0\u00bb border_width_right_last_edited=\u00a0\u00bbon|tablet\u00a0\u00bb global_colors_info=\u00a0\u00bb{}\u00a0\u00bb][et_pb_text content_tablet=\u00a0\u00bb<\/p>\n<h2 style=%22text-align: center;%22><span style=%22color: #000000;%22>Obtenir le <\/span><span style=%22color: #000000;%22>guide d\u2019achat<\/span><\/h2>\n<p>\u00a0\u00bb content_phone=\u00a0\u00bb<\/p>\n<h2 style=%22text-align: center;%22><span style=%22color: #000000;%22>Obtenir le <\/span><span style=%22color: #000000;%22>guide d\u2019achat<\/span><\/h2>\n<p>\u00a0\u00bb content_last_edited=\u00a0\u00bbon|phone\u00a0\u00bb _builder_version=\u00a0\u00bb4.27.4&Prime; _module_preset=\u00a0\u00bbdefault\u00a0\u00bb header_2_text_align=\u00a0\u00bbright\u00a0\u00bb header_2_text_color=\u00a0\u00bb#262752&Prime; header_2_font_size=\u00a0\u00bb65px\u00a0\u00bb custom_padding=\u00a0\u00bb||||false|true\u00a0\u00bb header_2_text_align_tablet=\u00a0\u00bbcenter\u00a0\u00bb header_2_text_align_phone=\u00a0\u00bb\u00a0\u00bb header_2_text_align_last_edited=\u00a0\u00bbon|phone\u00a0\u00bb header_2_font_size_tablet=\u00a0\u00bb55px\u00a0\u00bb header_2_font_size_phone=\u00a0\u00bb45px\u00a0\u00bb header_2_font_size_last_edited=\u00a0\u00bbon|phone\u00a0\u00bb global_colors_info=\u00a0\u00bb{}\u00a0\u00bb]<\/p>\n<h2 style=\"text-align: right;\"><span style=\"color: #000000;\">Obtenir le <\/span><span style=\"color: #000000;\">guide d\u2019achat<\/span><\/h2>\n<p>[\/et_pb_text][\/et_pb_column][et_pb_column type=\u00a0\u00bb1_2&Prime; _builder_version=\u00a0\u00bb4.27.4&Prime; _module_preset=\u00a0\u00bbdefault\u00a0\u00bb custom_padding=\u00a0\u00bb30px||30px|40px|false|false\u00a0\u00bb custom_padding_tablet=\u00a0\u00bb|||0px|false|false\u00a0\u00bb custom_padding_phone=\u00a0\u00bb\u00a0\u00bb custom_padding_last_edited=\u00a0\u00bbon|tablet\u00a0\u00bb custom_css_main_element=\u00a0\u00bbdisplay: grid;||align-content: center;\u00a0\u00bb global_colors_info=\u00a0\u00bb{}\u00a0\u00bb][et_pb_text content_tablet=\u00a0\u00bb<\/p>\n<p style=%22margin-bottom: 0px !important; text-align: center;%22>D\u00e9couvrez comment \u00e9valuer et s\u00e9lectionner le logiciel cloud le plus adapt\u00e9 aux besoins de votre entreprise.<\/p>\n<p>\u00a0\u00bb content_phone=\u00a0\u00bb<\/p>\n<p style=%22margin-bottom: 0px !important; text-align: center;%22>D\u00e9couvrez comment \u00e9valuer et s\u00e9lectionner le logiciel cloud le plus adapt\u00e9 aux besoins de votre entreprise.<\/p>\n<p>\u00a0\u00bb content_last_edited=\u00a0\u00bbon|phone\u00a0\u00bb _builder_version=\u00a0\u00bb4.27.4&Prime; _module_preset=\u00a0\u00bbdefault\u00a0\u00bb text_text_color=\u00a0\u00bb#000000&Prime; text_font_size=\u00a0\u00bb22px\u00a0\u00bb text_letter_spacing=\u00a0\u00bb1px\u00a0\u00bb text_line_height=\u00a0\u00bb1.5em\u00a0\u00bb custom_padding=\u00a0\u00bb||||false|false\u00a0\u00bb header_2_text_align_tablet=\u00a0\u00bbcenter\u00a0\u00bb header_2_text_align_phone=\u00a0\u00bb\u00a0\u00bb header_2_text_align_last_edited=\u00a0\u00bbon|tablet\u00a0\u00bb text_orientation_tablet=\u00a0\u00bbcenter\u00a0\u00bb text_orientation_phone=\u00a0\u00bbright\u00a0\u00bb text_orientation_last_edited=\u00a0\u00bbon|tablet\u00a0\u00bb global_colors_info=\u00a0\u00bb{}\u00a0\u00bb]<\/p>\n<p style=\"margin-bottom: 0 !important;\">D\u00e9couvrez comment \u00e9valuer et s\u00e9lectionner le logiciel cloud le plus adapt\u00e9 aux besoins de votre entreprise.<\/p>\n<p>[\/et_pb_text][et_pb_button button_url=\u00a0\u00bb\/how-to-buy-the-right-software\/\u00a0\u00bb button_text=\u00a0\u00bbVoir le guide d&#039;achat\u00a0\u00bb button_alignment=\u00a0\u00bbleft\u00a0\u00bb button_alignment_tablet=\u00a0\u00bbcenter\u00a0\u00bb button_alignment_phone=\u00a0\u00bbcenter\u00a0\u00bb button_alignment_last_edited=\u00a0\u00bbon|phone\u00a0\u00bb module_class=\u00a0\u00bbwhite-button purple-outline\u00a0\u00bb _builder_version=\u00a0\u00bb4.27.4&Prime; _module_preset=\u00a0\u00bb4c2f8ab8-927e-4f51-bf53-cc50ffad1cc7&Prime; custom_margin=\u00a0\u00bb20px||||false|false\u00a0\u00bb global_colors_info=\u00a0\u00bb{}\u00a0\u00bb][\/et_pb_button][\/et_pb_column][\/et_pb_row][\/et_pb_section]<\/p>\n","protected":false},"excerpt":{"rendered":"<p>Voir Arena en action Merci Nous avons bien re\u00e7u votre demande pour b\u00e9n\u00e9ficier d&rsquo;une d\u00e9monstration de PLM.Nous vous contacterons dans les meilleurs d\u00e9lais. Obtenir le guide d\u2019achat D\u00e9couvrez&#8230;<\/p>\n","protected":false},"author":61,"featured_media":88006,"parent":0,"menu_order":0,"comment_status":"closed","ping_status":"closed","template":"divi.php","meta":{"_acf_changed":false,"_et_pb_use_builder":"on","_et_pb_old_content":"","_et_gb_content_width":"","footnotes":""},"class_list":["post-36158","page","type-page","status-publish","has-post-thumbnail","hentry"],"acf":[],"yoast_head":"<!-- This site is optimized with the Yoast SEO Premium plugin v27.2 (Yoast SEO v27.2) - https:\/\/yoast.com\/product\/yoast-seo-premium-wordpress\/ -->\n<title>Obtenir une d\u00e9monstration de PLM - Confirmation | Arena<\/title>\n<meta name=\"description\" content=\"Merci d&#039;avoir soumis votre demande pour b\u00e9n\u00e9ficier d&#039;une d\u00e9monstration de PLM. Arena vous permet de commercialiser des produits innovants en acc\u00e9l\u00e9rant le processus de d\u00e9veloppement, en \u00e9liminant les probl\u00e8mes de qualit\u00e9 et en am\u00e9liorant la rentabilit\u00e9.\" \/>\n<meta name=\"robots\" content=\"noindex, nofollow\" \/>\n<meta property=\"og:locale\" content=\"fr_FR\" \/>\n<meta property=\"og:type\" content=\"article\" \/>\n<meta property=\"og:title\" content=\"Get PLM Demo Conf\" \/>\n<meta property=\"og:description\" content=\"Merci d&#039;avoir soumis votre demande pour b\u00e9n\u00e9ficier d&#039;une d\u00e9monstration de PLM. Arena vous permet de commercialiser des produits innovants en acc\u00e9l\u00e9rant le processus de d\u00e9veloppement, en \u00e9liminant les probl\u00e8mes de qualit\u00e9 et en am\u00e9liorant la rentabilit\u00e9.\" \/>\n<meta property=\"og:url\" content=\"https:\/\/www.arenasolutions.com\/fr\/plm-demo-conf\/\" \/>\n<meta property=\"og:site_name\" content=\"Arena\" \/>\n<meta property=\"article:publisher\" content=\"https:\/\/www.facebook.com\/arenasolutions\/\" \/>\n<meta property=\"article:modified_time\" content=\"2026-04-02T13:16:50+00:00\" \/>\n<meta property=\"og:image\" content=\"https:\/\/www.arenasolutions.com\/wp-content\/uploads\/Arena_by_PTC.png\" \/>\n\t<meta property=\"og:image:width\" content=\"2404\" \/>\n\t<meta property=\"og:image:height\" content=\"841\" \/>\n\t<meta property=\"og:image:type\" content=\"image\/png\" \/>\n<meta name=\"twitter:card\" content=\"summary_large_image\" \/>\n<meta name=\"twitter:site\" content=\"@arenasolutions\" \/>\n<meta name=\"twitter:label1\" content=\"Dur\u00e9e de lecture estim\u00e9e\" \/>\n\t<meta name=\"twitter:data1\" content=\"1 minute\" \/>\n<script type=\"application\/ld+json\" class=\"yoast-schema-graph\">{\"@context\":\"https:\/\/schema.org\",\"@graph\":[{\"@type\":\"WebPage\",\"@id\":\"https:\/\/www.arenasolutions.com\/fr\/plm-demo-conf\/\",\"url\":\"https:\/\/www.arenasolutions.com\/fr\/plm-demo-conf\/\",\"name\":\"Obtenir une d\u00e9monstration de PLM - Confirmation | Arena\",\"isPartOf\":{\"@id\":\"https:\/\/www.arenasolutions.com\/fr\/#website\"},\"primaryImageOfPage\":{\"@id\":\"https:\/\/www.arenasolutions.com\/fr\/plm-demo-conf\/#primaryimage\"},\"image\":{\"@id\":\"https:\/\/www.arenasolutions.com\/fr\/plm-demo-conf\/#primaryimage\"},\"thumbnailUrl\":\"https:\/\/www.arenasolutions.com\/wp-content\/uploads\/Arena_by_PTC.png\",\"datePublished\":\"2023-09-08T15:01:26+00:00\",\"dateModified\":\"2026-04-02T13:16:50+00:00\",\"description\":\"Merci d'avoir soumis votre demande pour b\u00e9n\u00e9ficier d'une d\u00e9monstration de PLM. Arena vous permet de commercialiser des produits innovants en acc\u00e9l\u00e9rant le processus de d\u00e9veloppement, en \u00e9liminant les probl\u00e8mes de qualit\u00e9 et en am\u00e9liorant la rentabilit\u00e9.\",\"breadcrumb\":{\"@id\":\"https:\/\/www.arenasolutions.com\/fr\/plm-demo-conf\/#breadcrumb\"},\"inLanguage\":\"fr-FR\",\"potentialAction\":[{\"@type\":\"ReadAction\",\"target\":[\"https:\/\/www.arenasolutions.com\/fr\/plm-demo-conf\/\"]}]},{\"@type\":\"ImageObject\",\"inLanguage\":\"fr-FR\",\"@id\":\"https:\/\/www.arenasolutions.com\/fr\/plm-demo-conf\/#primaryimage\",\"url\":\"https:\/\/www.arenasolutions.com\/wp-content\/uploads\/Arena_by_PTC.png\",\"contentUrl\":\"https:\/\/www.arenasolutions.com\/wp-content\/uploads\/Arena_by_PTC.png\",\"width\":2404,\"height\":841,\"caption\":\"Logo-Arena by PTC\"},{\"@type\":\"BreadcrumbList\",\"@id\":\"https:\/\/www.arenasolutions.com\/fr\/plm-demo-conf\/#breadcrumb\",\"itemListElement\":[{\"@type\":\"ListItem\",\"position\":1,\"name\":\"Home\",\"item\":\"https:\/\/www.arenasolutions.com\/fr\/\"},{\"@type\":\"ListItem\",\"position\":2,\"name\":\"Get PLM Demo Conf\"}]},{\"@type\":\"WebSite\",\"@id\":\"https:\/\/www.arenasolutions.com\/fr\/#website\",\"url\":\"https:\/\/www.arenasolutions.com\/fr\/\",\"name\":\"Arena\",\"description\":\"Arena helps companies design, produce, and deliver innovative products fast.\",\"publisher\":{\"@id\":\"https:\/\/www.arenasolutions.com\/fr\/#organization\"},\"potentialAction\":[{\"@type\":\"SearchAction\",\"target\":{\"@type\":\"EntryPoint\",\"urlTemplate\":\"https:\/\/www.arenasolutions.com\/fr\/?s={search_term_string}\"},\"query-input\":{\"@type\":\"PropertyValueSpecification\",\"valueRequired\":true,\"valueName\":\"search_term_string\"}}],\"inLanguage\":\"fr-FR\"},{\"@type\":\"Organization\",\"@id\":\"https:\/\/www.arenasolutions.com\/fr\/#organization\",\"name\":\"Arena, a PTC Business\",\"url\":\"https:\/\/www.arenasolutions.com\/fr\/\",\"logo\":{\"@type\":\"ImageObject\",\"inLanguage\":\"fr-FR\",\"@id\":\"https:\/\/www.arenasolutions.com\/fr\/#\/schema\/logo\/image\/\",\"url\":\"https:\/\/www.arenasolutions.com\/wp-content\/uploads\/arena-logo-navbar.png\",\"contentUrl\":\"https:\/\/www.arenasolutions.com\/wp-content\/uploads\/arena-logo-navbar.png\",\"width\":247,\"height\":77,\"caption\":\"Arena, a PTC Business\"},\"image\":{\"@id\":\"https:\/\/www.arenasolutions.com\/fr\/#\/schema\/logo\/image\/\"},\"sameAs\":[\"https:\/\/www.facebook.com\/arenasolutions\/\",\"https:\/\/x.com\/arenasolutions\",\"https:\/\/www.linkedin.com\/company\/12524\",\"https:\/\/www.youtube.com\/user\/Arenasolutions\"]}]}<\/script>\n<!-- \/ Yoast SEO Premium plugin. -->","yoast_head_json":{"title":"Obtenir une d\u00e9monstration de PLM - Confirmation | Arena","description":"Merci d'avoir soumis votre demande pour b\u00e9n\u00e9ficier d'une d\u00e9monstration de PLM. Arena vous permet de commercialiser des produits innovants en acc\u00e9l\u00e9rant le processus de d\u00e9veloppement, en \u00e9liminant les probl\u00e8mes de qualit\u00e9 et en am\u00e9liorant la rentabilit\u00e9.","robots":{"index":"noindex","follow":"nofollow"},"og_locale":"fr_FR","og_type":"article","og_title":"Get PLM Demo Conf","og_description":"Merci d'avoir soumis votre demande pour b\u00e9n\u00e9ficier d'une d\u00e9monstration de PLM. Arena vous permet de commercialiser des produits innovants en acc\u00e9l\u00e9rant le processus de d\u00e9veloppement, en \u00e9liminant les probl\u00e8mes de qualit\u00e9 et en am\u00e9liorant la rentabilit\u00e9.","og_url":"https:\/\/www.arenasolutions.com\/fr\/plm-demo-conf\/","og_site_name":"Arena","article_publisher":"https:\/\/www.facebook.com\/arenasolutions\/","article_modified_time":"2026-04-02T13:16:50+00:00","og_image":[{"width":2404,"height":841,"url":"https:\/\/www.arenasolutions.com\/wp-content\/uploads\/Arena_by_PTC.png","type":"image\/png"}],"twitter_card":"summary_large_image","twitter_site":"@arenasolutions","twitter_misc":{"Dur\u00e9e de lecture estim\u00e9e":"1 minute"},"schema":{"@context":"https:\/\/schema.org","@graph":[{"@type":"WebPage","@id":"https:\/\/www.arenasolutions.com\/fr\/plm-demo-conf\/","url":"https:\/\/www.arenasolutions.com\/fr\/plm-demo-conf\/","name":"Obtenir une d\u00e9monstration de PLM - Confirmation | Arena","isPartOf":{"@id":"https:\/\/www.arenasolutions.com\/fr\/#website"},"primaryImageOfPage":{"@id":"https:\/\/www.arenasolutions.com\/fr\/plm-demo-conf\/#primaryimage"},"image":{"@id":"https:\/\/www.arenasolutions.com\/fr\/plm-demo-conf\/#primaryimage"},"thumbnailUrl":"https:\/\/www.arenasolutions.com\/wp-content\/uploads\/Arena_by_PTC.png","datePublished":"2023-09-08T15:01:26+00:00","dateModified":"2026-04-02T13:16:50+00:00","description":"Merci d'avoir soumis votre demande pour b\u00e9n\u00e9ficier d'une d\u00e9monstration de PLM. Arena vous permet de commercialiser des produits innovants en acc\u00e9l\u00e9rant le processus de d\u00e9veloppement, en \u00e9liminant les probl\u00e8mes de qualit\u00e9 et en am\u00e9liorant la rentabilit\u00e9.","breadcrumb":{"@id":"https:\/\/www.arenasolutions.com\/fr\/plm-demo-conf\/#breadcrumb"},"inLanguage":"fr-FR","potentialAction":[{"@type":"ReadAction","target":["https:\/\/www.arenasolutions.com\/fr\/plm-demo-conf\/"]}]},{"@type":"ImageObject","inLanguage":"fr-FR","@id":"https:\/\/www.arenasolutions.com\/fr\/plm-demo-conf\/#primaryimage","url":"https:\/\/www.arenasolutions.com\/wp-content\/uploads\/Arena_by_PTC.png","contentUrl":"https:\/\/www.arenasolutions.com\/wp-content\/uploads\/Arena_by_PTC.png","width":2404,"height":841,"caption":"Logo-Arena by PTC"},{"@type":"BreadcrumbList","@id":"https:\/\/www.arenasolutions.com\/fr\/plm-demo-conf\/#breadcrumb","itemListElement":[{"@type":"ListItem","position":1,"name":"Home","item":"https:\/\/www.arenasolutions.com\/fr\/"},{"@type":"ListItem","position":2,"name":"Get PLM Demo Conf"}]},{"@type":"WebSite","@id":"https:\/\/www.arenasolutions.com\/fr\/#website","url":"https:\/\/www.arenasolutions.com\/fr\/","name":"Arena","description":"Arena helps companies design, produce, and deliver innovative products fast.","publisher":{"@id":"https:\/\/www.arenasolutions.com\/fr\/#organization"},"potentialAction":[{"@type":"SearchAction","target":{"@type":"EntryPoint","urlTemplate":"https:\/\/www.arenasolutions.com\/fr\/?s={search_term_string}"},"query-input":{"@type":"PropertyValueSpecification","valueRequired":true,"valueName":"search_term_string"}}],"inLanguage":"fr-FR"},{"@type":"Organization","@id":"https:\/\/www.arenasolutions.com\/fr\/#organization","name":"Arena, a PTC Business","url":"https:\/\/www.arenasolutions.com\/fr\/","logo":{"@type":"ImageObject","inLanguage":"fr-FR","@id":"https:\/\/www.arenasolutions.com\/fr\/#\/schema\/logo\/image\/","url":"https:\/\/www.arenasolutions.com\/wp-content\/uploads\/arena-logo-navbar.png","contentUrl":"https:\/\/www.arenasolutions.com\/wp-content\/uploads\/arena-logo-navbar.png","width":247,"height":77,"caption":"Arena, a PTC Business"},"image":{"@id":"https:\/\/www.arenasolutions.com\/fr\/#\/schema\/logo\/image\/"},"sameAs":["https:\/\/www.facebook.com\/arenasolutions\/","https:\/\/x.com\/arenasolutions","https:\/\/www.linkedin.com\/company\/12524","https:\/\/www.youtube.com\/user\/Arenasolutions"]}]}},"_links":{"self":[{"href":"https:\/\/www.arenasolutions.com\/fr\/wp-json\/wp\/v2\/pages\/36158","targetHints":{"allow":["GET"]}}],"collection":[{"href":"https:\/\/www.arenasolutions.com\/fr\/wp-json\/wp\/v2\/pages"}],"about":[{"href":"https:\/\/www.arenasolutions.com\/fr\/wp-json\/wp\/v2\/types\/page"}],"author":[{"embeddable":true,"href":"https:\/\/www.arenasolutions.com\/fr\/wp-json\/wp\/v2\/users\/61"}],"replies":[{"embeddable":true,"href":"https:\/\/www.arenasolutions.com\/fr\/wp-json\/wp\/v2\/comments?post=36158"}],"version-history":[{"count":4,"href":"https:\/\/www.arenasolutions.com\/fr\/wp-json\/wp\/v2\/pages\/36158\/revisions"}],"predecessor-version":[{"id":89614,"href":"https:\/\/www.arenasolutions.com\/fr\/wp-json\/wp\/v2\/pages\/36158\/revisions\/89614"}],"wp:featuredmedia":[{"embeddable":true,"href":"https:\/\/www.arenasolutions.com\/fr\/wp-json\/wp\/v2\/media\/88006"}],"wp:attachment":[{"href":"https:\/\/www.arenasolutions.com\/fr\/wp-json\/wp\/v2\/media?parent=36158"}],"curies":[{"name":"wp","href":"https:\/\/api.w.org\/{rel}","templated":true}]}}