{"id":35859,"date":"2023-09-08T07:52:38","date_gmt":"2023-09-08T14:52:38","guid":{"rendered":"https:\/\/www.arenasolutions.com\/engagement-de-niveau-de-service-slc-divi\/"},"modified":"2025-10-17T09:04:41","modified_gmt":"2025-10-17T16:04:41","slug":"engagement-de-niveau-de-service-slc-divi","status":"publish","type":"page","link":"https:\/\/www.arenasolutions.com\/fr\/slc\/","title":{"rendered":"Engagement de niveau de service \/slc\/\u2014 divi"},"content":{"rendered":"<p>[et_pb_section fb_built=\u00a0\u00bb1&Prime; _builder_version=\u00a0\u00bb4.4.6&Prime; global_colors_info=\u00a0\u00bb{}\u00a0\u00bb][et_pb_row _builder_version=\u00a0\u00bb4.4.6&Prime; global_colors_info=\u00a0\u00bb{}\u00a0\u00bb][et_pb_column type=\u00a0\u00bb4_4&Prime; _builder_version=\u00a0\u00bb4.4.6&Prime; global_colors_info=\u00a0\u00bb{}\u00a0\u00bb][et_pb_text _builder_version=\u00a0\u00bb4.9.2&Prime; global_colors_info=\u00a0\u00bb{}\u00a0\u00bb]<\/p>\n<section class=\"col-xs-12 no-padding\">\n<div class=\"area\">\n<div class=\"content\" style=\"padding-bottom: 30px;\">\n<h1>Engagement de niveau de service d&rsquo;Arena<\/h1>\n<p><u>Cr\u00e9dit<\/u>. Si son service PLM (le <strong>Service<\/strong>) est disponible moins de 99,5\u00a0% du temps au cours d&rsquo;un trimestre civil (tel que d\u00e9fini ci-dessous) (d\u00e9sign\u00e9 par <strong>Trimestre affect\u00e9<\/strong>), Arena autorise les clients affect\u00e9s par ces pannes \u00e0 demander un cr\u00e9dit de frais de Service comme indiqu\u00e9 ci-dessous (un <strong>Cr\u00e9dit<\/strong>). Arena publiera sur son site Web (<a href=\"https:\/\/status.arenasolutions.com\/uptime\">https:\/\/status.arenasolutions.com\/uptime<\/a>) un rapport indiquant le pourcentage de temps pendant lequel le Service a \u00e9t\u00e9 disponible au cours du trimestre civil le plus r\u00e9cent. Les clients ayant effectivement subi des pannes au cours d&rsquo;un Trimestre affect\u00e9 doivent demander par \u00e9crit leur Cr\u00e9dit dans les quinze (15) jours suivant la fin de ce trimestre. Ces clients recevront un Cr\u00e9dit \u00e9gal \u00e0 1,25\u00a0% de leurs frais annuels d&rsquo;unit\u00e9s de Service, qui sera plac\u00e9 sur un compte ouvert aupr\u00e8s d&rsquo;Arena. Ce montant cr\u00e9dit\u00e9 sera mis \u00e0 la disposition des clients concern\u00e9s \u00e0 la fin de chaque ann\u00e9e civile. Ce Cr\u00e9dit ne peut \u00eatre utilis\u00e9 que pour payer des unit\u00e9s de Service lors du renouvellement de l&rsquo;abonnement annuel. Le Cr\u00e9dit n&rsquo;est jamais octroy\u00e9 en esp\u00e8ces. Les clients doivent utiliser leur Cr\u00e9dit lors du prochain renouvellement annuel qui suit la date \u00e0 laquelle ce Cr\u00e9dit leur a \u00e9t\u00e9 accord\u00e9. Tout Cr\u00e9dit non utilis\u00e9 sera consid\u00e9r\u00e9 comme perdu.<\/p>\n<p><u>Calcul de la disponibilit\u00e9<\/u>. Le pourcentage de temps pendant lequel le Service est disponible sera d\u00e9termin\u00e9 comme suit\u00a0:<\/p>\n<ul>\n<li style=\"list-style-type: none;\">((T &#8211; \u2211O) \/ T) * 100<\/li>\n<\/ul>\n<p><strong>T<\/strong> repr\u00e9sente, pour tout trimestre civil, le nombre total de minutes pendant lesquelles le Service peut \u00eatre disponible au cours de ce trimestre civil, d\u00e9duction faite des interruptions programm\u00e9es.<\/p>\n<p><strong>O<\/strong> repr\u00e9sente, pour tout trimestre civil, les minutes \u00e9coul\u00e9es entre le d\u00e9but de chaque interruption qui survient au cours de ce trimestre et le moment o\u00f9 le Service est \u00e0 nouveau disponible. <strong>O<\/strong> n&rsquo;inclut pas les temps d&rsquo;arr\u00eat dus \u00e0 (i) des op\u00e9rations de maintenance programm\u00e9es ou \u00e0 (ii) d&rsquo;autres conditions \u00e9chappant au contr\u00f4le raisonnable d&rsquo;Arena, telles que, mais sans s&rsquo;y limiter\u00a0: pannes dues \u00e0 des probl\u00e8mes avec des applications qui n&rsquo;appartiennent pas \u00e0 Arena\u00a0; logiciels fournis par le client ou un partenaire du client\u00a0; acc\u00e8s r\u00e9seau fourni par le client\u00a0; Internet\u00a0; et autres \u00e9v\u00e9nements de force majeure.<\/p>\n<p>Le Service est <strong>Disponible<\/strong> si l&rsquo;application Arena PLM est accessible depuis l&rsquo;ext\u00e9rieur du r\u00e9seau Arena. Arena n&rsquo;est pas responsable de la disponibilit\u00e9 dans les locaux du client ou sur l&rsquo;infrastructure de l&rsquo;Internet public.<\/p>\n<p><u>Exclusions<\/u>. Arena peut modifier ce programme ou y mettre fin en publiant un avis de modification ou de r\u00e9siliation sur cette page.<\/p>\n<\/div>\n<\/div>\n<\/section>\n<p>[\/et_pb_text][\/et_pb_column][\/et_pb_row][\/et_pb_section][et_pb_section fb_built=\u00a0\u00bb1&Prime; admin_label=\u00a0\u00bbCTA &#8211; See Arena In Action\u00a0\u00bb module_class=\u00a0\u00bbcta-section blue-button footer-cta-section\u00a0\u00bb _builder_version=\u00a0\u00bb4.4.8&Prime; background_image=\u00a0\u00bbhttps:\/\/www.arenasolutions.com\/wp-content\/uploads\/orange-bg.jpg\u00a0\u00bb custom_padding=\u00a0\u00bb30px||30px||true|\u00a0\u00bb saved_tabs=\u00a0\u00bball\u00a0\u00bb locked=\u00a0\u00bboff\u00a0\u00bb collapsed=\u00a0\u00bbon\u00a0\u00bb global_colors_info=\u00a0\u00bb{}\u00a0\u00bb][et_pb_row column_structure=\u00a0\u00bb1_2,1_2&Prime; use_custom_gutter=\u00a0\u00bbon\u00a0\u00bb gutter_width=\u00a0\u00bb1&Prime; make_equal=\u00a0\u00bbon\u00a0\u00bb _builder_version=\u00a0\u00bb4.4.3&Prime; global_colors_info=\u00a0\u00bb{}\u00a0\u00bb][et_pb_column type=\u00a0\u00bb1_2&Prime; _builder_version=\u00a0\u00bb4.4.3&Prime; custom_padding=\u00a0\u00bb|40px|||false|false\u00a0\u00bb custom_padding_tablet=\u00a0\u00bb|0px|0px||false|false\u00a0\u00bb custom_padding_phone=\u00a0\u00bb\u00a0\u00bb custom_padding_last_edited=\u00a0\u00bbon|desktop\u00a0\u00bb custom_css_main_element=\u00a0\u00bbdisplay: grid;||align-content: center;\u00a0\u00bb border_width_right=\u00a0\u00bb1px\u00a0\u00bb border_color_right=\u00a0\u00bb#FFFFFF\u00a0\u00bb border_width_all_tablet=\u00a0\u00bb\u00a0\u00bb border_width_all_phone=\u00a0\u00bb\u00a0\u00bb border_width_all_last_edited=\u00a0\u00bbon|desktop\u00a0\u00bb border_width_right_tablet=\u00a0\u00bb0px\u00a0\u00bb border_width_right_phone=\u00a0\u00bb\u00a0\u00bb border_width_right_last_edited=\u00a0\u00bbon|tablet\u00a0\u00bb global_colors_info=\u00a0\u00bb{}\u00a0\u00bb custom_css_main_element_last_edited=\u00a0\u00bbon|tablet\u00a0\u00bb custom_css_main_element_tablet=\u00a0\u00bbpadding-bottom: 0 !important;\u00a0\u00bb][et_pb_text _builder_version=\u00a0\u00bb4.4.6&Prime; header_2_text_align=\u00a0\u00bbright\u00a0\u00bb header_2_text_color=\u00a0\u00bb#FFFFFF\u00a0\u00bb header_2_font_size=\u00a0\u00bb36px\u00a0\u00bb custom_padding=\u00a0\u00bb||||false|true\u00a0\u00bb header_2_text_align_tablet=\u00a0\u00bbcenter\u00a0\u00bb header_2_text_align_phone=\u00a0\u00bbcenter\u00a0\u00bb header_2_text_align_last_edited=\u00a0\u00bbon|tablet\u00a0\u00bb global_colors_info=\u00a0\u00bb{}\u00a0\u00bb]<\/p>\n<h2>VOIR Arena<br \/> <span style=\"font-family: 'acier-bat-outline';\">EN ACTION<\/span><\/h2>\n<p>[\/et_pb_text][\/et_pb_column][et_pb_column type=\u00a0\u00bb1_2&Prime; _builder_version=\u00a0\u00bb4.4.3&Prime; custom_padding=\u00a0\u00bb25px|||40px|false|false\u00a0\u00bb custom_padding_tablet=\u00a0\u00bb10px|||0px|false|false\u00a0\u00bb custom_padding_phone=\u00a0\u00bb\u00a0\u00bb custom_padding_last_edited=\u00a0\u00bbon|tablet\u00a0\u00bb custom_css_main_element=\u00a0\u00bbdisplay: grid;||align-content: center;\u00a0\u00bb global_colors_info=\u00a0\u00bb{}\u00a0\u00bb custom_css_main_element_last_edited=\u00a0\u00bbon|tablet\u00a0\u00bb custom_css_main_element_tablet=\u00a0\u00bbpadding-top: 25px !important;\u00a0\u00bb][et_pb_button button_url=\u00a0\u00bb\/get-demo\/\u00a0\u00bb button_text=\u00a0\u00bbD\u00c9MO\u00a0\u00bb button_alignment=\u00a0\u00bbleft\u00a0\u00bb button_alignment_tablet=\u00a0\u00bbcenter\u00a0\u00bb button_alignment_phone=\u00a0\u00bb\u00a0\u00bb button_alignment_last_edited=\u00a0\u00bbon|phone\u00a0\u00bb _builder_version=\u00a0\u00bb4.4.7&Prime; custom_margin=\u00a0\u00bb||||false|false\u00a0\u00bb custom_margin_tablet=\u00a0\u00bb\u00a0\u00bb custom_margin_phone=\u00a0\u00bb25px||||false|false\u00a0\u00bb custom_margin_last_edited=\u00a0\u00bbon|phone\u00a0\u00bb global_colors_info=\u00a0\u00bb{}\u00a0\u00bb][\/et_pb_button][\/et_pb_column][\/et_pb_row][\/et_pb_section]<\/p>\n","protected":false},"excerpt":{"rendered":"<p>Engagement de niveau de service d&rsquo;Arena Cr\u00e9dit. Si son service PLM (le Service) est disponible moins de 99,5\u00a0% du temps au cours d&rsquo;un trimestre civil (tel que d\u00e9fini ci-dessous) (d\u00e9sign\u00e9&#8230;<\/p>\n","protected":false},"author":26,"featured_media":0,"parent":0,"menu_order":0,"comment_status":"closed","ping_status":"closed","template":"divi.php","meta":{"_acf_changed":false,"_et_pb_use_builder":"on","_et_pb_old_content":"","_et_gb_content_width":"","footnotes":""},"class_list":["post-35859","page","type-page","status-publish","hentry"],"acf":[],"yoast_head":"<!-- This site is optimized with the Yoast SEO Premium plugin v27.4 (Yoast SEO v27.4) - https:\/\/yoast.com\/product\/yoast-seo-premium-wordpress\/ -->\n<title>Engagement de niveau de service \/slc\/\u2014 divi | Arena<\/title>\n<meta name=\"description\" content=\"Arena, une soci\u00e9t\u00e9 du groupe PTC, pr\u00e9sente ses politiques en mati\u00e8re de disponibilit\u00e9 et les cons\u00e9quences de son engagement de niveau de service.\" \/>\n<meta name=\"robots\" content=\"index, follow, max-snippet:-1, max-image-preview:large, max-video-preview:-1\" \/>\n<link rel=\"canonical\" href=\"https:\/\/www.arenasolutions.com\/fr\/slc\/\" \/>\n<meta property=\"og:locale\" content=\"fr_FR\" \/>\n<meta property=\"og:type\" content=\"article\" \/>\n<meta property=\"og:title\" content=\"Engagement de niveau de service \/slc\/\u2014 divi\" \/>\n<meta property=\"og:description\" content=\"Arena, une soci\u00e9t\u00e9 du groupe PTC, pr\u00e9sente ses politiques en mati\u00e8re de disponibilit\u00e9 et les cons\u00e9quences de son engagement de niveau de service.\" \/>\n<meta property=\"og:url\" content=\"https:\/\/www.arenasolutions.com\/fr\/slc\/\" \/>\n<meta property=\"og:site_name\" content=\"Arena\" \/>\n<meta property=\"article:publisher\" content=\"https:\/\/www.facebook.com\/arenasolutions\/\" \/>\n<meta property=\"article:modified_time\" content=\"2025-10-17T16:04:41+00:00\" \/>\n<meta property=\"og:image\" content=\"https:\/\/www.arenasolutions.com\/wp-content\/uploads\/social-image.jpg\" \/>\n\t<meta property=\"og:image:width\" content=\"1200\" \/>\n\t<meta property=\"og:image:height\" content=\"675\" \/>\n\t<meta property=\"og:image:type\" content=\"image\/jpeg\" \/>\n<meta name=\"twitter:card\" content=\"summary_large_image\" \/>\n<meta name=\"twitter:site\" content=\"@arenasolutions\" \/>\n<meta name=\"twitter:label1\" content=\"Dur\u00e9e de lecture estim\u00e9e\" \/>\n\t<meta name=\"twitter:data1\" content=\"3 minutes\" \/>\n<script type=\"application\/ld+json\" class=\"yoast-schema-graph\">{\"@context\":\"https:\\\/\\\/schema.org\",\"@graph\":[{\"@type\":\"WebPage\",\"@id\":\"https:\\\/\\\/www.arenasolutions.com\\\/fr\\\/slc\\\/\",\"url\":\"https:\\\/\\\/www.arenasolutions.com\\\/fr\\\/slc\\\/\",\"name\":\"Engagement de niveau de service \\\/slc\\\/\u2014 divi | Arena\",\"isPartOf\":{\"@id\":\"https:\\\/\\\/www.arenasolutions.com\\\/fr\\\/#website\"},\"datePublished\":\"2023-09-08T14:52:38+00:00\",\"dateModified\":\"2025-10-17T16:04:41+00:00\",\"description\":\"Arena, une soci\u00e9t\u00e9 du groupe PTC, pr\u00e9sente ses politiques en mati\u00e8re de disponibilit\u00e9 et les cons\u00e9quences de son engagement de niveau de service.\",\"breadcrumb\":{\"@id\":\"https:\\\/\\\/www.arenasolutions.com\\\/fr\\\/slc\\\/#breadcrumb\"},\"inLanguage\":\"fr-FR\",\"potentialAction\":[{\"@type\":\"ReadAction\",\"target\":[\"https:\\\/\\\/www.arenasolutions.com\\\/fr\\\/slc\\\/\"]}]},{\"@type\":\"BreadcrumbList\",\"@id\":\"https:\\\/\\\/www.arenasolutions.com\\\/fr\\\/slc\\\/#breadcrumb\",\"itemListElement\":[{\"@type\":\"ListItem\",\"position\":1,\"name\":\"Home\",\"item\":\"https:\\\/\\\/www.arenasolutions.com\\\/fr\\\/accueil\\\/\"},{\"@type\":\"ListItem\",\"position\":2,\"name\":\"Engagement de niveau de service \\\/slc\\\/\u2014 divi\"}]},{\"@type\":\"WebSite\",\"@id\":\"https:\\\/\\\/www.arenasolutions.com\\\/fr\\\/#website\",\"url\":\"https:\\\/\\\/www.arenasolutions.com\\\/fr\\\/\",\"name\":\"Arena\",\"description\":\"Arena helps companies design, produce, and deliver innovative products fast.\",\"publisher\":{\"@id\":\"https:\\\/\\\/www.arenasolutions.com\\\/fr\\\/#organization\"},\"potentialAction\":[{\"@type\":\"SearchAction\",\"target\":{\"@type\":\"EntryPoint\",\"urlTemplate\":\"https:\\\/\\\/www.arenasolutions.com\\\/fr\\\/?s={search_term_string}\"},\"query-input\":{\"@type\":\"PropertyValueSpecification\",\"valueRequired\":true,\"valueName\":\"search_term_string\"}}],\"inLanguage\":\"fr-FR\"},{\"@type\":\"Organization\",\"@id\":\"https:\\\/\\\/www.arenasolutions.com\\\/fr\\\/#organization\",\"name\":\"Arena, a PTC Business\",\"url\":\"https:\\\/\\\/www.arenasolutions.com\\\/fr\\\/\",\"logo\":{\"@type\":\"ImageObject\",\"inLanguage\":\"fr-FR\",\"@id\":\"https:\\\/\\\/www.arenasolutions.com\\\/fr\\\/#\\\/schema\\\/logo\\\/image\\\/\",\"url\":\"https:\\\/\\\/www.arenasolutions.com\\\/wp-content\\\/uploads\\\/arena-logo-navbar.png\",\"contentUrl\":\"https:\\\/\\\/www.arenasolutions.com\\\/wp-content\\\/uploads\\\/arena-logo-navbar.png\",\"width\":247,\"height\":77,\"caption\":\"Arena, a PTC Business\"},\"image\":{\"@id\":\"https:\\\/\\\/www.arenasolutions.com\\\/fr\\\/#\\\/schema\\\/logo\\\/image\\\/\"},\"sameAs\":[\"https:\\\/\\\/www.facebook.com\\\/arenasolutions\\\/\",\"https:\\\/\\\/x.com\\\/arenasolutions\",\"https:\\\/\\\/www.linkedin.com\\\/company\\\/12524\",\"https:\\\/\\\/www.youtube.com\\\/user\\\/Arenasolutions\"]}]}<\/script>\n<!-- \/ Yoast SEO Premium plugin. -->","yoast_head_json":{"title":"Engagement de niveau de service \/slc\/\u2014 divi | Arena","description":"Arena, une soci\u00e9t\u00e9 du groupe PTC, pr\u00e9sente ses politiques en mati\u00e8re de disponibilit\u00e9 et les cons\u00e9quences de son engagement de niveau de service.","robots":{"index":"index","follow":"follow","max-snippet":"max-snippet:-1","max-image-preview":"max-image-preview:large","max-video-preview":"max-video-preview:-1"},"canonical":"https:\/\/www.arenasolutions.com\/fr\/slc\/","og_locale":"fr_FR","og_type":"article","og_title":"Engagement de niveau de service \/slc\/\u2014 divi","og_description":"Arena, une soci\u00e9t\u00e9 du groupe PTC, pr\u00e9sente ses politiques en mati\u00e8re de disponibilit\u00e9 et les cons\u00e9quences de son engagement de niveau de service.","og_url":"https:\/\/www.arenasolutions.com\/fr\/slc\/","og_site_name":"Arena","article_publisher":"https:\/\/www.facebook.com\/arenasolutions\/","article_modified_time":"2025-10-17T16:04:41+00:00","og_image":[{"width":1200,"height":675,"url":"https:\/\/www.arenasolutions.com\/wp-content\/uploads\/social-image.jpg","type":"image\/jpeg"}],"twitter_card":"summary_large_image","twitter_site":"@arenasolutions","twitter_misc":{"Dur\u00e9e de lecture estim\u00e9e":"3 minutes"},"schema":{"@context":"https:\/\/schema.org","@graph":[{"@type":"WebPage","@id":"https:\/\/www.arenasolutions.com\/fr\/slc\/","url":"https:\/\/www.arenasolutions.com\/fr\/slc\/","name":"Engagement de niveau de service \/slc\/\u2014 divi | Arena","isPartOf":{"@id":"https:\/\/www.arenasolutions.com\/fr\/#website"},"datePublished":"2023-09-08T14:52:38+00:00","dateModified":"2025-10-17T16:04:41+00:00","description":"Arena, une soci\u00e9t\u00e9 du groupe PTC, pr\u00e9sente ses politiques en mati\u00e8re de disponibilit\u00e9 et les cons\u00e9quences de son engagement de niveau de service.","breadcrumb":{"@id":"https:\/\/www.arenasolutions.com\/fr\/slc\/#breadcrumb"},"inLanguage":"fr-FR","potentialAction":[{"@type":"ReadAction","target":["https:\/\/www.arenasolutions.com\/fr\/slc\/"]}]},{"@type":"BreadcrumbList","@id":"https:\/\/www.arenasolutions.com\/fr\/slc\/#breadcrumb","itemListElement":[{"@type":"ListItem","position":1,"name":"Home","item":"https:\/\/www.arenasolutions.com\/fr\/accueil\/"},{"@type":"ListItem","position":2,"name":"Engagement de niveau de service \/slc\/\u2014 divi"}]},{"@type":"WebSite","@id":"https:\/\/www.arenasolutions.com\/fr\/#website","url":"https:\/\/www.arenasolutions.com\/fr\/","name":"Arena","description":"Arena helps companies design, produce, and deliver innovative products fast.","publisher":{"@id":"https:\/\/www.arenasolutions.com\/fr\/#organization"},"potentialAction":[{"@type":"SearchAction","target":{"@type":"EntryPoint","urlTemplate":"https:\/\/www.arenasolutions.com\/fr\/?s={search_term_string}"},"query-input":{"@type":"PropertyValueSpecification","valueRequired":true,"valueName":"search_term_string"}}],"inLanguage":"fr-FR"},{"@type":"Organization","@id":"https:\/\/www.arenasolutions.com\/fr\/#organization","name":"Arena, a PTC Business","url":"https:\/\/www.arenasolutions.com\/fr\/","logo":{"@type":"ImageObject","inLanguage":"fr-FR","@id":"https:\/\/www.arenasolutions.com\/fr\/#\/schema\/logo\/image\/","url":"https:\/\/www.arenasolutions.com\/wp-content\/uploads\/arena-logo-navbar.png","contentUrl":"https:\/\/www.arenasolutions.com\/wp-content\/uploads\/arena-logo-navbar.png","width":247,"height":77,"caption":"Arena, a PTC Business"},"image":{"@id":"https:\/\/www.arenasolutions.com\/fr\/#\/schema\/logo\/image\/"},"sameAs":["https:\/\/www.facebook.com\/arenasolutions\/","https:\/\/x.com\/arenasolutions","https:\/\/www.linkedin.com\/company\/12524","https:\/\/www.youtube.com\/user\/Arenasolutions"]}]}},"_links":{"self":[{"href":"https:\/\/www.arenasolutions.com\/fr\/wp-json\/wp\/v2\/pages\/35859","targetHints":{"allow":["GET"]}}],"collection":[{"href":"https:\/\/www.arenasolutions.com\/fr\/wp-json\/wp\/v2\/pages"}],"about":[{"href":"https:\/\/www.arenasolutions.com\/fr\/wp-json\/wp\/v2\/types\/page"}],"author":[{"embeddable":true,"href":"https:\/\/www.arenasolutions.com\/fr\/wp-json\/wp\/v2\/users\/26"}],"replies":[{"embeddable":true,"href":"https:\/\/www.arenasolutions.com\/fr\/wp-json\/wp\/v2\/comments?post=35859"}],"version-history":[{"count":0,"href":"https:\/\/www.arenasolutions.com\/fr\/wp-json\/wp\/v2\/pages\/35859\/revisions"}],"wp:attachment":[{"href":"https:\/\/www.arenasolutions.com\/fr\/wp-json\/wp\/v2\/media?parent=35859"}],"curies":[{"name":"wp","href":"https:\/\/api.w.org\/{rel}","templated":true}]}}