{"id":36765,"date":"2023-09-08T08:33:56","date_gmt":"2023-09-08T15:33:56","guid":{"rendered":"https:\/\/www.arenasolutions.com\/contactenos-conf\/"},"modified":"2025-10-17T09:27:13","modified_gmt":"2025-10-17T16:27:13","slug":"contactenos-conf","status":"publish","type":"page","link":"https:\/\/www.arenasolutions.com\/es\/contact-us-conf\/","title":{"rendered":"Cont\u00e1ctenos (conf.)"},"content":{"rendered":"<p>[et_pb_section fb_built=\u00bb1&#8243; admin_label=\u00bbhero section\u00bb module_class=\u00bbhero-section\u00bb _builder_version=\u00bb4.19.4&#8243; background_image=\u00bbhttps:\/\/www.arenasolutions.com\/wp-content\/uploads\/Hero-contact-us.jpg\u00bb custom_padding=\u00bb53px||53px||true|\u00bb background_last_edited=\u00bbon|tablet\u00bb background_image_tablet=\u00bbhttps:\/\/www.arenasolutions.com\/wp-content\/uploads\/green-background.jpg\u00bb background_enable_image_tablet=\u00bbon\u00bb global_colors_info=\u00bb{}\u00bb title_text_tablet=\u00bbgreen-background\u00bb][et_pb_row column_structure=\u00bb1_2,1_2&#8243; _builder_version=\u00bb4.16&#8243; global_colors_info=\u00bb{}\u00bb][et_pb_column type=\u00bb1_2&#8243; _builder_version=\u00bb4.16&#8243; global_colors_info=\u00bb{}\u00bb][et_pb_text _builder_version=\u00bb4.16&#8243; header_text_color=\u00bb#FFFFFF\u00bb header_3_text_color=\u00bb#FFFFFF\u00bb header_4_font=\u00bbOpen Sans|600|||||||\u00bb header_4_text_color=\u00bb#FFFFFF\u00bb custom_margin=\u00bb||0px||false|false\u00bb custom_padding=\u00bb||0px|||\u00bb global_colors_info=\u00bb{}\u00bb]<\/p>\n<h1><span>Cont\u00e1ctenos<\/span><\/h1>\n<p>[\/et_pb_text][et_pb_text _builder_version=\u00bb4.16&#8243; header_4_text_color=\u00bb#FFFFFF\u00bb custom_padding=\u00bb0px|||||\u00bb global_colors_info=\u00bb{}\u00bb]<\/p>\n<h4><span>\u00bfTiene preguntas? Estamos aqu\u00ed para ayudarle<\/span><\/h4>\n<p>[\/et_pb_text][\/et_pb_column][et_pb_column type=\u00bb1_2&#8243; _builder_version=\u00bb4.16&#8243; global_colors_info=\u00bb{}\u00bb][\/et_pb_column][\/et_pb_row][\/et_pb_section][et_pb_section fb_built=\u00bb1&#8243; _builder_version=\u00bb4.16&#8243; global_colors_info=\u00bb{}\u00bb][et_pb_row _builder_version=\u00bb4.16&#8243; custom_margin=\u00bb0px||40px||false|false\u00bb custom_padding=\u00bb0px||||false|false\u00bb global_colors_info=\u00bb{}\u00bb][et_pb_column type=\u00bb4_4&#8243; _builder_version=\u00bb4.16&#8243; global_colors_info=\u00bb{}\u00bb][et_pb_text _builder_version=\u00bb4.16&#8243; header_text_align=\u00bbcenter\u00bb header_2_text_align=\u00bbcenter\u00bb header_3_text_align=\u00bbcenter\u00bb global_colors_info=\u00bb{}\u00bb]<\/p>\n<h1>Gracias<\/h1>\n<p style=\"font-size: 25px !important; line-height: 34px !important; text-align: center;\">Gracias por ponerse en contacto con nosotros.<br \/>\nRecibir\u00e1 un mensaje pronto.<\/p>\n<p>[\/et_pb_text][\/et_pb_column][\/et_pb_row][\/et_pb_section][et_pb_section fb_built=\u00bb1&#8243; admin_label=\u00bbCTA &#8211; See Arena In Action\u00bb module_class=\u00bbcta-section blue-button footer-cta-section\u00bb _builder_version=\u00bb4.16&#8243; background_image=\u00bbhttps:\/\/www.arenasolutions.com\/wp-content\/uploads\/orange-bg.jpg\u00bb custom_padding=\u00bb30px||30px||true|\u00bb saved_tabs=\u00bball\u00bb locked=\u00bboff\u00bb collapsed=\u00bboff\u00bb global_colors_info=\u00bb{}\u00bb][et_pb_row column_structure=\u00bb1_2,1_2&#8243; use_custom_gutter=\u00bbon\u00bb gutter_width=\u00bb1&#8243; make_equal=\u00bbon\u00bb _builder_version=\u00bb4.16&#8243; global_colors_info=\u00bb{}\u00bb][et_pb_column type=\u00bb1_2&#8243; _builder_version=\u00bb4.16&#8243; custom_padding=\u00bb|40px|||false|false\u00bb custom_padding_tablet=\u00bb|0px|0px||false|false\u00bb custom_padding_phone=\u00bb\u00bb custom_padding_last_edited=\u00bbon|desktop\u00bb custom_css_main_element=\u00bbdisplay: grid;||align-content: center;\u00bb border_width_right=\u00bb1px\u00bb border_color_right=\u00bb#FFFFFF\u00bb border_width_all_tablet=\u00bb\u00bb border_width_all_phone=\u00bb\u00bb border_width_all_last_edited=\u00bbon|desktop\u00bb border_width_right_tablet=\u00bb0px\u00bb border_width_right_phone=\u00bb\u00bb border_width_right_last_edited=\u00bbon|tablet\u00bb global_colors_info=\u00bb{}\u00bb custom_css_main_element_last_edited=\u00bbon|tablet\u00bb custom_css_main_element_tablet=\u00bbpadding-bottom: 0 !important;\u00bb custom_css_main_element_phone=\u00bbpadding-bottom: 0 !important;\u00bb][et_pb_text _builder_version=\u00bb4.16&#8243; header_2_text_align=\u00bbright\u00bb header_2_text_color=\u00bb#FFFFFF\u00bb header_2_font_size=\u00bb36px\u00bb custom_padding=\u00bb||||false|true\u00bb header_2_text_align_tablet=\u00bbcenter\u00bb header_2_text_align_phone=\u00bbcenter\u00bb header_2_text_align_last_edited=\u00bbon|tablet\u00bb global_colors_info=\u00bb{}\u00bb]<\/p>\n<h2>VER Arena<br \/> <span style=\"font-family: 'acier-bat-outline';\">EN ACCI\u00d3N<\/span><\/h2>\n<p>[\/et_pb_text][\/et_pb_column][et_pb_column type=\u00bb1_2&#8243; _builder_version=\u00bb4.16&#8243; custom_padding=\u00bb25px|||40px|false|false\u00bb custom_padding_tablet=\u00bb10px|||0px|false|false\u00bb custom_padding_phone=\u00bb\u00bb custom_padding_last_edited=\u00bbon|tablet\u00bb custom_css_main_element=\u00bbdisplay: grid;||align-content: center;\u00bb global_colors_info=\u00bb{}\u00bb custom_css_main_element_last_edited=\u00bbon|tablet\u00bb custom_css_main_element_tablet=\u00bbpadding-top: 25px !important;\u00bb custom_css_main_element_phone=\u00bbpadding-top: 25px !important;\u00bb][et_pb_button button_url=\u00bb\/get-demo\/\u00bb button_text=\u00bbOBTENER UNA DEMO\u00bb button_alignment=\u00bbleft\u00bb button_alignment_tablet=\u00bbcenter\u00bb button_alignment_phone=\u00bb\u00bb button_alignment_last_edited=\u00bbon|phone\u00bb _builder_version=\u00bb4.16&#8243; custom_margin=\u00bb||||false|false\u00bb custom_margin_tablet=\u00bb\u00bb custom_margin_phone=\u00bb25px||||false|false\u00bb custom_margin_last_edited=\u00bbon|phone\u00bb global_colors_info=\u00bb{}\u00bb][\/et_pb_button][\/et_pb_column][\/et_pb_row][\/et_pb_section]<\/p>\n","protected":false},"excerpt":{"rendered":"<p>Cont\u00e1ctenos \u00bfTiene preguntas? Estamos aqu\u00ed para ayudarle Gracias Gracias por ponerse en contacto con nosotros. Recibir\u00e1 un mensaje pronto. VER Arena EN ACCI\u00d3N OBTENER UNA&#8230;<\/p>\n","protected":false},"author":55,"featured_media":88008,"parent":0,"menu_order":0,"comment_status":"closed","ping_status":"closed","template":"divi.php","meta":{"_acf_changed":false,"_et_pb_use_builder":"on","_et_pb_old_content":"","_et_gb_content_width":"","footnotes":""},"class_list":["post-36765","page","type-page","status-publish","has-post-thumbnail","hentry"],"acf":[],"yoast_head":"<!-- This site is optimized with the Yoast SEO Premium plugin v27.2 (Yoast SEO v27.2) - https:\/\/yoast.com\/product\/yoast-seo-premium-wordpress\/ -->\n<title>Contacto con Arena: estamos aqu\u00ed para ayudarle | Arena<\/title>\n<meta name=\"description\" content=\"Le damos la bienvenida a Arena Solutions. Gracias por contactarnos. Por favor, complete la informaci\u00f3n de contacto e incluya su cargo, n\u00famero de tel\u00e9fono, direcci\u00f3n de correo electr\u00f3nico, el nombre de la empresa y una breve descripci\u00f3n de lo que le interesa comentar. Un miembro del equipo de Arena Solutions se pondr\u00e1 en contacto con usted en breve.\" \/>\n<meta name=\"robots\" content=\"noindex, nofollow\" \/>\n<meta property=\"og:locale\" content=\"es_ES\" \/>\n<meta property=\"og:type\" content=\"article\" \/>\n<meta property=\"og:title\" content=\"Cont\u00e1ctenos (conf.)\" \/>\n<meta property=\"og:description\" content=\"Le damos la bienvenida a Arena Solutions. Gracias por contactarnos. Por favor, complete la informaci\u00f3n de contacto e incluya su cargo, n\u00famero de tel\u00e9fono, direcci\u00f3n de correo electr\u00f3nico, el nombre de la empresa y una breve descripci\u00f3n de lo que le interesa comentar. Un miembro del equipo de Arena Solutions se pondr\u00e1 en contacto con usted en breve.\" \/>\n<meta property=\"og:url\" content=\"https:\/\/www.arenasolutions.com\/es\/contact-us-conf\/\" \/>\n<meta property=\"og:site_name\" content=\"Arena\" \/>\n<meta property=\"article:publisher\" content=\"https:\/\/www.facebook.com\/arenasolutions\/\" \/>\n<meta property=\"article:modified_time\" content=\"2025-10-17T16:27:13+00:00\" \/>\n<meta property=\"og:image\" content=\"https:\/\/www.arenasolutions.com\/wp-content\/uploads\/Arena_by_PTC.png\" \/>\n\t<meta property=\"og:image:width\" content=\"2404\" \/>\n\t<meta property=\"og:image:height\" content=\"841\" \/>\n\t<meta property=\"og:image:type\" content=\"image\/png\" \/>\n<meta name=\"twitter:card\" content=\"summary_large_image\" \/>\n<meta name=\"twitter:site\" content=\"@arenasolutions\" \/>\n<meta name=\"twitter:label1\" content=\"Est. reading time\" \/>\n\t<meta name=\"twitter:data1\" content=\"1 minuto\" \/>\n<script type=\"application\/ld+json\" class=\"yoast-schema-graph\">{\"@context\":\"https:\/\/schema.org\",\"@graph\":[{\"@type\":\"WebPage\",\"@id\":\"https:\/\/www.arenasolutions.com\/es\/contact-us-conf\/\",\"url\":\"https:\/\/www.arenasolutions.com\/es\/contact-us-conf\/\",\"name\":\"Contacto con Arena: estamos aqu\u00ed para ayudarle | Arena\",\"isPartOf\":{\"@id\":\"https:\/\/www.arenasolutions.com\/es\/#website\"},\"primaryImageOfPage\":{\"@id\":\"https:\/\/www.arenasolutions.com\/es\/contact-us-conf\/#primaryimage\"},\"image\":{\"@id\":\"https:\/\/www.arenasolutions.com\/es\/contact-us-conf\/#primaryimage\"},\"thumbnailUrl\":\"https:\/\/www.arenasolutions.com\/wp-content\/uploads\/Arena_by_PTC.png\",\"datePublished\":\"2023-09-08T15:33:56+00:00\",\"dateModified\":\"2025-10-17T16:27:13+00:00\",\"description\":\"Le damos la bienvenida a Arena Solutions. Gracias por contactarnos. Por favor, complete la informaci\u00f3n de contacto e incluya su cargo, n\u00famero de tel\u00e9fono, direcci\u00f3n de correo electr\u00f3nico, el nombre de la empresa y una breve descripci\u00f3n de lo que le interesa comentar. Un miembro del equipo de Arena Solutions se pondr\u00e1 en contacto con usted en breve.\",\"breadcrumb\":{\"@id\":\"https:\/\/www.arenasolutions.com\/es\/contact-us-conf\/#breadcrumb\"},\"inLanguage\":\"es\",\"potentialAction\":[{\"@type\":\"ReadAction\",\"target\":[\"https:\/\/www.arenasolutions.com\/es\/contact-us-conf\/\"]}]},{\"@type\":\"ImageObject\",\"inLanguage\":\"es\",\"@id\":\"https:\/\/www.arenasolutions.com\/es\/contact-us-conf\/#primaryimage\",\"url\":\"https:\/\/www.arenasolutions.com\/wp-content\/uploads\/Arena_by_PTC.png\",\"contentUrl\":\"https:\/\/www.arenasolutions.com\/wp-content\/uploads\/Arena_by_PTC.png\",\"width\":2404,\"height\":841,\"caption\":\"Logo-Arena by PTC\"},{\"@type\":\"BreadcrumbList\",\"@id\":\"https:\/\/www.arenasolutions.com\/es\/contact-us-conf\/#breadcrumb\",\"itemListElement\":[{\"@type\":\"ListItem\",\"position\":1,\"name\":\"Home\",\"item\":\"https:\/\/www.arenasolutions.com\/es\/\"},{\"@type\":\"ListItem\",\"position\":2,\"name\":\"Cont\u00e1ctenos (conf.)\"}]},{\"@type\":\"WebSite\",\"@id\":\"https:\/\/www.arenasolutions.com\/es\/#website\",\"url\":\"https:\/\/www.arenasolutions.com\/es\/\",\"name\":\"Arena\",\"description\":\"Arena helps companies design, produce, and deliver innovative products fast.\",\"publisher\":{\"@id\":\"https:\/\/www.arenasolutions.com\/es\/#organization\"},\"potentialAction\":[{\"@type\":\"SearchAction\",\"target\":{\"@type\":\"EntryPoint\",\"urlTemplate\":\"https:\/\/www.arenasolutions.com\/es\/?s={search_term_string}\"},\"query-input\":{\"@type\":\"PropertyValueSpecification\",\"valueRequired\":true,\"valueName\":\"search_term_string\"}}],\"inLanguage\":\"es\"},{\"@type\":\"Organization\",\"@id\":\"https:\/\/www.arenasolutions.com\/es\/#organization\",\"name\":\"Arena, a PTC Business\",\"url\":\"https:\/\/www.arenasolutions.com\/es\/\",\"logo\":{\"@type\":\"ImageObject\",\"inLanguage\":\"es\",\"@id\":\"https:\/\/www.arenasolutions.com\/es\/#\/schema\/logo\/image\/\",\"url\":\"https:\/\/www.arenasolutions.com\/wp-content\/uploads\/arena-logo-navbar.png\",\"contentUrl\":\"https:\/\/www.arenasolutions.com\/wp-content\/uploads\/arena-logo-navbar.png\",\"width\":247,\"height\":77,\"caption\":\"Arena, a PTC Business\"},\"image\":{\"@id\":\"https:\/\/www.arenasolutions.com\/es\/#\/schema\/logo\/image\/\"},\"sameAs\":[\"https:\/\/www.facebook.com\/arenasolutions\/\",\"https:\/\/x.com\/arenasolutions\",\"https:\/\/www.linkedin.com\/company\/12524\",\"https:\/\/www.youtube.com\/user\/Arenasolutions\"]}]}<\/script>\n<!-- \/ Yoast SEO Premium plugin. -->","yoast_head_json":{"title":"Contacto con Arena: estamos aqu\u00ed para ayudarle | Arena","description":"Le damos la bienvenida a Arena Solutions. Gracias por contactarnos. Por favor, complete la informaci\u00f3n de contacto e incluya su cargo, n\u00famero de tel\u00e9fono, direcci\u00f3n de correo electr\u00f3nico, el nombre de la empresa y una breve descripci\u00f3n de lo que le interesa comentar. Un miembro del equipo de Arena Solutions se pondr\u00e1 en contacto con usted en breve.","robots":{"index":"noindex","follow":"nofollow"},"og_locale":"es_ES","og_type":"article","og_title":"Cont\u00e1ctenos (conf.)","og_description":"Le damos la bienvenida a Arena Solutions. Gracias por contactarnos. Por favor, complete la informaci\u00f3n de contacto e incluya su cargo, n\u00famero de tel\u00e9fono, direcci\u00f3n de correo electr\u00f3nico, el nombre de la empresa y una breve descripci\u00f3n de lo que le interesa comentar. Un miembro del equipo de Arena Solutions se pondr\u00e1 en contacto con usted en breve.","og_url":"https:\/\/www.arenasolutions.com\/es\/contact-us-conf\/","og_site_name":"Arena","article_publisher":"https:\/\/www.facebook.com\/arenasolutions\/","article_modified_time":"2025-10-17T16:27:13+00:00","og_image":[{"width":2404,"height":841,"url":"https:\/\/www.arenasolutions.com\/wp-content\/uploads\/Arena_by_PTC.png","type":"image\/png"}],"twitter_card":"summary_large_image","twitter_site":"@arenasolutions","twitter_misc":{"Est. reading time":"1 minuto"},"schema":{"@context":"https:\/\/schema.org","@graph":[{"@type":"WebPage","@id":"https:\/\/www.arenasolutions.com\/es\/contact-us-conf\/","url":"https:\/\/www.arenasolutions.com\/es\/contact-us-conf\/","name":"Contacto con Arena: estamos aqu\u00ed para ayudarle | Arena","isPartOf":{"@id":"https:\/\/www.arenasolutions.com\/es\/#website"},"primaryImageOfPage":{"@id":"https:\/\/www.arenasolutions.com\/es\/contact-us-conf\/#primaryimage"},"image":{"@id":"https:\/\/www.arenasolutions.com\/es\/contact-us-conf\/#primaryimage"},"thumbnailUrl":"https:\/\/www.arenasolutions.com\/wp-content\/uploads\/Arena_by_PTC.png","datePublished":"2023-09-08T15:33:56+00:00","dateModified":"2025-10-17T16:27:13+00:00","description":"Le damos la bienvenida a Arena Solutions. Gracias por contactarnos. Por favor, complete la informaci\u00f3n de contacto e incluya su cargo, n\u00famero de tel\u00e9fono, direcci\u00f3n de correo electr\u00f3nico, el nombre de la empresa y una breve descripci\u00f3n de lo que le interesa comentar. Un miembro del equipo de Arena Solutions se pondr\u00e1 en contacto con usted en breve.","breadcrumb":{"@id":"https:\/\/www.arenasolutions.com\/es\/contact-us-conf\/#breadcrumb"},"inLanguage":"es","potentialAction":[{"@type":"ReadAction","target":["https:\/\/www.arenasolutions.com\/es\/contact-us-conf\/"]}]},{"@type":"ImageObject","inLanguage":"es","@id":"https:\/\/www.arenasolutions.com\/es\/contact-us-conf\/#primaryimage","url":"https:\/\/www.arenasolutions.com\/wp-content\/uploads\/Arena_by_PTC.png","contentUrl":"https:\/\/www.arenasolutions.com\/wp-content\/uploads\/Arena_by_PTC.png","width":2404,"height":841,"caption":"Logo-Arena by PTC"},{"@type":"BreadcrumbList","@id":"https:\/\/www.arenasolutions.com\/es\/contact-us-conf\/#breadcrumb","itemListElement":[{"@type":"ListItem","position":1,"name":"Home","item":"https:\/\/www.arenasolutions.com\/es\/"},{"@type":"ListItem","position":2,"name":"Cont\u00e1ctenos (conf.)"}]},{"@type":"WebSite","@id":"https:\/\/www.arenasolutions.com\/es\/#website","url":"https:\/\/www.arenasolutions.com\/es\/","name":"Arena","description":"Arena helps companies design, produce, and deliver innovative products fast.","publisher":{"@id":"https:\/\/www.arenasolutions.com\/es\/#organization"},"potentialAction":[{"@type":"SearchAction","target":{"@type":"EntryPoint","urlTemplate":"https:\/\/www.arenasolutions.com\/es\/?s={search_term_string}"},"query-input":{"@type":"PropertyValueSpecification","valueRequired":true,"valueName":"search_term_string"}}],"inLanguage":"es"},{"@type":"Organization","@id":"https:\/\/www.arenasolutions.com\/es\/#organization","name":"Arena, a PTC Business","url":"https:\/\/www.arenasolutions.com\/es\/","logo":{"@type":"ImageObject","inLanguage":"es","@id":"https:\/\/www.arenasolutions.com\/es\/#\/schema\/logo\/image\/","url":"https:\/\/www.arenasolutions.com\/wp-content\/uploads\/arena-logo-navbar.png","contentUrl":"https:\/\/www.arenasolutions.com\/wp-content\/uploads\/arena-logo-navbar.png","width":247,"height":77,"caption":"Arena, a PTC Business"},"image":{"@id":"https:\/\/www.arenasolutions.com\/es\/#\/schema\/logo\/image\/"},"sameAs":["https:\/\/www.facebook.com\/arenasolutions\/","https:\/\/x.com\/arenasolutions","https:\/\/www.linkedin.com\/company\/12524","https:\/\/www.youtube.com\/user\/Arenasolutions"]}]}},"_links":{"self":[{"href":"https:\/\/www.arenasolutions.com\/es\/wp-json\/wp\/v2\/pages\/36765","targetHints":{"allow":["GET"]}}],"collection":[{"href":"https:\/\/www.arenasolutions.com\/es\/wp-json\/wp\/v2\/pages"}],"about":[{"href":"https:\/\/www.arenasolutions.com\/es\/wp-json\/wp\/v2\/types\/page"}],"author":[{"embeddable":true,"href":"https:\/\/www.arenasolutions.com\/es\/wp-json\/wp\/v2\/users\/55"}],"replies":[{"embeddable":true,"href":"https:\/\/www.arenasolutions.com\/es\/wp-json\/wp\/v2\/comments?post=36765"}],"version-history":[{"count":0,"href":"https:\/\/www.arenasolutions.com\/es\/wp-json\/wp\/v2\/pages\/36765\/revisions"}],"wp:featuredmedia":[{"embeddable":true,"href":"https:\/\/www.arenasolutions.com\/es\/wp-json\/wp\/v2\/media\/88008"}],"wp:attachment":[{"href":"https:\/\/www.arenasolutions.com\/es\/wp-json\/wp\/v2\/media?parent=36765"}],"curies":[{"name":"wp","href":"https:\/\/api.w.org\/{rel}","templated":true}]}}