{"id":36494,"date":"2023-09-08T08:19:50","date_gmt":"2023-09-08T15:19:50","guid":{"rendered":"https:\/\/www.arenasolutions.com\/clientes-asistencia-al-cliente\/"},"modified":"2025-10-17T09:31:20","modified_gmt":"2025-10-17T16:31:20","slug":"clientes-asistencia-al-cliente","status":"publish","type":"page","link":"https:\/\/www.arenasolutions.com\/es\/customers\/support\/","title":{"rendered":"Clientes: asistencia al cliente"},"content":{"rendered":"<p>[et_pb_section fb_built=\u00bb1&#8243; admin_label=\u00bbhero section\u00bb module_class=\u00bbhero-section\u00bb _builder_version=\u00bb4.17.4&#8243; background_image=\u00bbhttps:\/\/www.arenasolutions.com\/wp-content\/uploads\/Hero-customers-support.jpg\u00bb custom_padding=\u00bb53px||53px||true|\u00bb background_last_edited=\u00bbon|tablet\u00bb background_image_tablet=\u00bbhttps:\/\/www.arenasolutions.com\/wp-content\/uploads\/dark-purple-background.jpg\u00bb background_enable_image_tablet=\u00bbon\u00bb global_colors_info=\u00bb{}\u00bb title_text_tablet=\u00bbdark-purple-background\u00bb][et_pb_row column_structure=\u00bb1_2,1_2&#8243; _builder_version=\u00bb4.16&#8243; global_colors_info=\u00bb{}\u00bb][et_pb_column type=\u00bb1_2&#8243; _builder_version=\u00bb4.16&#8243; global_colors_info=\u00bb{}\u00bb][et_pb_text _builder_version=\u00bb4.16&#8243; header_text_color=\u00bb#FFFFFF\u00bb header_3_text_color=\u00bb#FFFFFF\u00bb header_4_font=\u00bbOpen Sans|600|||||||\u00bb header_4_text_color=\u00bb#FFFFFF\u00bb custom_margin=\u00bb||0px||false|false\u00bb custom_padding=\u00bb||0px|||\u00bb global_colors_info=\u00bb{}\u00bb]<\/p>\n<h1><span>ASISTENCIA AL CLIENTE<\/span><\/h1>\n<p>[\/et_pb_text][et_pb_text _builder_version=\u00bb4.16&#8243; header_4_text_color=\u00bb#FFFFFF\u00bb custom_padding=\u00bb0px|||||\u00bb global_colors_info=\u00bb{}\u00bb]<\/p>\n<h4>Estamos aqu\u00ed para ayudarle con consejos,&nbsp;<br class=\"hidden-on-mobile\" \/>formaci\u00f3n y soporte t\u00e9cnico<\/h4>\n<p>[\/et_pb_text][\/et_pb_column][et_pb_column type=\u00bb1_2&#8243; _builder_version=\u00bb4.16&#8243; global_colors_info=\u00bb{}\u00bb][\/et_pb_column][\/et_pb_row][\/et_pb_section][et_pb_section fb_built=\u00bb1&#8243; _builder_version=\u00bb4.16&#8243; custom_padding=\u00bb18px||24px|||\u00bb global_colors_info=\u00bb{}\u00bb][et_pb_row column_structure=\u00bb1_3,1_3,1_3&#8243; use_custom_gutter=\u00bbon\u00bb gutter_width=\u00bb2&#8243; make_equal=\u00bbon\u00bb custom_padding_last_edited=\u00bbon|tablet\u00bb module_class=\u00bbthree-column-blurbs-row\u00bb _builder_version=\u00bb4.16&#8243; custom_padding=\u00bb35px|0px||0px|false|true\u00bb custom_padding_tablet=\u00bb\u00bb custom_padding_phone=\u00bb\u00bb global_colors_info=\u00bb{}\u00bb][et_pb_column type=\u00bb1_3&#8243; _builder_version=\u00bb4.16&#8243; custom_padding=\u00bb||||true|true\u00bb global_colors_info=\u00bb{}\u00bb][et_pb_blurb title=\u00bbSOPORTE T\u00c9CNICO\u00bb image=\u00bbhttps:\/\/www.arenasolutions.com\/wp-content\/uploads\/Icon-Tech-Support.svg\u00bb image_icon_width=\u00bb80px\u00bb admin_label=\u00bbSCALABLE\u00bb _builder_version=\u00bb4.27.4&#8243; header_level=\u00bbh2&#8243; header_text_align=\u00bbcenter\u00bb text_orientation=\u00bbcenter\u00bb max_width_tablet=\u00bb\u00bb max_width_phone=\u00bb\u00bb max_width_last_edited=\u00bbon|tablet\u00bb module_alignment=\u00bbcenter\u00bb custom_padding=\u00bb57px|30px|57px|30px|true|true\u00bb hover_enabled=\u00bb0&#8243; custom_css_main_element=\u00bbheight: 100%;\u00bb custom_css_blurb_title=\u00bbfont-size: 32px !important;\u00bb border_width_all=\u00bb1px\u00bb border_color_all=\u00bb#f38800&#8243; image_max_width=\u00bb80px\u00bb global_colors_info=\u00bb{}\u00bb alt=\u00bbIcon-Tech Support\u00bb title_text=\u00bbIcon-Tech Support\u00bb sticky_enabled=\u00bb0&#8243;]<\/p>\n<p>Para los clientes de Arena PLM, QMS y Empower PLM, contacte con nosotros:<\/p>\n<p><a href=\"mailto:arena-support@ptc.com\">arena-support@ptc.com<\/a><\/p>\n<p><strong>Empower PLM<\/strong><br \/><a href=\"https:\/\/arenasolutions.my.salesforce.com\/sserv\/login.jsp?orgId=00D00000000hZci\" target=\"_blank\" rel=\"noopener noreferrer\">Portal de soporte t\u00e9cnico de Empower<\/a><\/p>\n<p>[\/et_pb_blurb][\/et_pb_column][et_pb_column type=\u00bb1_3&#8243; _builder_version=\u00bb4.16&#8243; global_colors_info=\u00bb{}\u00bb][et_pb_blurb title=\u00bbAYUDA DE ARENA\u00bb image=\u00bbhttps:\/\/www.arenasolutions.com\/wp-content\/uploads\/Icon-Help-1.svg\u00bb alt=\u00bbIcon-Help\u00bb image_icon_width=\u00bb80px\u00bb admin_label=\u00bbCOLLABORATIVE\u00bb _builder_version=\u00bb4.27.4&#8243; header_level=\u00bbh2&#8243; header_text_align=\u00bbcenter\u00bb text_orientation=\u00bbcenter\u00bb max_width_tablet=\u00bb\u00bb max_width_phone=\u00bb\u00bb max_width_last_edited=\u00bbon|tablet\u00bb module_alignment=\u00bbcenter\u00bb custom_padding=\u00bb57px|30px|57px|30px|true|true\u00bb hover_enabled=\u00bb0&#8243; custom_css_main_element=\u00bbheight: 100%;\u00bb custom_css_blurb_title=\u00bbfont-size: 32px !important;\u00bb border_width_all=\u00bb1px\u00bb border_color_all=\u00bb#40aa1d\u00bb image_max_width=\u00bb80px\u00bb global_colors_info=\u00bb{}\u00bb title_text=\u00bbIcon-Help\u00bb sticky_enabled=\u00bb0&#8243;]<\/p><p>Obtenga instrucciones detalladas seleccionando Ayuda de Arena en el men\u00fa Ayuda situado en la parte superior derecha de cualquier p\u00e1gina de su espacio de trabajo de cliente de Arena, o haga clic en el icono de ayuda (\u00ab?\u00bb) de cualquier flujo de trabajo.<\/p>\n<p>[\/et_pb_blurb][\/et_pb_column][et_pb_column type=\u00bb1_3&#8243; _builder_version=\u00bb4.16&#8243; global_colors_info=\u00bb{}\u00bb][et_pb_blurb title=\u00bbAPRENDIZAJE DE ARENA\u00bb image=\u00bbhttps:\/\/www.arenasolutions.com\/wp-content\/uploads\/Icon-Learning.svg\u00bb image_icon_width=\u00bb80px\u00bb admin_label=\u00bbAFFORDABLE\u00bb _builder_version=\u00bb4.27.4&#8243; header_level=\u00bbh2&#8243; header_text_align=\u00bbcenter\u00bb text_orientation=\u00bbcenter\u00bb max_width_tablet=\u00bb\u00bb max_width_phone=\u00bb\u00bb max_width_last_edited=\u00bbon|tablet\u00bb module_alignment=\u00bbcenter\u00bb custom_padding=\u00bb57px|30px|57px|30px|true|true\u00bb hover_enabled=\u00bb0&#8243; custom_css_main_element=\u00bbheight: 100%;\u00bb custom_css_blurb_title=\u00bbfont-size: 32px !important;\u00bb border_width_all=\u00bb1px\u00bb border_color_all=\u00bb#197bc0&#8243; image_max_width=\u00bb80px\u00bb global_colors_info=\u00bb{}\u00bb alt=\u00bbIcon-Learning\u00bb title_text=\u00bbIcon-Learning\u00bb sticky_enabled=\u00bb0&#8243;]<\/p><p>Tanto si lleva a\u00f1os utilizando Arena como si acaba de empezar, nuestra formaci\u00f3n presencial o en l\u00ednea le ayudar\u00e1 a sacar el m\u00e1ximo partido de Arena.<\/p>\n<p><a href=\"\/customers\/education\/\">Inscribirse en las clases<\/a><\/p>\n<p>[\/et_pb_blurb][\/et_pb_column][\/et_pb_row][\/et_pb_section][et_pb_section fb_built=\u00bb1&#8243; admin_label=\u00bbQuote &#8211; RGB Spectrum\u00bb module_class=\u00bbquote-section\u00bb _builder_version=\u00bb4.18.0&#8243; background_image=\u00bbhttps:\/\/www.arenasolutions.com\/wp-content\/uploads\/dark-purple-background.jpg\u00bb custom_padding=\u00bb19px||19px||true|\u00bb locked=\u00bboff\u00bb global_colors_info=\u00bb{}\u00bb][et_pb_row use_custom_gutter=\u00bbon\u00bb gutter_width=\u00bb1&#8243; make_equal=\u00bbon\u00bb _builder_version=\u00bb4.16&#8243; custom_padding=\u00bb20px||20px||true|false\u00bb global_colors_info=\u00bb{}\u00bb][et_pb_column type=\u00bb4_4&#8243; _builder_version=\u00bb4.16&#8243; custom_padding=\u00bb30px||30px|40px|true|false\u00bb custom_padding_tablet=\u00bb|||0px|false|false\u00bb custom_padding_phone=\u00bb\u00bb custom_padding_last_edited=\u00bbon|tablet\u00bb custom_css_main_element=\u00bbdisplay: grid;||align-content: center;\u00bb global_colors_info=\u00bb{}\u00bb][et_pb_text _builder_version=\u00bb4.16&#8243; text_text_color=\u00bb#FFFFFF\u00bb text_orientation=\u00bbcenter\u00bb max_width=\u00bb985px\u00bb module_alignment=\u00bbcenter\u00bb global_colors_info=\u00bb{}\u00bb]<\/p>\n<p><span>\u00abGracias de nuevo Arena. Nuestro departamento de TI nos ha confirmado que ha solucionado nuestro problema. Su equipo de soporte t\u00e9cnico sigue siendo asombroso\u00bb.<\/span><\/p>\n<p>[\/et_pb_text][et_pb_text _builder_version=\u00bb4.18.0&#8243; text_text_color=\u00bb#afb1ff\u00bb text_orientation=\u00bbcenter\u00bb custom_margin=\u00bb24px||||false|false\u00bb global_colors_info=\u00bb{}\u00bb]<\/p>\n<p style=\"text-align: center;\"><span style=\"color: #ffffff;\"><strong style=\"letter-spacing: 0 !important;\">Doug Tornio&nbsp;&nbsp;<\/strong>director de Servicios de ingenier\u00eda<\/span><\/p>\n<p><img loading=\"lazy\" decoding=\"async\" class=\"aligncenter wp-image-18346\" src=\"https:\/\/www.arenasolutions.com\/wp-content\/uploads\/RGB-Spectrum-Logo-reversed-300x92.png\" alt=\"Logotipo de RGB Spectrum\" width=\"175\" height=\"53\" srcset=\"https:\/\/www.arenasolutions.com\/wp-content\/uploads\/RGB-Spectrum-Logo-reversed-300x92.png 300w, https:\/\/www.arenasolutions.com\/wp-content\/uploads\/RGB-Spectrum-Logo-reversed-500x153.png 500w, https:\/\/www.arenasolutions.com\/wp-content\/uploads\/RGB-Spectrum-Logo-reversed-248x76.png 248w, https:\/\/www.arenasolutions.com\/wp-content\/uploads\/RGB-Spectrum-Logo-reversed-600x184.png 600w, https:\/\/www.arenasolutions.com\/wp-content\/uploads\/RGB-Spectrum-Logo-reversed.png 603w\" sizes=\"(max-width: 175px) 100vw, 175px\" \/><\/p>\n<p>[\/et_pb_text][\/et_pb_column][\/et_pb_row][\/et_pb_section][et_pb_section fb_built=\u00bb1&#8243; admin_label=\u00bbCTA &#8211; See Arena In Action\u00bb module_class=\u00bbcta-section blue-button footer-cta-section\u00bb _builder_version=\u00bb4.16&#8243; background_image=\u00bbhttps:\/\/www.arenasolutions.com\/wp-content\/uploads\/orange-bg.jpg\u00bb custom_padding=\u00bb30px||30px||true|\u00bb saved_tabs=\u00bball\u00bb locked=\u00bboff\u00bb collapsed=\u00bboff\u00bb global_colors_info=\u00bb{}\u00bb][et_pb_row column_structure=\u00bb1_2,1_2&#8243; use_custom_gutter=\u00bbon\u00bb gutter_width=\u00bb1&#8243; make_equal=\u00bbon\u00bb _builder_version=\u00bb4.16&#8243; global_colors_info=\u00bb{}\u00bb][et_pb_column type=\u00bb1_2&#8243; _builder_version=\u00bb4.16&#8243; custom_padding=\u00bb|40px|||false|false\u00bb custom_padding_tablet=\u00bb|0px|0px||false|false\u00bb custom_padding_phone=\u00bb\u00bb custom_padding_last_edited=\u00bbon|desktop\u00bb custom_css_main_element=\u00bbdisplay: grid;||align-content: center;\u00bb border_width_right=\u00bb1px\u00bb border_color_right=\u00bb#FFFFFF\u00bb border_width_all_tablet=\u00bb\u00bb border_width_all_phone=\u00bb\u00bb border_width_all_last_edited=\u00bbon|desktop\u00bb border_width_right_tablet=\u00bb0px\u00bb border_width_right_phone=\u00bb\u00bb border_width_right_last_edited=\u00bbon|tablet\u00bb global_colors_info=\u00bb{}\u00bb custom_css_main_element_last_edited=\u00bbon|tablet\u00bb custom_css_main_element_tablet=\u00bbpadding-bottom: 0 !important;\u00bb custom_css_main_element_phone=\u00bbpadding-bottom: 0 !important;\u00bb][et_pb_text _builder_version=\u00bb4.16&#8243; header_2_text_align=\u00bbright\u00bb header_2_text_color=\u00bb#FFFFFF\u00bb header_2_font_size=\u00bb36px\u00bb custom_padding=\u00bb||||false|true\u00bb header_2_text_align_tablet=\u00bbcenter\u00bb header_2_text_align_phone=\u00bbcenter\u00bb header_2_text_align_last_edited=\u00bbon|tablet\u00bb global_colors_info=\u00bb{}\u00bb]<\/p>\n<h2>VER Arena<br \/> <span style=\"font-family: 'acier-bat-outline';\">EN ACCI\u00d3N<\/span><\/h2>\n<p>[\/et_pb_text][\/et_pb_column][et_pb_column type=\u00bb1_2&#8243; _builder_version=\u00bb4.16&#8243; custom_padding=\u00bb25px|||40px|false|false\u00bb custom_padding_tablet=\u00bb10px|||0px|false|false\u00bb custom_padding_phone=\u00bb\u00bb custom_padding_last_edited=\u00bbon|tablet\u00bb custom_css_main_element=\u00bbdisplay: grid;||align-content: center;\u00bb global_colors_info=\u00bb{}\u00bb custom_css_main_element_last_edited=\u00bbon|tablet\u00bb custom_css_main_element_tablet=\u00bbpadding-top: 25px !important;\u00bb custom_css_main_element_phone=\u00bbpadding-top: 25px !important;\u00bb][et_pb_button button_url=\u00bb\/get-demo\/\u00bb button_text=\u00bbOBTENER UNA DEMO\u00bb button_alignment=\u00bbleft\u00bb button_alignment_tablet=\u00bbcenter\u00bb button_alignment_phone=\u00bb\u00bb button_alignment_last_edited=\u00bbon|phone\u00bb _builder_version=\u00bb4.16&#8243; custom_margin=\u00bb||||false|false\u00bb custom_margin_tablet=\u00bb\u00bb custom_margin_phone=\u00bb25px||||false|false\u00bb custom_margin_last_edited=\u00bbon|phone\u00bb global_colors_info=\u00bb{}\u00bb][\/et_pb_button][\/et_pb_column][\/et_pb_row][\/et_pb_section]<\/p>\n","protected":false},"excerpt":{"rendered":"<p>ASISTENCIA AL CLIENTE Estamos aqu\u00ed para ayudarle con consejos,&nbsp;formaci\u00f3n y soporte t\u00e9cnico SOPORTE T\u00c9CNICO Para los clientes de Arena PLM, QMS y Empower PLM, contacte con nosotros:&#8230;<\/p>\n","protected":false},"author":44,"featured_media":36495,"parent":0,"menu_order":0,"comment_status":"closed","ping_status":"closed","template":"divi.php","meta":{"_acf_changed":false,"_et_pb_use_builder":"on","_et_pb_old_content":"","_et_gb_content_width":"","footnotes":""},"class_list":["post-36494","page","type-page","status-publish","has-post-thumbnail","hentry"],"acf":[],"yoast_head":"<!-- This site is optimized with the Yoast SEO Premium plugin v27.2 (Yoast SEO v27.2) - https:\/\/yoast.com\/product\/yoast-seo-premium-wordpress\/ -->\n<title>Asistencia al cliente, formaci\u00f3n, ayuda, soporte t\u00e9cnico | Arena<\/title>\n<meta name=\"description\" content=\"Los clientes de Arena pueden obtener ayuda, consejos, informaci\u00f3n sobre cursos de formaci\u00f3n o soporte t\u00e9cnico para Arena Product Lifecycle Management (PLM), Quality Management System (QMS) o Empower PLM. Consulte nuestros recursos en l\u00ednea y descubra las \u00faltimas opciones de cursos de formaci\u00f3n basadas en la web.\" \/>\n<meta name=\"robots\" content=\"index, follow, max-snippet:-1, max-image-preview:large, max-video-preview:-1\" \/>\n<link rel=\"canonical\" href=\"https:\/\/www.arenasolutions.com\/es\/customers\/support\/\" \/>\n<meta property=\"og:locale\" content=\"es_ES\" \/>\n<meta property=\"og:type\" content=\"article\" \/>\n<meta property=\"og:title\" content=\"Clientes: asistencia al cliente\" \/>\n<meta property=\"og:description\" content=\"Los clientes de Arena pueden obtener ayuda, consejos, informaci\u00f3n sobre cursos de formaci\u00f3n o soporte t\u00e9cnico para Arena Product Lifecycle Management (PLM), Quality Management System (QMS) o Empower PLM. Consulte nuestros recursos en l\u00ednea y descubra las \u00faltimas opciones de cursos de formaci\u00f3n basadas en la web.\" \/>\n<meta property=\"og:url\" content=\"https:\/\/www.arenasolutions.com\/es\/customers\/support\/\" \/>\n<meta property=\"og:site_name\" content=\"Arena\" \/>\n<meta property=\"article:publisher\" content=\"https:\/\/www.facebook.com\/arenasolutions\/\" \/>\n<meta property=\"article:modified_time\" content=\"2025-10-17T16:31:20+00:00\" \/>\n<meta property=\"og:image\" content=\"https:\/\/www.arenasolutions.com\/wp-content\/uploads\/Hero-customers-support.jpg\" \/>\n\t<meta property=\"og:image:width\" content=\"2560\" \/>\n\t<meta property=\"og:image:height\" content=\"667\" \/>\n\t<meta property=\"og:image:type\" content=\"image\/jpeg\" \/>\n<meta name=\"twitter:card\" content=\"summary_large_image\" \/>\n<meta name=\"twitter:site\" content=\"@arenasolutions\" \/>\n<meta name=\"twitter:label1\" content=\"Est. reading time\" \/>\n\t<meta name=\"twitter:data1\" content=\"3 minutos\" \/>\n<script type=\"application\/ld+json\" class=\"yoast-schema-graph\">{\"@context\":\"https:\/\/schema.org\",\"@graph\":[{\"@type\":\"WebPage\",\"@id\":\"https:\/\/www.arenasolutions.com\/es\/customers\/support\/\",\"url\":\"https:\/\/www.arenasolutions.com\/es\/customers\/support\/\",\"name\":\"Asistencia al cliente, formaci\u00f3n, ayuda, soporte t\u00e9cnico | Arena\",\"isPartOf\":{\"@id\":\"https:\/\/www.arenasolutions.com\/es\/#website\"},\"primaryImageOfPage\":{\"@id\":\"https:\/\/www.arenasolutions.com\/es\/customers\/support\/#primaryimage\"},\"image\":{\"@id\":\"https:\/\/www.arenasolutions.com\/es\/customers\/support\/#primaryimage\"},\"thumbnailUrl\":\"https:\/\/www.arenasolutions.com\/wp-content\/uploads\/Hero-customers-support.jpg\",\"datePublished\":\"2023-09-08T15:19:50+00:00\",\"dateModified\":\"2025-10-17T16:31:20+00:00\",\"description\":\"Los clientes de Arena pueden obtener ayuda, consejos, informaci\u00f3n sobre cursos de formaci\u00f3n o soporte t\u00e9cnico para Arena Product Lifecycle Management (PLM), Quality Management System (QMS) o Empower PLM. Consulte nuestros recursos en l\u00ednea y descubra las \u00faltimas opciones de cursos de formaci\u00f3n basadas en la web.\",\"breadcrumb\":{\"@id\":\"https:\/\/www.arenasolutions.com\/es\/customers\/support\/#breadcrumb\"},\"inLanguage\":\"es\",\"potentialAction\":[{\"@type\":\"ReadAction\",\"target\":[\"https:\/\/www.arenasolutions.com\/es\/customers\/support\/\"]}]},{\"@type\":\"ImageObject\",\"inLanguage\":\"es\",\"@id\":\"https:\/\/www.arenasolutions.com\/es\/customers\/support\/#primaryimage\",\"url\":\"https:\/\/www.arenasolutions.com\/wp-content\/uploads\/Hero-customers-support.jpg\",\"contentUrl\":\"https:\/\/www.arenasolutions.com\/wp-content\/uploads\/Hero-customers-support.jpg\",\"width\":2560,\"height\":667},{\"@type\":\"BreadcrumbList\",\"@id\":\"https:\/\/www.arenasolutions.com\/es\/customers\/support\/#breadcrumb\",\"itemListElement\":[{\"@type\":\"ListItem\",\"position\":1,\"name\":\"Home\",\"item\":\"https:\/\/www.arenasolutions.com\/es\/\"},{\"@type\":\"ListItem\",\"position\":2,\"name\":\"Clientes: asistencia al cliente\"}]},{\"@type\":\"WebSite\",\"@id\":\"https:\/\/www.arenasolutions.com\/es\/#website\",\"url\":\"https:\/\/www.arenasolutions.com\/es\/\",\"name\":\"Arena\",\"description\":\"Arena helps companies design, produce, and deliver innovative products fast.\",\"publisher\":{\"@id\":\"https:\/\/www.arenasolutions.com\/es\/#organization\"},\"potentialAction\":[{\"@type\":\"SearchAction\",\"target\":{\"@type\":\"EntryPoint\",\"urlTemplate\":\"https:\/\/www.arenasolutions.com\/es\/?s={search_term_string}\"},\"query-input\":{\"@type\":\"PropertyValueSpecification\",\"valueRequired\":true,\"valueName\":\"search_term_string\"}}],\"inLanguage\":\"es\"},{\"@type\":\"Organization\",\"@id\":\"https:\/\/www.arenasolutions.com\/es\/#organization\",\"name\":\"Arena, a PTC Business\",\"url\":\"https:\/\/www.arenasolutions.com\/es\/\",\"logo\":{\"@type\":\"ImageObject\",\"inLanguage\":\"es\",\"@id\":\"https:\/\/www.arenasolutions.com\/es\/#\/schema\/logo\/image\/\",\"url\":\"https:\/\/www.arenasolutions.com\/wp-content\/uploads\/arena-logo-navbar.png\",\"contentUrl\":\"https:\/\/www.arenasolutions.com\/wp-content\/uploads\/arena-logo-navbar.png\",\"width\":247,\"height\":77,\"caption\":\"Arena, a PTC Business\"},\"image\":{\"@id\":\"https:\/\/www.arenasolutions.com\/es\/#\/schema\/logo\/image\/\"},\"sameAs\":[\"https:\/\/www.facebook.com\/arenasolutions\/\",\"https:\/\/x.com\/arenasolutions\",\"https:\/\/www.linkedin.com\/company\/12524\",\"https:\/\/www.youtube.com\/user\/Arenasolutions\"]}]}<\/script>\n<!-- \/ Yoast SEO Premium plugin. -->","yoast_head_json":{"title":"Asistencia al cliente, formaci\u00f3n, ayuda, soporte t\u00e9cnico | Arena","description":"Los clientes de Arena pueden obtener ayuda, consejos, informaci\u00f3n sobre cursos de formaci\u00f3n o soporte t\u00e9cnico para Arena Product Lifecycle Management (PLM), Quality Management System (QMS) o Empower PLM. Consulte nuestros recursos en l\u00ednea y descubra las \u00faltimas opciones de cursos de formaci\u00f3n basadas en la web.","robots":{"index":"index","follow":"follow","max-snippet":"max-snippet:-1","max-image-preview":"max-image-preview:large","max-video-preview":"max-video-preview:-1"},"canonical":"https:\/\/www.arenasolutions.com\/es\/customers\/support\/","og_locale":"es_ES","og_type":"article","og_title":"Clientes: asistencia al cliente","og_description":"Los clientes de Arena pueden obtener ayuda, consejos, informaci\u00f3n sobre cursos de formaci\u00f3n o soporte t\u00e9cnico para Arena Product Lifecycle Management (PLM), Quality Management System (QMS) o Empower PLM. Consulte nuestros recursos en l\u00ednea y descubra las \u00faltimas opciones de cursos de formaci\u00f3n basadas en la web.","og_url":"https:\/\/www.arenasolutions.com\/es\/customers\/support\/","og_site_name":"Arena","article_publisher":"https:\/\/www.facebook.com\/arenasolutions\/","article_modified_time":"2025-10-17T16:31:20+00:00","og_image":[{"width":2560,"height":667,"url":"https:\/\/www.arenasolutions.com\/wp-content\/uploads\/Hero-customers-support.jpg","type":"image\/jpeg"}],"twitter_card":"summary_large_image","twitter_site":"@arenasolutions","twitter_misc":{"Est. reading time":"3 minutos"},"schema":{"@context":"https:\/\/schema.org","@graph":[{"@type":"WebPage","@id":"https:\/\/www.arenasolutions.com\/es\/customers\/support\/","url":"https:\/\/www.arenasolutions.com\/es\/customers\/support\/","name":"Asistencia al cliente, formaci\u00f3n, ayuda, soporte t\u00e9cnico | Arena","isPartOf":{"@id":"https:\/\/www.arenasolutions.com\/es\/#website"},"primaryImageOfPage":{"@id":"https:\/\/www.arenasolutions.com\/es\/customers\/support\/#primaryimage"},"image":{"@id":"https:\/\/www.arenasolutions.com\/es\/customers\/support\/#primaryimage"},"thumbnailUrl":"https:\/\/www.arenasolutions.com\/wp-content\/uploads\/Hero-customers-support.jpg","datePublished":"2023-09-08T15:19:50+00:00","dateModified":"2025-10-17T16:31:20+00:00","description":"Los clientes de Arena pueden obtener ayuda, consejos, informaci\u00f3n sobre cursos de formaci\u00f3n o soporte t\u00e9cnico para Arena Product Lifecycle Management (PLM), Quality Management System (QMS) o Empower PLM. Consulte nuestros recursos en l\u00ednea y descubra las \u00faltimas opciones de cursos de formaci\u00f3n basadas en la web.","breadcrumb":{"@id":"https:\/\/www.arenasolutions.com\/es\/customers\/support\/#breadcrumb"},"inLanguage":"es","potentialAction":[{"@type":"ReadAction","target":["https:\/\/www.arenasolutions.com\/es\/customers\/support\/"]}]},{"@type":"ImageObject","inLanguage":"es","@id":"https:\/\/www.arenasolutions.com\/es\/customers\/support\/#primaryimage","url":"https:\/\/www.arenasolutions.com\/wp-content\/uploads\/Hero-customers-support.jpg","contentUrl":"https:\/\/www.arenasolutions.com\/wp-content\/uploads\/Hero-customers-support.jpg","width":2560,"height":667},{"@type":"BreadcrumbList","@id":"https:\/\/www.arenasolutions.com\/es\/customers\/support\/#breadcrumb","itemListElement":[{"@type":"ListItem","position":1,"name":"Home","item":"https:\/\/www.arenasolutions.com\/es\/"},{"@type":"ListItem","position":2,"name":"Clientes: asistencia al cliente"}]},{"@type":"WebSite","@id":"https:\/\/www.arenasolutions.com\/es\/#website","url":"https:\/\/www.arenasolutions.com\/es\/","name":"Arena","description":"Arena helps companies design, produce, and deliver innovative products fast.","publisher":{"@id":"https:\/\/www.arenasolutions.com\/es\/#organization"},"potentialAction":[{"@type":"SearchAction","target":{"@type":"EntryPoint","urlTemplate":"https:\/\/www.arenasolutions.com\/es\/?s={search_term_string}"},"query-input":{"@type":"PropertyValueSpecification","valueRequired":true,"valueName":"search_term_string"}}],"inLanguage":"es"},{"@type":"Organization","@id":"https:\/\/www.arenasolutions.com\/es\/#organization","name":"Arena, a PTC Business","url":"https:\/\/www.arenasolutions.com\/es\/","logo":{"@type":"ImageObject","inLanguage":"es","@id":"https:\/\/www.arenasolutions.com\/es\/#\/schema\/logo\/image\/","url":"https:\/\/www.arenasolutions.com\/wp-content\/uploads\/arena-logo-navbar.png","contentUrl":"https:\/\/www.arenasolutions.com\/wp-content\/uploads\/arena-logo-navbar.png","width":247,"height":77,"caption":"Arena, a PTC Business"},"image":{"@id":"https:\/\/www.arenasolutions.com\/es\/#\/schema\/logo\/image\/"},"sameAs":["https:\/\/www.facebook.com\/arenasolutions\/","https:\/\/x.com\/arenasolutions","https:\/\/www.linkedin.com\/company\/12524","https:\/\/www.youtube.com\/user\/Arenasolutions"]}]}},"_links":{"self":[{"href":"https:\/\/www.arenasolutions.com\/es\/wp-json\/wp\/v2\/pages\/36494","targetHints":{"allow":["GET"]}}],"collection":[{"href":"https:\/\/www.arenasolutions.com\/es\/wp-json\/wp\/v2\/pages"}],"about":[{"href":"https:\/\/www.arenasolutions.com\/es\/wp-json\/wp\/v2\/types\/page"}],"author":[{"embeddable":true,"href":"https:\/\/www.arenasolutions.com\/es\/wp-json\/wp\/v2\/users\/44"}],"replies":[{"embeddable":true,"href":"https:\/\/www.arenasolutions.com\/es\/wp-json\/wp\/v2\/comments?post=36494"}],"version-history":[{"count":0,"href":"https:\/\/www.arenasolutions.com\/es\/wp-json\/wp\/v2\/pages\/36494\/revisions"}],"wp:featuredmedia":[{"embeddable":true,"href":"https:\/\/www.arenasolutions.com\/es\/wp-json\/wp\/v2\/media\/36495"}],"wp:attachment":[{"href":"https:\/\/www.arenasolutions.com\/es\/wp-json\/wp\/v2\/media?parent=36494"}],"curies":[{"name":"wp","href":"https:\/\/api.w.org\/{rel}","templated":true}]}}