{"id":36401,"date":"2023-09-08T08:09:37","date_gmt":"2023-09-08T15:09:37","guid":{"rendered":"https:\/\/www.arenasolutions.com\/compromiso-de-nivel-de-servicio-slc-divi\/"},"modified":"2025-10-17T09:38:25","modified_gmt":"2025-10-17T16:38:25","slug":"compromiso-de-nivel-de-servicio-slc-divi","status":"publish","type":"page","link":"https:\/\/www.arenasolutions.com\/es\/slc\/","title":{"rendered":"Compromiso de nivel de servicio \/slc\/\u2014 divi"},"content":{"rendered":"<p>[et_pb_section fb_built=\u00bb1&#8243; _builder_version=\u00bb4.4.6&#8243; global_colors_info=\u00bb{}\u00bb][et_pb_row _builder_version=\u00bb4.4.6&#8243; global_colors_info=\u00bb{}\u00bb][et_pb_column type=\u00bb4_4&#8243; _builder_version=\u00bb4.4.6&#8243; global_colors_info=\u00bb{}\u00bb][et_pb_text _builder_version=\u00bb4.9.2&#8243; global_colors_info=\u00bb{}\u00bb]<\/p>\n<section class=\"col-xs-12 no-padding\">\n<div class=\"area\">\n<div class=\"content\" style=\"padding-bottom: 30px;\">\n<h1>Compromiso de nivel de servicio de Arena<\/h1>\n<p><u>Cr\u00e9ditos<\/u>. Arena acepta que si su servicio de aplicaci\u00f3n PLM (el \u00ab<strong>Servicio<\/strong>\u00bb) est\u00e1 Disponible menos del 99,5\u00a0% del tiempo en un trimestre natural (definido como se establece a continuaci\u00f3n) (cada uno de ellos un \u00ab<strong>Trimestre afectado<\/strong>\u00bb), cada uno de sus clientes a los que afecten dichas interrupciones podr\u00e1 solicitar un cr\u00e9dito en la tarifa del Servicio tal como se especifica a continuaci\u00f3n (un \u00ab<strong>Cr\u00e9dito<\/strong>\u00bb). Arena publicar\u00e1 en su p\u00e1gina web (<a href=\"https:\/\/status.arenasolutions.com\/uptime\">https:\/\/status.arenasolutions.com\/uptime<\/a>) un informe que muestre el porcentaje de tiempo que el Servicio estuvo Disponible en el trimestre natural m\u00e1s reciente. Los clientes realmente afectados por las interrupciones en un Trimestre afectado deber\u00e1n solicitar, por escrito, su cr\u00e9dito en los quince (15)\u00a0d\u00edas siguientes al final de dicho trimestre. A cada uno de estos clientes se le ingresar\u00e1 en una cuenta de Arena un Cr\u00e9dito equivalente al 1,25\u00a0% de sus tarifas anuales actuales por unidades de Servicio. Los Cr\u00e9ditos estar\u00e1n a disposici\u00f3n de los clientes al final de cada a\u00f1o natural. Los Cr\u00e9ditos s\u00f3lo pueden utilizarse para pagar las unidades de Servicio en una renovaci\u00f3n anual. Los Cr\u00e9ditos no se expedir\u00e1n en met\u00e1lico. Cada cliente deber\u00e1 utilizar sus Cr\u00e9ditos en su siguiente renovaci\u00f3n anual tras la disponibilidad de estos. Los Cr\u00e9ditos no utilizados se considerar\u00e1n perdidos.<\/p>\n<p><u>C\u00e1lculo de la disponibilidad<\/u>. El porcentaje de tiempo que el Servicio est\u00e1 Disponible se determinar\u00e1 de la siguiente manera:<\/p>\n<ul>\n<li style=\"list-style-type: none;\">((T &#8211; \u2211O) \/ T) * 100<\/li>\n<\/ul>\n<p>\u00ab<strong>T<\/strong>\u00bb indica, para cualquier trimestre natural, el total de minutos que el Servicio puede estar disponible en dicho trimestre natural, menos las interrupciones programadas.<\/p>\n<p>\u00ab<strong>O<\/strong>\u00bb indica, para cualquier trimestre natural, los minutos transcurridos entre el inicio de cada interrupci\u00f3n en dicho trimestre y el momento en que el Servicio vuelve a estar Disponible. \u00ab<strong>O<\/strong>\u00bb no incluye el tiempo de inactividad que provocan (i) interrupciones programadas, u (ii) otras condiciones que est\u00e9n m\u00e1s all\u00e1 del control razonable de Arena, incluidas, entre otras, interrupciones debidas a problemas de aplicaciones ajenas a Arena; software proporcionado por el cliente o socio del cliente; acceso a la red proporcionado por el cliente; Internet, y otros hechos de fuerza mayor.<\/p>\n<p>El Servicio est\u00e1 \u00ab<strong>Disponible<\/strong>\u00bb si se puede acceder a la aplicaci\u00f3n Arena PLM desde fuera de la red de Arena. Arena no es responsable de la disponibilidad dentro de las instalaciones del cliente o a trav\u00e9s de la infraestructura de la red p\u00fablica de Internet.<\/p>\n<p><u>Exclusiones<\/u>. Arena podr\u00e1 modificar o rescindir este programa en lo que respecta a periodos futuros publicando un aviso de dichos cambios o rescisi\u00f3n en esta p\u00e1gina.<\/p>\n<\/div>\n<\/div>\n<\/section>\n<p>[\/et_pb_text][\/et_pb_column][\/et_pb_row][\/et_pb_section][et_pb_section fb_built=\u00bb1&#8243; admin_label=\u00bbCTA &#8211; See Arena In Action\u00bb module_class=\u00bbcta-section blue-button footer-cta-section\u00bb _builder_version=\u00bb4.4.8&#8243; background_image=\u00bbhttps:\/\/www.arenasolutions.com\/wp-content\/uploads\/orange-bg.jpg\u00bb custom_padding=\u00bb30px||30px||true|\u00bb saved_tabs=\u00bball\u00bb locked=\u00bboff\u00bb collapsed=\u00bbon\u00bb global_colors_info=\u00bb{}\u00bb][et_pb_row column_structure=\u00bb1_2,1_2&#8243; use_custom_gutter=\u00bbon\u00bb gutter_width=\u00bb1&#8243; make_equal=\u00bbon\u00bb _builder_version=\u00bb4.4.3&#8243; global_colors_info=\u00bb{}\u00bb][et_pb_column type=\u00bb1_2&#8243; _builder_version=\u00bb4.4.3&#8243; custom_padding=\u00bb|40px|||false|false\u00bb custom_padding_tablet=\u00bb|0px|0px||false|false\u00bb custom_padding_phone=\u00bb\u00bb custom_padding_last_edited=\u00bbon|desktop\u00bb custom_css_main_element=\u00bbdisplay: grid;||align-content: center;\u00bb border_width_right=\u00bb1px\u00bb border_color_right=\u00bb#FFFFFF\u00bb border_width_all_tablet=\u00bb\u00bb border_width_all_phone=\u00bb\u00bb border_width_all_last_edited=\u00bbon|desktop\u00bb border_width_right_tablet=\u00bb0px\u00bb border_width_right_phone=\u00bb\u00bb border_width_right_last_edited=\u00bbon|tablet\u00bb global_colors_info=\u00bb{}\u00bb custom_css_main_element_last_edited=\u00bbon|tablet\u00bb custom_css_main_element_tablet=\u00bbpadding-bottom: 0 !important;\u00bb][et_pb_text _builder_version=\u00bb4.4.6&#8243; header_2_text_align=\u00bbright\u00bb header_2_text_color=\u00bb#FFFFFF\u00bb header_2_font_size=\u00bb36px\u00bb custom_padding=\u00bb||||false|true\u00bb header_2_text_align_tablet=\u00bbcenter\u00bb header_2_text_align_phone=\u00bbcenter\u00bb header_2_text_align_last_edited=\u00bbon|tablet\u00bb global_colors_info=\u00bb{}\u00bb]<\/p>\n<h2>VER Arena<br \/> <span style=\"font-family: 'acier-bat-outline';\">EN ACCI\u00d3N<\/span><\/h2>\n<p>[\/et_pb_text][\/et_pb_column][et_pb_column type=\u00bb1_2&#8243; _builder_version=\u00bb4.4.3&#8243; custom_padding=\u00bb25px|||40px|false|false\u00bb custom_padding_tablet=\u00bb10px|||0px|false|false\u00bb custom_padding_phone=\u00bb\u00bb custom_padding_last_edited=\u00bbon|tablet\u00bb custom_css_main_element=\u00bbdisplay: grid;||align-content: center;\u00bb global_colors_info=\u00bb{}\u00bb custom_css_main_element_last_edited=\u00bbon|tablet\u00bb custom_css_main_element_tablet=\u00bbpadding-top: 25px !important;\u00bb][et_pb_button button_url=\u00bb\/get-demo\/\u00bb button_text=\u00bbOBTENER UNA DEMO\u00bb button_alignment=\u00bbleft\u00bb button_alignment_tablet=\u00bbcenter\u00bb button_alignment_phone=\u00bb\u00bb button_alignment_last_edited=\u00bbon|phone\u00bb _builder_version=\u00bb4.4.7&#8243; custom_margin=\u00bb||||false|false\u00bb custom_margin_tablet=\u00bb\u00bb custom_margin_phone=\u00bb25px||||false|false\u00bb custom_margin_last_edited=\u00bbon|phone\u00bb global_colors_info=\u00bb{}\u00bb][\/et_pb_button][\/et_pb_column][\/et_pb_row][\/et_pb_section]<\/p>\n","protected":false},"excerpt":{"rendered":"<p>Compromiso de nivel de servicio de Arena Cr\u00e9ditos. Arena acepta que si su servicio de aplicaci\u00f3n PLM (el \u00abServicio\u00bb) est\u00e1 Disponible menos del 99,5\u00a0% del tiempo en un trimestre natural (definido&#8230;<\/p>\n","protected":false},"author":26,"featured_media":0,"parent":0,"menu_order":0,"comment_status":"closed","ping_status":"closed","template":"divi.php","meta":{"_acf_changed":false,"_et_pb_use_builder":"on","_et_pb_old_content":"","_et_gb_content_width":"","footnotes":""},"class_list":["post-36401","page","type-page","status-publish","hentry"],"acf":[],"yoast_head":"<!-- This site is optimized with the Yoast SEO Premium plugin v27.2 (Yoast SEO v27.2) - https:\/\/yoast.com\/product\/yoast-seo-premium-wordpress\/ -->\n<title>Compromiso de nivel de servicio \/slc\/\u2014 divi | Arena<\/title>\n<meta name=\"description\" content=\"Arena, una empresa de PTC, esboza las pol\u00edticas de tiempo de actividad y el impacto resultante de su Compromiso de nivel de servicio.\" \/>\n<meta name=\"robots\" content=\"index, follow, max-snippet:-1, max-image-preview:large, max-video-preview:-1\" \/>\n<link rel=\"canonical\" href=\"https:\/\/www.arenasolutions.com\/es\/slc\/\" \/>\n<meta property=\"og:locale\" content=\"es_ES\" \/>\n<meta property=\"og:type\" content=\"article\" \/>\n<meta property=\"og:title\" content=\"Compromiso de nivel de servicio \/slc\/\u2014 divi\" \/>\n<meta property=\"og:description\" content=\"Arena, una empresa de PTC, esboza las pol\u00edticas de tiempo de actividad y el impacto resultante de su Compromiso de nivel de servicio.\" \/>\n<meta property=\"og:url\" content=\"https:\/\/www.arenasolutions.com\/es\/slc\/\" \/>\n<meta property=\"og:site_name\" content=\"Arena\" \/>\n<meta property=\"article:publisher\" content=\"https:\/\/www.facebook.com\/arenasolutions\/\" \/>\n<meta property=\"article:modified_time\" content=\"2025-10-17T16:38:25+00:00\" \/>\n<meta property=\"og:image\" content=\"https:\/\/www.arenasolutions.com\/wp-content\/uploads\/social-image.jpg\" \/>\n\t<meta property=\"og:image:width\" content=\"1200\" \/>\n\t<meta property=\"og:image:height\" content=\"675\" \/>\n\t<meta property=\"og:image:type\" content=\"image\/jpeg\" \/>\n<meta name=\"twitter:card\" content=\"summary_large_image\" \/>\n<meta name=\"twitter:site\" content=\"@arenasolutions\" \/>\n<meta name=\"twitter:label1\" content=\"Est. reading time\" \/>\n\t<meta name=\"twitter:data1\" content=\"3 minutos\" \/>\n<script type=\"application\/ld+json\" class=\"yoast-schema-graph\">{\"@context\":\"https:\/\/schema.org\",\"@graph\":[{\"@type\":\"WebPage\",\"@id\":\"https:\/\/www.arenasolutions.com\/es\/slc\/\",\"url\":\"https:\/\/www.arenasolutions.com\/es\/slc\/\",\"name\":\"Compromiso de nivel de servicio \/slc\/\u2014 divi | Arena\",\"isPartOf\":{\"@id\":\"https:\/\/www.arenasolutions.com\/es\/#website\"},\"datePublished\":\"2023-09-08T15:09:37+00:00\",\"dateModified\":\"2025-10-17T16:38:25+00:00\",\"description\":\"Arena, una empresa de PTC, esboza las pol\u00edticas de tiempo de actividad y el impacto resultante de su Compromiso de nivel de servicio.\",\"breadcrumb\":{\"@id\":\"https:\/\/www.arenasolutions.com\/es\/slc\/#breadcrumb\"},\"inLanguage\":\"es\",\"potentialAction\":[{\"@type\":\"ReadAction\",\"target\":[\"https:\/\/www.arenasolutions.com\/es\/slc\/\"]}]},{\"@type\":\"BreadcrumbList\",\"@id\":\"https:\/\/www.arenasolutions.com\/es\/slc\/#breadcrumb\",\"itemListElement\":[{\"@type\":\"ListItem\",\"position\":1,\"name\":\"Home\",\"item\":\"https:\/\/www.arenasolutions.com\/es\/inicio\/\"},{\"@type\":\"ListItem\",\"position\":2,\"name\":\"Compromiso de nivel de servicio \/slc\/\u2014 divi\"}]},{\"@type\":\"WebSite\",\"@id\":\"https:\/\/www.arenasolutions.com\/es\/#website\",\"url\":\"https:\/\/www.arenasolutions.com\/es\/\",\"name\":\"Arena\",\"description\":\"Arena helps companies design, produce, and deliver innovative products fast.\",\"publisher\":{\"@id\":\"https:\/\/www.arenasolutions.com\/es\/#organization\"},\"potentialAction\":[{\"@type\":\"SearchAction\",\"target\":{\"@type\":\"EntryPoint\",\"urlTemplate\":\"https:\/\/www.arenasolutions.com\/es\/?s={search_term_string}\"},\"query-input\":{\"@type\":\"PropertyValueSpecification\",\"valueRequired\":true,\"valueName\":\"search_term_string\"}}],\"inLanguage\":\"es\"},{\"@type\":\"Organization\",\"@id\":\"https:\/\/www.arenasolutions.com\/es\/#organization\",\"name\":\"Arena, a PTC Business\",\"url\":\"https:\/\/www.arenasolutions.com\/es\/\",\"logo\":{\"@type\":\"ImageObject\",\"inLanguage\":\"es\",\"@id\":\"https:\/\/www.arenasolutions.com\/es\/#\/schema\/logo\/image\/\",\"url\":\"https:\/\/www.arenasolutions.com\/wp-content\/uploads\/arena-logo-navbar.png\",\"contentUrl\":\"https:\/\/www.arenasolutions.com\/wp-content\/uploads\/arena-logo-navbar.png\",\"width\":247,\"height\":77,\"caption\":\"Arena, a PTC Business\"},\"image\":{\"@id\":\"https:\/\/www.arenasolutions.com\/es\/#\/schema\/logo\/image\/\"},\"sameAs\":[\"https:\/\/www.facebook.com\/arenasolutions\/\",\"https:\/\/x.com\/arenasolutions\",\"https:\/\/www.linkedin.com\/company\/12524\",\"https:\/\/www.youtube.com\/user\/Arenasolutions\"]}]}<\/script>\n<!-- \/ Yoast SEO Premium plugin. -->","yoast_head_json":{"title":"Compromiso de nivel de servicio \/slc\/\u2014 divi | Arena","description":"Arena, una empresa de PTC, esboza las pol\u00edticas de tiempo de actividad y el impacto resultante de su Compromiso de nivel de servicio.","robots":{"index":"index","follow":"follow","max-snippet":"max-snippet:-1","max-image-preview":"max-image-preview:large","max-video-preview":"max-video-preview:-1"},"canonical":"https:\/\/www.arenasolutions.com\/es\/slc\/","og_locale":"es_ES","og_type":"article","og_title":"Compromiso de nivel de servicio \/slc\/\u2014 divi","og_description":"Arena, una empresa de PTC, esboza las pol\u00edticas de tiempo de actividad y el impacto resultante de su Compromiso de nivel de servicio.","og_url":"https:\/\/www.arenasolutions.com\/es\/slc\/","og_site_name":"Arena","article_publisher":"https:\/\/www.facebook.com\/arenasolutions\/","article_modified_time":"2025-10-17T16:38:25+00:00","og_image":[{"width":1200,"height":675,"url":"https:\/\/www.arenasolutions.com\/wp-content\/uploads\/social-image.jpg","type":"image\/jpeg"}],"twitter_card":"summary_large_image","twitter_site":"@arenasolutions","twitter_misc":{"Est. reading time":"3 minutos"},"schema":{"@context":"https:\/\/schema.org","@graph":[{"@type":"WebPage","@id":"https:\/\/www.arenasolutions.com\/es\/slc\/","url":"https:\/\/www.arenasolutions.com\/es\/slc\/","name":"Compromiso de nivel de servicio \/slc\/\u2014 divi | Arena","isPartOf":{"@id":"https:\/\/www.arenasolutions.com\/es\/#website"},"datePublished":"2023-09-08T15:09:37+00:00","dateModified":"2025-10-17T16:38:25+00:00","description":"Arena, una empresa de PTC, esboza las pol\u00edticas de tiempo de actividad y el impacto resultante de su Compromiso de nivel de servicio.","breadcrumb":{"@id":"https:\/\/www.arenasolutions.com\/es\/slc\/#breadcrumb"},"inLanguage":"es","potentialAction":[{"@type":"ReadAction","target":["https:\/\/www.arenasolutions.com\/es\/slc\/"]}]},{"@type":"BreadcrumbList","@id":"https:\/\/www.arenasolutions.com\/es\/slc\/#breadcrumb","itemListElement":[{"@type":"ListItem","position":1,"name":"Home","item":"https:\/\/www.arenasolutions.com\/es\/inicio\/"},{"@type":"ListItem","position":2,"name":"Compromiso de nivel de servicio \/slc\/\u2014 divi"}]},{"@type":"WebSite","@id":"https:\/\/www.arenasolutions.com\/es\/#website","url":"https:\/\/www.arenasolutions.com\/es\/","name":"Arena","description":"Arena helps companies design, produce, and deliver innovative products fast.","publisher":{"@id":"https:\/\/www.arenasolutions.com\/es\/#organization"},"potentialAction":[{"@type":"SearchAction","target":{"@type":"EntryPoint","urlTemplate":"https:\/\/www.arenasolutions.com\/es\/?s={search_term_string}"},"query-input":{"@type":"PropertyValueSpecification","valueRequired":true,"valueName":"search_term_string"}}],"inLanguage":"es"},{"@type":"Organization","@id":"https:\/\/www.arenasolutions.com\/es\/#organization","name":"Arena, a PTC Business","url":"https:\/\/www.arenasolutions.com\/es\/","logo":{"@type":"ImageObject","inLanguage":"es","@id":"https:\/\/www.arenasolutions.com\/es\/#\/schema\/logo\/image\/","url":"https:\/\/www.arenasolutions.com\/wp-content\/uploads\/arena-logo-navbar.png","contentUrl":"https:\/\/www.arenasolutions.com\/wp-content\/uploads\/arena-logo-navbar.png","width":247,"height":77,"caption":"Arena, a PTC Business"},"image":{"@id":"https:\/\/www.arenasolutions.com\/es\/#\/schema\/logo\/image\/"},"sameAs":["https:\/\/www.facebook.com\/arenasolutions\/","https:\/\/x.com\/arenasolutions","https:\/\/www.linkedin.com\/company\/12524","https:\/\/www.youtube.com\/user\/Arenasolutions"]}]}},"_links":{"self":[{"href":"https:\/\/www.arenasolutions.com\/es\/wp-json\/wp\/v2\/pages\/36401","targetHints":{"allow":["GET"]}}],"collection":[{"href":"https:\/\/www.arenasolutions.com\/es\/wp-json\/wp\/v2\/pages"}],"about":[{"href":"https:\/\/www.arenasolutions.com\/es\/wp-json\/wp\/v2\/types\/page"}],"author":[{"embeddable":true,"href":"https:\/\/www.arenasolutions.com\/es\/wp-json\/wp\/v2\/users\/26"}],"replies":[{"embeddable":true,"href":"https:\/\/www.arenasolutions.com\/es\/wp-json\/wp\/v2\/comments?post=36401"}],"version-history":[{"count":0,"href":"https:\/\/www.arenasolutions.com\/es\/wp-json\/wp\/v2\/pages\/36401\/revisions"}],"wp:attachment":[{"href":"https:\/\/www.arenasolutions.com\/es\/wp-json\/wp\/v2\/media?parent=36401"}],"curies":[{"name":"wp","href":"https:\/\/api.w.org\/{rel}","templated":true}]}}