{"id":21965,"date":"2021-12-27T14:59:54","date_gmt":"2021-12-27T22:59:54","guid":{"rendered":"https:\/\/www.arenasolutions.com\/erfolg-zu-jeder-zeit-einfuehrung\/"},"modified":"2025-10-17T09:08:09","modified_gmt":"2025-10-17T16:08:09","slug":"erfolg-zu-jeder-zeit-einfuehrung","status":"publish","type":"page","link":"https:\/\/www.arenasolutions.com\/de\/white-papers\/thrive-anytime\/dealing-with-disruptions\/","title":{"rendered":"Erfolg zu jeder Zeit \u2013 Einf\u00fchrung"},"content":{"rendered":"<p>[et_pb_section fb_built=&#8220;1&#8243; admin_label=&#8220;hero section&#8220; module_class=&#8220;hero-section&#8220; _builder_version=&#8220;4.16&#8243; background_image=&#8220;https:\/\/www.arenasolutions.com\/wp-content\/uploads\/Thrive-Hero.jpg&#8220; custom_padding=&#8220;53px||53px||true|&#8220; background_last_edited=&#8220;on|phone&#8220; background_image_tablet=&#8220;https:\/\/www.arenasolutions.com\/wp-content\/uploads\/green-background.jpg&#8220; background_image_phone=&#8220;https:\/\/www.arenasolutions.com\/wp-content\/uploads\/gray-background.jpg&#8220; background_enable_image_tablet=&#8220;on&#8220; background_enable_image_phone=&#8220;on&#8220; collapsed=&#8220;off&#8220; global_colors_info=&#8220;{}&#8220; title_text_tablet=&#8220;green-background&#8220;][et_pb_row column_structure=&#8220;1_2,1_2&#8243; _builder_version=&#8220;4.16&#8243; global_colors_info=&#8220;{}&#8220;][et_pb_column type=&#8220;1_2&#8243; _builder_version=&#8220;4.16&#8243; global_colors_info=&#8220;{}&#8220;][et_pb_text admin_label=&#8220;Guide Title&#8220; _builder_version=&#8220;4.16&#8243; header_text_color=&#8220;#FFFFFF&#8220; header_3_text_color=&#8220;#FFFFFF&#8220; header_4_font=&#8220;Open Sans|600|||||||&#8220; header_4_text_color=&#8220;#FFFFFF&#8220; custom_margin=&#8220;||0px||false|false&#8220; custom_padding=&#8220;||0px|||&#8220; global_colors_info=&#8220;{}&#8220;]<\/p>\n<h1>Erfolg im Zeitalter <br class=\"hidden-on-mobile\" \/>der Disruption<\/h1>\n<p>[\/et_pb_text][et_pb_text admin_label=&#8220;Guide Subhead&#8220; module_class=&#8220;guide-subhead&#8220; _builder_version=&#8220;4.16&#8243; header_4_text_color=&#8220;#FFFFFF&#8220; custom_padding=&#8220;0px|||||&#8220; global_colors_info=&#8220;{}&#8220;]<\/p>\n<h4>Cloud-L\u00f6sungen f\u00fcr den Erfolg <br class=\"hidden-on-mobile\" \/>und bei allen Arten der Disruption<\/h4>\n<p>[\/et_pb_text][\/et_pb_column][et_pb_column type=&#8220;1_2&#8243; _builder_version=&#8220;4.16&#8243; global_colors_info=&#8220;{}&#8220;][\/et_pb_column][\/et_pb_row][\/et_pb_section][et_pb_section fb_built=&#8220;1&#8243; admin_label=&#8220;Introduction&#8220; _builder_version=&#8220;4.16&#8243; background_color=&#8220;#FFFFFF&#8220; custom_margin=&#8220;||50px||false|false&#8220; custom_padding=&#8220;35px||20px|||&#8220; global_colors_info=&#8220;{}&#8220;][et_pb_row column_structure=&#8220;3_4,1_4&#8243; admin_label=&#8220;Einf\u00fchrung&#8220; _builder_version=&#8220;4.16&#8243; _module_preset=&#8220;default&#8220; global_colors_info=&#8220;{}&#8220;][et_pb_column type=&#8220;3_4&#8243; _builder_version=&#8220;4.16&#8243; _module_preset=&#8220;default&#8220; global_colors_info=&#8220;{}&#8220;][et_pb_text admin_label=&#8220;Intro Title&#8220; _builder_version=&#8220;4.27.4&#8243; _module_preset=&#8220;default&#8220; global_colors_info=&#8220;{}&#8220;]<\/p>\n<h1>UMGANG MIT DISRUPTIONEN<\/h1>\n<p>[\/et_pb_text][et_pb_text admin_label=&#8220;Intro copy&#8220; _builder_version=&#8220;4.16&#8243; _module_preset=&#8220;default&#8220; global_colors_info=&#8220;{}&#8220;]<\/p>\n<p class=\"p1\"><strong>Globale Pandemien. Naturkatastrophen. Politische Unruhen. Teile- und Arbeitskr\u00e4ftemangel. Derartige Ereignisse werden zunehmend allt\u00e4glicher und f\u00fchren uns deutlich vor Augen, dass wir uns in einer nie dagewesenen Phase des Umbruchs befinden. Unvorhergesehene Ereignisse dieser Art k\u00f6nnen sich nicht nur negativ auf unser Privatleben auswirken, sondern beeintr\u00e4chtigen auch den Operations-Bereich von Unternehmen, die bem\u00fcht sind, Kunden weltweit innovative, sichere und effektive Produkte bereitzustellen.<\/strong><\/p>\n<p class=\"p2\">Unternehmen m\u00fcssen sich kontinuierlich an neue Marktanforderungen und sich st\u00e4ndig weiterentwickelnde regulatorische Vorschriften anpassen. Die Einf\u00fchrung des Internet of Things (IoT), der k\u00fcnstlichen Intelligenz (KI) und der Augmented Reality (AR) sowie zahlreicher weiterer disruptiver Technologien haben dazu gef\u00fchrt, dass sowohl die Produktkomplexit\u00e4t als auch die Kundenerwartungen stetig zunehmen.<\/p>\n<p>[\/et_pb_text][et_pb_text admin_label=&#8220;Paragraphs&#8220; _builder_version=&#8220;4.16&#8243; _module_preset=&#8220;default&#8220; global_colors_info=&#8220;{}&#8220;]<\/p>\n<p class=\"p3\"><img loading=\"lazy\" decoding=\"async\" class=\"wp-image-21516 size-large alignleft\" style=\"padding: 0px 20px 20px 0px;\" src=\"https:\/\/www.arenasolutions.com\/wp-content\/uploads\/\/Supply-Chain-Disruption-500x441.jpg\" alt=\"Unterbrechungen der Lieferkette\" width=\"500\" height=\"441\" srcset=\"https:\/\/www.arenasolutions.com\/wp-content\/uploads\/Supply-Chain-Disruption-500x441.jpg 500w, https:\/\/www.arenasolutions.com\/wp-content\/uploads\/Supply-Chain-Disruption-300x265.jpg 300w, https:\/\/www.arenasolutions.com\/wp-content\/uploads\/Supply-Chain-Disruption-768x677.jpg 768w, https:\/\/www.arenasolutions.com\/wp-content\/uploads\/Supply-Chain-Disruption-248x219.jpg 248w, https:\/\/www.arenasolutions.com\/wp-content\/uploads\/Supply-Chain-Disruption-1080x952.jpg 1080w, https:\/\/www.arenasolutions.com\/wp-content\/uploads\/Supply-Chain-Disruption.jpg 1200w\" sizes=\"(max-width: 500px) 100vw, 500px\" \/>Auch die COVID-19-Pandemie hat die Hersteller hart getroffen. Rohstoffknappheit, erh\u00f6hte Vorlaufzeiten f\u00fcr Komponenten sowie Logistikprobleme sind nur einige der Folgen, die den reibungslosen Ablauf der Lieferketten beeintr\u00e4chtigen. Einer der ersten gro\u00dfen Schocks war die Schlie\u00dfung von Fabriken in Asien aufgrund von Corona-Ausbr\u00fcchen. Dies f\u00fchrte zu einer weltweiten Knappheit an Mikrochips, welche ein zentraler Bestandteil von Computern, Smartphones, Medizinprodukten und zahlreichen Verbrauchsg\u00fctern sind. Letztendlich sahen sich die Hersteller hierdurch gezwungen, ihre Produktion herunterzufahren oder vor\u00fcbergehend ganz auszusetzen<span class=\"s1\"><sup>1<\/sup><\/span>.<\/p>\n<p class=\"p1\">Neben <a href=\"https:\/\/www.arenasolutions.com\/resources\/glossary\/supply-chain-disruption\/\">Unterbrechungen der Lieferkette<\/a> traten in vielen Unternehmen zudem Kommunikations- und Produktivit\u00e4tsprobleme zutage, die auf die Abh\u00e4ngigkeit von E-Mail- und Tabellenkalkulationsprogrammen, dokumentenbasierten Anwendungen, On-Premise-Software und anderen isolierten Systemen zur\u00fcckzuf\u00fchren waren. Da immer mehr Mitarbeiter im Homeoffice arbeiteten, erzeugten diese Systeme Silos, die die Zusammenarbeit von Produktteams und Lieferanten erschwerten.<\/p>\n<p class=\"p1\">Infolge der COVID-19-Pandemie haben Hersteller u. a. Verz\u00f6gerungen bei der Produktauslieferung, Qualit\u00e4tsprobleme, vermehrte Kundenbeschwerden, Umsatzeinbu\u00dfen sowie den Verlust der Vorreiterposition erlebt.<\/p>\n<p>[\/et_pb_text][et_pb_text admin_label=&#8220;Paragraphs&#8220; _builder_version=&#8220;4.27.4&#8243; _module_preset=&#8220;default&#8220; global_colors_info=&#8220;{}&#8220;]<\/p>\n<h2><span style=\"color: #40aa1d;\">Wie also k\u00f6nnen sich Unternehmen bestm\u00f6glich f\u00fcr zuk\u00fcnftige Disruptionen r\u00fcsten, um auch in schwierigen Zeiten erfolgreich zu sein?<\/span><\/h2>\n<p class=\"p2\">Im vorliegenden Whitepaper besch\u00e4ftigen wir uns mit der Frage, wie die Einf\u00fchrung cloudbasierter L\u00f6sungen und anderer Technologien Produkthersteller dazu in die Lage versetzt, sich schnell an Ver\u00e4nderungen anzupassen und die erforderliche digitale Transformation zu vollziehen, um in der heutigen globalen Wirtschaft wettbewerbsf\u00e4hig zu bleiben. Au\u00dferdem stellen wir einige wichtige Schritte vor, die Sie ergreifen k\u00f6nnen, um Ihre digitale Transformation zu einem vollen Erfolg zu machen.<\/p>\n<p class=\"p3\">\n[\/et_pb_text][et_pb_text admin_label=&#8220;reference&#8220; _builder_version=&#8220;4.16&#8243; _module_preset=&#8220;default&#8220; global_colors_info=&#8220;{}&#8220;]<\/p>\n<p><strong>1. <\/strong><i><a href=\"https:\/\/news.wttw.com\/2021\/07\/29\/global-shortage-computer-chips-hits-us-manufacturing\" target=\"_blank\" rel=\"noopener\"><span class=\"s1\">https:\/\/news.wttw.com\/2021\/07\/29\/global-shortage-computer-chips-hits-us-manufacturing<\/span><\/a><\/i><\/p>\n<p class=\"p3\">\n[\/et_pb_text][et_pb_button button_url=&#8220;https:\/\/www.arenasolutions.com\/white-papers\/thrive-anytime\/unforseen-events\/&#8220; button_text=&#8220;UNVORHERSEHBAREN EREIGNISSEN ZUVORKOMMEN&#8220; admin_label=&#8220;Next Section Button&#8220; _builder_version=&#8220;4.16&#8243; _module_preset=&#8220;default&#8220; global_colors_info=&#8220;{}&#8220;][\/et_pb_button][\/et_pb_column][et_pb_column type=&#8220;1_4&#8243; _builder_version=&#8220;4.16&#8243; _module_preset=&#8220;default&#8220; global_colors_info=&#8220;{}&#8220;][et_pb_text disabled_on=&#8220;on|off|off&#8220; admin_label=&#8220;Thrive Anytime Sidebar Navigation&#8220; module_class=&#8220;module-nav-links&#8220; _builder_version=&#8220;4.20.0&#8243; _module_preset=&#8220;default&#8220; global_module=&#8220;21350&#8243; saved_tabs=&#8220;all&#8220; locked=&#8220;off&#8220; global_colors_info=&#8220;{}&#8220;]<\/p>\n<h3>Sections<\/h3>\n<p><a href=\"https:\/\/www.arenasolutions.com\/white-papers\/thrive-anytime\/dealing-with-disruptions\/\">Introduction &#8211; Dealing with Disruptions<\/a><\/p>\n<p><a href=\"https:\/\/www.arenasolutions.com\/white-papers\/thrive-anytime\/unforseen-events\/\">Getting Ahead of Unforeseen Events<\/a><\/p>\n<p><a href=\"https:\/\/www.arenasolutions.com\/white-papers\/thrive-anytime\/7-steps-for-success\/\">7 Steps to Fuel Digital Transformation Success<\/a><\/p>\n<p><a href=\"https:\/\/www.arenasolutions.com\/white-papers\/thrive-anytime\/digital-transformation\/\">Digital Transformation Spurs Agile Product Development<\/a><\/p>\n<p><a href=\"https:\/\/www.arenasolutions.com\/white-papers\/thrive-anytime\/proven-transformation\/\">Proven Transformation with Cloud Product Development<\/a><\/p>\n<p><a href=\"https:\/\/www.arenasolutions.com\/white-papers\/thrive-anytime\/cloud-product-development-solutions\/\">Thrive Anytime<\/a><\/p>\n<p>[\/et_pb_text][et_pb_button _builder_version=&#8220;4.16&#8243; _module_preset=&#8220;default&#8220; global_colors_info=&#8220;{}&#8220;][\/et_pb_button][\/et_pb_column][\/et_pb_row][\/et_pb_section][et_pb_section fb_built=&#8220;1&#8243; admin_label=&#8220;CTA &#8211; See Arena In Action&#8220; module_id=&#8220;before-footer-cta&#8220; module_class=&#8220;cta-section blue-button footer-cta-section&#8220; _builder_version=&#8220;4.24.2&#8243; _module_preset=&#8220;default&#8220; background_image=&#8220;https:\/\/www.arenasolutions.com\/wp-content\/uploads\/PTC-Green-background.jpg&#8220; custom_padding=&#8220;30px||30px||true|&#8220; global_module=&#8220;47692&#8243; saved_tabs=&#8220;all&#8220; locked=&#8220;off&#8220; collapsed=&#8220;off&#8220; global_colors_info=&#8220;{}&#8220;][et_pb_row column_structure=&#8220;1_2,1_2&#8243; use_custom_gutter=&#8220;on&#8220; gutter_width=&#8220;1&#8243; make_equal=&#8220;on&#8220; _builder_version=&#8220;4.16&#8243; _module_preset=&#8220;default&#8220; global_colors_info=&#8220;{}&#8220;][et_pb_column type=&#8220;1_2&#8243; _builder_version=&#8220;4.16&#8243; _module_preset=&#8220;default&#8220; custom_padding=&#8220;|40px|||false|false&#8220; custom_padding_tablet=&#8220;|0px|0px||false|false&#8220; custom_padding_phone=&#8220;&#8220; custom_padding_last_edited=&#8220;on|desktop&#8220; custom_css_main_element=&#8220;display: grid;||align-content: center;&#8220; border_width_right=&#8220;1px&#8220; border_color_right=&#8220;#FFFFFF&#8220; border_width_all_tablet=&#8220;&#8220; border_width_all_phone=&#8220;&#8220; border_width_all_last_edited=&#8220;on|desktop&#8220; border_width_right_tablet=&#8220;0px&#8220; border_width_right_phone=&#8220;&#8220; border_width_right_last_edited=&#8220;on|tablet&#8220; global_colors_info=&#8220;{}&#8220; custom_css_main_element_last_edited=&#8220;on|tablet&#8220; custom_css_main_element_tablet=&#8220;padding-bottom: 0 !important;&#8220; custom_css_main_element_phone=&#8220;padding-bottom: 0 !important;&#8220;][et_pb_text _builder_version=&#8220;4.16.0&#8243; _module_preset=&#8220;default&#8220; header_2_text_align=&#8220;right&#8220; header_2_text_color=&#8220;#FFFFFF&#8220; header_2_font_size=&#8220;36px&#8220; custom_padding=&#8220;||||false|true&#8220; header_2_text_align_tablet=&#8220;center&#8220; header_2_text_align_phone=&#8220;center&#8220; header_2_text_align_last_edited=&#8220;on|tablet&#8220; global_colors_info=&#8220;{}&#8220;]<\/p>\n<h2><span style=\"color: #ffffff;\">ERLEBEN SIE Arena<br \/>IN AKTION<\/span><\/h2>\n<p>[\/et_pb_text][\/et_pb_column][et_pb_column type=&#8220;1_2&#8243; _builder_version=&#8220;4.16&#8243; _module_preset=&#8220;default&#8220; custom_padding=&#8220;25px|||40px|false|false&#8220; custom_padding_tablet=&#8220;10px|||0px|false|false&#8220; custom_padding_phone=&#8220;&#8220; custom_padding_last_edited=&#8220;on|tablet&#8220; custom_css_main_element=&#8220;display: grid;||align-content: center;&#8220; global_colors_info=&#8220;{}&#8220; custom_css_main_element_last_edited=&#8220;on|tablet&#8220; custom_css_main_element_tablet=&#8220;padding-top: 25px !important;&#8220; custom_css_main_element_phone=&#8220;padding-top: 25px !important;&#8220;][et_pb_button button_url=&#8220;\/get-demo\/&#8220; button_text=&#8220;DEMO ANFORDERN&#8220; button_alignment=&#8220;left&#8220; button_alignment_tablet=&#8220;center&#8220; button_alignment_phone=&#8220;&#8220; button_alignment_last_edited=&#8220;on|phone&#8220; module_id=&#8220;btn-hover&#8220; _builder_version=&#8220;4.17.4&#8243; _module_preset=&#8220;0502c53d-5c03-4693-8ec9-1f07f1a7547b&#8220; custom_margin=&#8220;||||false|false&#8220; custom_margin_tablet=&#8220;&#8220; custom_margin_phone=&#8220;25px||||false|false&#8220; custom_margin_last_edited=&#8220;on|phone&#8220; global_colors_info=&#8220;{}&#8220;][\/et_pb_button][\/et_pb_column][\/et_pb_row][\/et_pb_section]<\/p>\n","protected":false},"excerpt":{"rendered":"<p>Erfolg im Zeitalter der Disruption Cloud-L\u00f6sungen f\u00fcr den Erfolg und bei allen Arten der Disruption UMGANG MIT DISRUPTIONEN Globale Pandemien. Naturkatastrophen. Politische Unruhen. Teile- und&#8230;<\/p>\n","protected":false},"author":61,"featured_media":21319,"parent":0,"menu_order":0,"comment_status":"closed","ping_status":"closed","template":"divi.php","meta":{"_acf_changed":false,"_et_pb_use_builder":"on","_et_pb_old_content":"","_et_gb_content_width":"","footnotes":""},"class_list":["post-21965","page","type-page","status-publish","has-post-thumbnail","hentry"],"acf":[],"yoast_head":"<!-- This site is optimized with the Yoast SEO Premium plugin v27.2 (Yoast SEO v27.2) - https:\/\/yoast.com\/product\/yoast-seo-premium-wordpress\/ -->\n<title>Umgang Mit Disruptionen | Arena<\/title>\n<meta name=\"description\" content=\"Im vorliegenden Whitepaper besch\u00e4ftigen wir uns mit der Frage, wie die Einf\u00fchrung cloudbasierter L\u00f6sungen und anderer Technologien Produkthersteller dazu in die Lage versetzt, sich schnell an Ver\u00e4nderungen anzupassen und die erforderliche digitale Transformation zu vollziehen, um in der heutigen globalen Wirtschaft wettbewerbsf\u00e4hig zu bleiben.\" \/>\n<meta name=\"robots\" content=\"index, follow, max-snippet:-1, max-image-preview:large, max-video-preview:-1\" \/>\n<link rel=\"canonical\" href=\"https:\/\/www.arenasolutions.com\/de\/white-papers\/thrive-anytime\/dealing-with-disruptions\/\" \/>\n<meta property=\"og:locale\" content=\"de_DE\" \/>\n<meta property=\"og:type\" content=\"article\" \/>\n<meta property=\"og:title\" content=\"Erfolg zu jeder Zeit \u2013 Einf\u00fchrung\" \/>\n<meta property=\"og:description\" content=\"Im vorliegenden Whitepaper besch\u00e4ftigen wir uns mit der Frage, wie die Einf\u00fchrung cloudbasierter L\u00f6sungen und anderer Technologien Produkthersteller dazu in die Lage versetzt, sich schnell an Ver\u00e4nderungen anzupassen und die erforderliche digitale Transformation zu vollziehen, um in der heutigen globalen Wirtschaft wettbewerbsf\u00e4hig zu bleiben.\" \/>\n<meta property=\"og:url\" content=\"https:\/\/www.arenasolutions.com\/de\/white-papers\/thrive-anytime\/dealing-with-disruptions\/\" \/>\n<meta property=\"og:site_name\" content=\"Arena\" \/>\n<meta property=\"article:publisher\" content=\"https:\/\/www.facebook.com\/arenasolutions\/\" \/>\n<meta property=\"article:modified_time\" content=\"2025-10-17T16:08:09+00:00\" \/>\n<meta property=\"og:image\" content=\"https:\/\/www.arenasolutions.com\/wp-content\/uploads\/Thrive-Hero.jpg\" \/>\n\t<meta property=\"og:image:width\" content=\"2560\" \/>\n\t<meta property=\"og:image:height\" content=\"667\" \/>\n\t<meta property=\"og:image:type\" content=\"image\/jpeg\" \/>\n<meta name=\"twitter:card\" content=\"summary_large_image\" \/>\n<meta name=\"twitter:site\" content=\"@arenasolutions\" \/>\n<meta name=\"twitter:label1\" content=\"Gesch\u00e4tzte Lesezeit\" \/>\n\t<meta name=\"twitter:data1\" content=\"6 Minuten\" \/>\n<script type=\"application\/ld+json\" class=\"yoast-schema-graph\">{\"@context\":\"https:\/\/schema.org\",\"@graph\":[{\"@type\":\"WebPage\",\"@id\":\"https:\/\/www.arenasolutions.com\/de\/white-papers\/thrive-anytime\/dealing-with-disruptions\/\",\"url\":\"https:\/\/www.arenasolutions.com\/de\/white-papers\/thrive-anytime\/dealing-with-disruptions\/\",\"name\":\"Umgang Mit Disruptionen | Arena\",\"isPartOf\":{\"@id\":\"https:\/\/www.arenasolutions.com\/de\/#website\"},\"primaryImageOfPage\":{\"@id\":\"https:\/\/www.arenasolutions.com\/de\/white-papers\/thrive-anytime\/dealing-with-disruptions\/#primaryimage\"},\"image\":{\"@id\":\"https:\/\/www.arenasolutions.com\/de\/white-papers\/thrive-anytime\/dealing-with-disruptions\/#primaryimage\"},\"thumbnailUrl\":\"https:\/\/www.arenasolutions.com\/wp-content\/uploads\/Thrive-Hero.jpg\",\"datePublished\":\"2021-12-27T22:59:54+00:00\",\"dateModified\":\"2025-10-17T16:08:09+00:00\",\"description\":\"Im vorliegenden Whitepaper besch\u00e4ftigen wir uns mit der Frage, wie die Einf\u00fchrung cloudbasierter L\u00f6sungen und anderer Technologien Produkthersteller dazu in die Lage versetzt, sich schnell an Ver\u00e4nderungen anzupassen und die erforderliche digitale Transformation zu vollziehen, um in der heutigen globalen Wirtschaft wettbewerbsf\u00e4hig zu bleiben.\",\"breadcrumb\":{\"@id\":\"https:\/\/www.arenasolutions.com\/de\/white-papers\/thrive-anytime\/dealing-with-disruptions\/#breadcrumb\"},\"inLanguage\":\"de-DE\",\"potentialAction\":[{\"@type\":\"ReadAction\",\"target\":[\"https:\/\/www.arenasolutions.com\/de\/white-papers\/thrive-anytime\/dealing-with-disruptions\/\"]}]},{\"@type\":\"ImageObject\",\"inLanguage\":\"de-DE\",\"@id\":\"https:\/\/www.arenasolutions.com\/de\/white-papers\/thrive-anytime\/dealing-with-disruptions\/#primaryimage\",\"url\":\"https:\/\/www.arenasolutions.com\/wp-content\/uploads\/Thrive-Hero.jpg\",\"contentUrl\":\"https:\/\/www.arenasolutions.com\/wp-content\/uploads\/Thrive-Hero.jpg\",\"width\":2560,\"height\":667,\"caption\":\"Erfolg im Zeitalter der Disruption \u2013 Bild einer Weltkugel, die zerbricht.\"},{\"@type\":\"BreadcrumbList\",\"@id\":\"https:\/\/www.arenasolutions.com\/de\/white-papers\/thrive-anytime\/dealing-with-disruptions\/#breadcrumb\",\"itemListElement\":[{\"@type\":\"ListItem\",\"position\":1,\"name\":\"Home\",\"item\":\"https:\/\/www.arenasolutions.com\/de\/\"},{\"@type\":\"ListItem\",\"position\":2,\"name\":\"Erfolg zu jeder Zeit \u2013 Einf\u00fchrung\"}]},{\"@type\":\"WebSite\",\"@id\":\"https:\/\/www.arenasolutions.com\/de\/#website\",\"url\":\"https:\/\/www.arenasolutions.com\/de\/\",\"name\":\"Arena\",\"description\":\"Arena helps companies design, produce, and deliver innovative products fast.\",\"publisher\":{\"@id\":\"https:\/\/www.arenasolutions.com\/de\/#organization\"},\"potentialAction\":[{\"@type\":\"SearchAction\",\"target\":{\"@type\":\"EntryPoint\",\"urlTemplate\":\"https:\/\/www.arenasolutions.com\/de\/?s={search_term_string}\"},\"query-input\":{\"@type\":\"PropertyValueSpecification\",\"valueRequired\":true,\"valueName\":\"search_term_string\"}}],\"inLanguage\":\"de-DE\"},{\"@type\":\"Organization\",\"@id\":\"https:\/\/www.arenasolutions.com\/de\/#organization\",\"name\":\"Arena, a PTC Business\",\"url\":\"https:\/\/www.arenasolutions.com\/de\/\",\"logo\":{\"@type\":\"ImageObject\",\"inLanguage\":\"de-DE\",\"@id\":\"https:\/\/www.arenasolutions.com\/de\/#\/schema\/logo\/image\/\",\"url\":\"https:\/\/www.arenasolutions.com\/wp-content\/uploads\/arena-logo-navbar.png\",\"contentUrl\":\"https:\/\/www.arenasolutions.com\/wp-content\/uploads\/arena-logo-navbar.png\",\"width\":247,\"height\":77,\"caption\":\"Arena, a PTC Business\"},\"image\":{\"@id\":\"https:\/\/www.arenasolutions.com\/de\/#\/schema\/logo\/image\/\"},\"sameAs\":[\"https:\/\/www.facebook.com\/arenasolutions\/\",\"https:\/\/x.com\/arenasolutions\",\"https:\/\/www.linkedin.com\/company\/12524\",\"https:\/\/www.youtube.com\/user\/Arenasolutions\"]}]}<\/script>\n<!-- \/ Yoast SEO Premium plugin. -->","yoast_head_json":{"title":"Umgang Mit Disruptionen | Arena","description":"Im vorliegenden Whitepaper besch\u00e4ftigen wir uns mit der Frage, wie die Einf\u00fchrung cloudbasierter L\u00f6sungen und anderer Technologien Produkthersteller dazu in die Lage versetzt, sich schnell an Ver\u00e4nderungen anzupassen und die erforderliche digitale Transformation zu vollziehen, um in der heutigen globalen Wirtschaft wettbewerbsf\u00e4hig zu bleiben.","robots":{"index":"index","follow":"follow","max-snippet":"max-snippet:-1","max-image-preview":"max-image-preview:large","max-video-preview":"max-video-preview:-1"},"canonical":"https:\/\/www.arenasolutions.com\/de\/white-papers\/thrive-anytime\/dealing-with-disruptions\/","og_locale":"de_DE","og_type":"article","og_title":"Erfolg zu jeder Zeit \u2013 Einf\u00fchrung","og_description":"Im vorliegenden Whitepaper besch\u00e4ftigen wir uns mit der Frage, wie die Einf\u00fchrung cloudbasierter L\u00f6sungen und anderer Technologien Produkthersteller dazu in die Lage versetzt, sich schnell an Ver\u00e4nderungen anzupassen und die erforderliche digitale Transformation zu vollziehen, um in der heutigen globalen Wirtschaft wettbewerbsf\u00e4hig zu bleiben.","og_url":"https:\/\/www.arenasolutions.com\/de\/white-papers\/thrive-anytime\/dealing-with-disruptions\/","og_site_name":"Arena","article_publisher":"https:\/\/www.facebook.com\/arenasolutions\/","article_modified_time":"2025-10-17T16:08:09+00:00","og_image":[{"width":2560,"height":667,"url":"https:\/\/www.arenasolutions.com\/wp-content\/uploads\/Thrive-Hero.jpg","type":"image\/jpeg"}],"twitter_card":"summary_large_image","twitter_site":"@arenasolutions","twitter_misc":{"Gesch\u00e4tzte Lesezeit":"6 Minuten"},"schema":{"@context":"https:\/\/schema.org","@graph":[{"@type":"WebPage","@id":"https:\/\/www.arenasolutions.com\/de\/white-papers\/thrive-anytime\/dealing-with-disruptions\/","url":"https:\/\/www.arenasolutions.com\/de\/white-papers\/thrive-anytime\/dealing-with-disruptions\/","name":"Umgang Mit Disruptionen | Arena","isPartOf":{"@id":"https:\/\/www.arenasolutions.com\/de\/#website"},"primaryImageOfPage":{"@id":"https:\/\/www.arenasolutions.com\/de\/white-papers\/thrive-anytime\/dealing-with-disruptions\/#primaryimage"},"image":{"@id":"https:\/\/www.arenasolutions.com\/de\/white-papers\/thrive-anytime\/dealing-with-disruptions\/#primaryimage"},"thumbnailUrl":"https:\/\/www.arenasolutions.com\/wp-content\/uploads\/Thrive-Hero.jpg","datePublished":"2021-12-27T22:59:54+00:00","dateModified":"2025-10-17T16:08:09+00:00","description":"Im vorliegenden Whitepaper besch\u00e4ftigen wir uns mit der Frage, wie die Einf\u00fchrung cloudbasierter L\u00f6sungen und anderer Technologien Produkthersteller dazu in die Lage versetzt, sich schnell an Ver\u00e4nderungen anzupassen und die erforderliche digitale Transformation zu vollziehen, um in der heutigen globalen Wirtschaft wettbewerbsf\u00e4hig zu bleiben.","breadcrumb":{"@id":"https:\/\/www.arenasolutions.com\/de\/white-papers\/thrive-anytime\/dealing-with-disruptions\/#breadcrumb"},"inLanguage":"de-DE","potentialAction":[{"@type":"ReadAction","target":["https:\/\/www.arenasolutions.com\/de\/white-papers\/thrive-anytime\/dealing-with-disruptions\/"]}]},{"@type":"ImageObject","inLanguage":"de-DE","@id":"https:\/\/www.arenasolutions.com\/de\/white-papers\/thrive-anytime\/dealing-with-disruptions\/#primaryimage","url":"https:\/\/www.arenasolutions.com\/wp-content\/uploads\/Thrive-Hero.jpg","contentUrl":"https:\/\/www.arenasolutions.com\/wp-content\/uploads\/Thrive-Hero.jpg","width":2560,"height":667,"caption":"Erfolg im Zeitalter der Disruption \u2013 Bild einer Weltkugel, die zerbricht."},{"@type":"BreadcrumbList","@id":"https:\/\/www.arenasolutions.com\/de\/white-papers\/thrive-anytime\/dealing-with-disruptions\/#breadcrumb","itemListElement":[{"@type":"ListItem","position":1,"name":"Home","item":"https:\/\/www.arenasolutions.com\/de\/"},{"@type":"ListItem","position":2,"name":"Erfolg zu jeder Zeit \u2013 Einf\u00fchrung"}]},{"@type":"WebSite","@id":"https:\/\/www.arenasolutions.com\/de\/#website","url":"https:\/\/www.arenasolutions.com\/de\/","name":"Arena","description":"Arena helps companies design, produce, and deliver innovative products fast.","publisher":{"@id":"https:\/\/www.arenasolutions.com\/de\/#organization"},"potentialAction":[{"@type":"SearchAction","target":{"@type":"EntryPoint","urlTemplate":"https:\/\/www.arenasolutions.com\/de\/?s={search_term_string}"},"query-input":{"@type":"PropertyValueSpecification","valueRequired":true,"valueName":"search_term_string"}}],"inLanguage":"de-DE"},{"@type":"Organization","@id":"https:\/\/www.arenasolutions.com\/de\/#organization","name":"Arena, a PTC Business","url":"https:\/\/www.arenasolutions.com\/de\/","logo":{"@type":"ImageObject","inLanguage":"de-DE","@id":"https:\/\/www.arenasolutions.com\/de\/#\/schema\/logo\/image\/","url":"https:\/\/www.arenasolutions.com\/wp-content\/uploads\/arena-logo-navbar.png","contentUrl":"https:\/\/www.arenasolutions.com\/wp-content\/uploads\/arena-logo-navbar.png","width":247,"height":77,"caption":"Arena, a PTC Business"},"image":{"@id":"https:\/\/www.arenasolutions.com\/de\/#\/schema\/logo\/image\/"},"sameAs":["https:\/\/www.facebook.com\/arenasolutions\/","https:\/\/x.com\/arenasolutions","https:\/\/www.linkedin.com\/company\/12524","https:\/\/www.youtube.com\/user\/Arenasolutions"]}]}},"_links":{"self":[{"href":"https:\/\/www.arenasolutions.com\/de\/wp-json\/wp\/v2\/pages\/21965","targetHints":{"allow":["GET"]}}],"collection":[{"href":"https:\/\/www.arenasolutions.com\/de\/wp-json\/wp\/v2\/pages"}],"about":[{"href":"https:\/\/www.arenasolutions.com\/de\/wp-json\/wp\/v2\/types\/page"}],"author":[{"embeddable":true,"href":"https:\/\/www.arenasolutions.com\/de\/wp-json\/wp\/v2\/users\/61"}],"replies":[{"embeddable":true,"href":"https:\/\/www.arenasolutions.com\/de\/wp-json\/wp\/v2\/comments?post=21965"}],"version-history":[{"count":0,"href":"https:\/\/www.arenasolutions.com\/de\/wp-json\/wp\/v2\/pages\/21965\/revisions"}],"wp:featuredmedia":[{"embeddable":true,"href":"https:\/\/www.arenasolutions.com\/de\/wp-json\/wp\/v2\/media\/21319"}],"wp:attachment":[{"href":"https:\/\/www.arenasolutions.com\/de\/wp-json\/wp\/v2\/media?parent=21965"}],"curies":[{"name":"wp","href":"https:\/\/api.w.org\/{rel}","templated":true}]}}