{"id":19935,"date":"2021-09-02T13:54:47","date_gmt":"2021-09-02T20:54:47","guid":{"rendered":"https:\/\/www.arenasolutions.com\/plm-demo-anfordern-bestaetigung\/"},"modified":"2026-04-09T08:44:23","modified_gmt":"2026-04-09T15:44:23","slug":"plm-demo-anfordern-bestaetigung","status":"publish","type":"page","link":"https:\/\/www.arenasolutions.com\/de\/plm-demo-conf\/","title":{"rendered":"PLM-Demo anfordern \u2013 Best\u00e4tigung"},"content":{"rendered":"<p>[et_pb_section fb_built=&#8220;1&#8243; disabled_on=&#8220;on|off|off&#8220; admin_label=&#8220;hero section&#8220; _builder_version=&#8220;4.27.5&#8243; use_background_color_gradient=&#8220;on&#8220; background_color_gradient_stops=&#8220;#ffffff 20%|#ececf0 100%&#8220; background_enable_image=&#8220;off&#8220; custom_padding=&#8220;30px||22px||false|false&#8220; background_image_tablet=&#8220;https:\/\/www.arenasolutions.com\/wp-content\/uploads\/green-background.jpg&#8220; background_enable_image_tablet=&#8220;on&#8220; locked=&#8220;off&#8220; global_colors_info=&#8220;{}&#8220; title_text_tablet=&#8220;green-background&#8220;][et_pb_row _builder_version=&#8220;4.27.5&#8243; custom_margin=&#8220;||0px||false|false&#8220; custom_padding=&#8220;||7px|||&#8220; locked=&#8220;off&#8220; global_colors_info=&#8220;{}&#8220;][et_pb_column type=&#8220;4_4&#8243; _builder_version=&#8220;4.16&#8243; global_colors_info=&#8220;{}&#8220;][et_pb_text admin_label=&#8220;Title&#8220; _builder_version=&#8220;4.27.5&#8243; _module_preset=&#8220;default&#8220; header_font_size=&#8220;90px&#8220; header_letter_spacing=&#8220;1px&#8220; header_line_height=&#8220;1.1em&#8220; header_2_letter_spacing=&#8220;1px&#8220; header_2_line_height=&#8220;1.1em&#8220; custom_margin=&#8220;2px||13px||false|false&#8220; header_font_size_tablet=&#8220;65px&#8220; header_font_size_phone=&#8220;40px&#8220; header_font_size_last_edited=&#8220;on|phone&#8220; locked=&#8220;off&#8220; global_colors_info=&#8220;{}&#8220;]<\/p>\n<h1>Erleben Sie Arena in Aktion<\/h1>\n<p>[\/et_pb_text][\/et_pb_column][\/et_pb_row][\/et_pb_section][et_pb_section fb_built=&#8220;1&#8243; _builder_version=&#8220;4.27.5&#8243; custom_padding=&#8220;100px||50px||false|false&#8220; top_divider_style=&#8220;arrow&#8220; top_divider_color=&#8220;#ececf0&#8243; global_colors_info=&#8220;{}&#8220;][et_pb_row _builder_version=&#8220;4.27.5&#8243; custom_margin=&#8220;100px||100px||false|false&#8220; custom_padding=&#8220;0px||0px||false|false&#8220; global_colors_info=&#8220;{}&#8220;][et_pb_column type=&#8220;4_4&#8243; _builder_version=&#8220;4.16&#8243; global_colors_info=&#8220;{}&#8220;][et_pb_text _builder_version=&#8220;4.27.5&#8243; header_text_align=&#8220;center&#8220; header_2_text_align=&#8220;center&#8220; header_3_text_align=&#8220;center&#8220; global_colors_info=&#8220;{}&#8220;]<\/p>\n<h1>Vielen Dank!<\/h1>\n<p style=\"font-size: 25px !important; line-height: 34px !important; text-align: center;\">Ihre PLM-Demo-Anfrage ist eingegangen.<br \/>Wir werden Sie in K\u00fcrze kontaktieren.<\/p>\n<p>[\/et_pb_text][\/et_pb_column][\/et_pb_row][\/et_pb_section][et_pb_section fb_built=&#8220;1&#8243; admin_label=&#8220;Get The How To Buy Guide&#8220; module_class=&#8220;cta-section locale-hide-cn&#8220; _builder_version=&#8220;4.27.5&#8243; _module_preset=&#8220;default&#8220; background_color=&#8220;RGBA(255,255,255,0)&#8220; use_background_color_gradient=&#8220;on&#8220; background_color_gradient_stops=&#8220;rgba(255,255,255,0) 50%|#ffffff 100%&#8220; background_color_gradient_overlays_image=&#8220;on&#8220; background_image=&#8220;https:\/\/www.arenasolutions.com\/wp-content\/uploads\/connections.jpg&#8220; custom_margin=&#8220;15px||40px||false|false&#8220; custom_padding=&#8220;10px||0px||false|false&#8220; link_option_url=&#8220;\/platform\/plm\/comparison\/&#8220; global_module=&#8220;81578&#8243; saved_tabs=&#8220;all&#8220; locked=&#8220;off&#8220; collapsed=&#8220;off&#8220; global_colors_info=&#8220;{}&#8220;][et_pb_row column_structure=&#8220;1_2,1_2&#8243; use_custom_gutter=&#8220;on&#8220; gutter_width=&#8220;1&#8243; make_equal=&#8220;on&#8220; _builder_version=&#8220;4.27.4&#8243; _module_preset=&#8220;default&#8220; module_alignment=&#8220;center&#8220; custom_margin=&#8220;39px|auto||auto||&#8220; custom_padding=&#8220;0px||0px||false|false&#8220; module_alignment_tablet=&#8220;center&#8220; module_alignment_phone=&#8220;center&#8220; module_alignment_last_edited=&#8220;off|desktop&#8220; global_colors_info=&#8220;{}&#8220;][et_pb_column type=&#8220;1_2&#8243; _builder_version=&#8220;4.27.4&#8243; _module_preset=&#8220;default&#8220; custom_padding=&#8220;|40px|||false|false&#8220; custom_padding_tablet=&#8220;|0px|||false|false&#8220; custom_padding_phone=&#8220;&#8220; custom_padding_last_edited=&#8220;on|tablet&#8220; custom_css_main_element=&#8220;display: grid;||align-content: center;&#8220; border_width_right=&#8220;1px&#8220; border_color_right=&#8220;#3d4647&#8243; border_width_right_tablet=&#8220;0px&#8220; border_width_right_phone=&#8220;&#8220; border_width_right_last_edited=&#8220;on|tablet&#8220; global_colors_info=&#8220;{}&#8220;][et_pb_text content_tablet=&#8220;<\/p>\n<h2 style=%22text-align: center;%22><span style=%22color: #000000;%22>Get The <\/span><span style=%22color: #000000;%22>How To Buy Guide<\/span><\/h2>\n<p>&#8220; content_phone=&#8220;<\/p>\n<h2 style=%22text-align: center;%22><span style=%22color: #000000;%22>Get The <\/span><span style=%22color: #000000;%22>How To Buy Guide<\/span><\/h2>\n<p>&#8220; content_last_edited=&#8220;on|phone&#8220; _builder_version=&#8220;4.27.4&#8243; _module_preset=&#8220;default&#8220; header_2_text_align=&#8220;right&#8220; header_2_text_color=&#8220;#262752&#8243; header_2_font_size=&#8220;65px&#8220; custom_padding=&#8220;||||false|true&#8220; header_2_text_align_tablet=&#8220;center&#8220; header_2_text_align_phone=&#8220;&#8220; header_2_text_align_last_edited=&#8220;on|phone&#8220; header_2_font_size_tablet=&#8220;55px&#8220; header_2_font_size_phone=&#8220;45px&#8220; header_2_font_size_last_edited=&#8220;on|phone&#8220; global_colors_info=&#8220;{}&#8220;]<\/p>\n<h2 style=\"text-align: right;\"><span style=\"color: #000000;\">Holen Sie sich den <\/span><span style=\"color: #000000;\">Leitfaden f\u00fcr Eink\u00e4ufer<\/span><\/h2>\n<p>[\/et_pb_text][\/et_pb_column][et_pb_column type=&#8220;1_2&#8243; _builder_version=&#8220;4.27.4&#8243; _module_preset=&#8220;default&#8220; custom_padding=&#8220;30px||30px|40px|false|false&#8220; custom_padding_tablet=&#8220;|||0px|false|false&#8220; custom_padding_phone=&#8220;&#8220; custom_padding_last_edited=&#8220;on|tablet&#8220; custom_css_main_element=&#8220;display: grid;||align-content: center;&#8220; global_colors_info=&#8220;{}&#8220;][et_pb_text content_tablet=&#8220;<\/p>\n<p style=%22margin-bottom: 0px !important; text-align: center;%22>Learn how to evaluate and select the best cloud software for your business needs.<\/p>\n<p>&#8220; content_phone=&#8220;<\/p>\n<p style=%22margin-bottom: 0px !important; text-align: center;%22>Learn how to evaluate and select the best cloud software for your business needs.<\/p>\n<p>&#8220; content_last_edited=&#8220;on|phone&#8220; _builder_version=&#8220;4.27.4&#8243; _module_preset=&#8220;default&#8220; text_text_color=&#8220;#000000&#8243; text_font_size=&#8220;22px&#8220; text_letter_spacing=&#8220;1px&#8220; text_line_height=&#8220;1.5em&#8220; custom_padding=&#8220;||||false|false&#8220; header_2_text_align_tablet=&#8220;center&#8220; header_2_text_align_phone=&#8220;&#8220; header_2_text_align_last_edited=&#8220;on|tablet&#8220; text_orientation_tablet=&#8220;center&#8220; text_orientation_phone=&#8220;right&#8220; text_orientation_last_edited=&#8220;on|tablet&#8220; global_colors_info=&#8220;{}&#8220;]<\/p>\n<p style=\"margin-bottom: 0 !important;\">Erfahren Sie mehr \u00fcber die Evaluierung von Cloud-Software und w\u00e4hlen Sie die f\u00fcr Ihre Gesch\u00e4ftsanforderungen beste L\u00f6sung aus.<\/p>\n<p>[\/et_pb_text][et_pb_button button_url=&#8220;\/how-to-buy-the-right-software\/&#8220; button_text=&#8220;Leitfaden f\u00fcr Eink\u00e4ufer aufrufen&#8220; button_alignment=&#8220;left&#8220; button_alignment_tablet=&#8220;center&#8220; button_alignment_phone=&#8220;center&#8220; button_alignment_last_edited=&#8220;on|phone&#8220; module_class=&#8220;white-button purple-outline&#8220; _builder_version=&#8220;4.27.4&#8243; _module_preset=&#8220;4c2f8ab8-927e-4f51-bf53-cc50ffad1cc7&#8243; custom_margin=&#8220;20px||||false|false&#8220; global_colors_info=&#8220;{}&#8220;][\/et_pb_button][\/et_pb_column][\/et_pb_row][\/et_pb_section]<\/p>\n","protected":false},"excerpt":{"rendered":"<p>Erleben Sie Arena in Aktion Vielen Dank! Ihre PLM-Demo-Anfrage ist eingegangen.Wir werden Sie in K\u00fcrze kontaktieren. Holen Sie sich den Leitfaden f\u00fcr Eink\u00e4ufer Erfahren Sie mehr \u00fcber die Evaluierung&#8230;<\/p>\n","protected":false},"author":61,"featured_media":88007,"parent":0,"menu_order":0,"comment_status":"closed","ping_status":"closed","template":"divi.php","meta":{"_acf_changed":false,"_et_pb_use_builder":"on","_et_pb_old_content":"","_et_gb_content_width":"","footnotes":""},"class_list":["post-19935","page","type-page","status-publish","has-post-thumbnail","hentry"],"acf":[],"yoast_head":"<!-- This site is optimized with the Yoast SEO Premium plugin v27.5 (Yoast SEO v27.5) - https:\/\/yoast.com\/product\/yoast-seo-premium-wordpress\/ -->\n<title>PLM-Demo anfordern \u2013 Best\u00e4tigung | Arena<\/title>\n<meta name=\"description\" content=\"Vielen Dank f\u00fcr das Einreichen Ihrer PLM-Demo-Anfrage! Arena hilft Ihnen dabei, innovative Produkte zu liefern, indem wir die Entwicklung neuer Produkte beschleunigen, Qualit\u00e4tsprobleme eliminieren und die Rentabilit\u00e4t verbessern.\" \/>\n<meta name=\"robots\" content=\"noindex, nofollow\" \/>\n<meta property=\"og:locale\" content=\"de_DE\" \/>\n<meta property=\"og:type\" content=\"article\" \/>\n<meta property=\"og:title\" content=\"PLM-Demo anfordern \u2013 Best\u00e4tigung\" \/>\n<meta property=\"og:description\" content=\"Vielen Dank f\u00fcr das Einreichen Ihrer PLM-Demo-Anfrage! Arena hilft Ihnen dabei, innovative Produkte zu liefern, indem wir die Entwicklung neuer Produkte beschleunigen, Qualit\u00e4tsprobleme eliminieren und die Rentabilit\u00e4t verbessern.\" \/>\n<meta property=\"og:url\" content=\"https:\/\/www.arenasolutions.com\/de\/plm-demo-conf\/\" \/>\n<meta property=\"og:site_name\" content=\"Arena\" \/>\n<meta property=\"article:publisher\" content=\"https:\/\/www.facebook.com\/arenasolutions\/\" \/>\n<meta property=\"article:modified_time\" content=\"2026-04-09T15:44:23+00:00\" \/>\n<meta property=\"og:image\" content=\"https:\/\/www.arenasolutions.com\/wp-content\/uploads\/Arena_by_PTC.png\" \/>\n\t<meta property=\"og:image:width\" content=\"2404\" \/>\n\t<meta property=\"og:image:height\" content=\"841\" \/>\n\t<meta property=\"og:image:type\" content=\"image\/png\" \/>\n<meta name=\"twitter:card\" content=\"summary_large_image\" \/>\n<meta name=\"twitter:site\" content=\"@arenasolutions\" \/>\n<meta name=\"twitter:label1\" content=\"Gesch\u00e4tzte Lesezeit\" \/>\n\t<meta name=\"twitter:data1\" content=\"4 Minuten\" \/>\n<script type=\"application\/ld+json\" class=\"yoast-schema-graph\">{\"@context\":\"https:\\\/\\\/schema.org\",\"@graph\":[{\"@type\":\"WebPage\",\"@id\":\"https:\\\/\\\/www.arenasolutions.com\\\/de\\\/plm-demo-conf\\\/\",\"url\":\"https:\\\/\\\/www.arenasolutions.com\\\/de\\\/plm-demo-conf\\\/\",\"name\":\"PLM-Demo anfordern \u2013 Best\u00e4tigung | Arena\",\"isPartOf\":{\"@id\":\"https:\\\/\\\/www.arenasolutions.com\\\/de\\\/#website\"},\"primaryImageOfPage\":{\"@id\":\"https:\\\/\\\/www.arenasolutions.com\\\/de\\\/plm-demo-conf\\\/#primaryimage\"},\"image\":{\"@id\":\"https:\\\/\\\/www.arenasolutions.com\\\/de\\\/plm-demo-conf\\\/#primaryimage\"},\"thumbnailUrl\":\"https:\\\/\\\/www.arenasolutions.com\\\/wp-content\\\/uploads\\\/Arena_by_PTC.png\",\"datePublished\":\"2021-09-02T20:54:47+00:00\",\"dateModified\":\"2026-04-09T15:44:23+00:00\",\"description\":\"Vielen Dank f\u00fcr das Einreichen Ihrer PLM-Demo-Anfrage! Arena hilft Ihnen dabei, innovative Produkte zu liefern, indem wir die Entwicklung neuer Produkte beschleunigen, Qualit\u00e4tsprobleme eliminieren und die Rentabilit\u00e4t verbessern.\",\"breadcrumb\":{\"@id\":\"https:\\\/\\\/www.arenasolutions.com\\\/de\\\/plm-demo-conf\\\/#breadcrumb\"},\"inLanguage\":\"de-DE\",\"potentialAction\":[{\"@type\":\"ReadAction\",\"target\":[\"https:\\\/\\\/www.arenasolutions.com\\\/de\\\/plm-demo-conf\\\/\"]}]},{\"@type\":\"ImageObject\",\"inLanguage\":\"de-DE\",\"@id\":\"https:\\\/\\\/www.arenasolutions.com\\\/de\\\/plm-demo-conf\\\/#primaryimage\",\"url\":\"https:\\\/\\\/www.arenasolutions.com\\\/wp-content\\\/uploads\\\/Arena_by_PTC.png\",\"contentUrl\":\"https:\\\/\\\/www.arenasolutions.com\\\/wp-content\\\/uploads\\\/Arena_by_PTC.png\",\"width\":2404,\"height\":841,\"caption\":\"Logo-Arena by PTC\"},{\"@type\":\"BreadcrumbList\",\"@id\":\"https:\\\/\\\/www.arenasolutions.com\\\/de\\\/plm-demo-conf\\\/#breadcrumb\",\"itemListElement\":[{\"@type\":\"ListItem\",\"position\":1,\"name\":\"Home\",\"item\":\"https:\\\/\\\/www.arenasolutions.com\\\/de\\\/home-v2\\\/\"},{\"@type\":\"ListItem\",\"position\":2,\"name\":\"PLM-Demo anfordern \u2013 Best\u00e4tigung\"}]},{\"@type\":\"WebSite\",\"@id\":\"https:\\\/\\\/www.arenasolutions.com\\\/de\\\/#website\",\"url\":\"https:\\\/\\\/www.arenasolutions.com\\\/de\\\/\",\"name\":\"Arena\",\"description\":\"Arena helps companies design, produce, and deliver innovative products fast.\",\"publisher\":{\"@id\":\"https:\\\/\\\/www.arenasolutions.com\\\/de\\\/#organization\"},\"potentialAction\":[{\"@type\":\"SearchAction\",\"target\":{\"@type\":\"EntryPoint\",\"urlTemplate\":\"https:\\\/\\\/www.arenasolutions.com\\\/de\\\/?s={search_term_string}\"},\"query-input\":{\"@type\":\"PropertyValueSpecification\",\"valueRequired\":true,\"valueName\":\"search_term_string\"}}],\"inLanguage\":\"de-DE\"},{\"@type\":\"Organization\",\"@id\":\"https:\\\/\\\/www.arenasolutions.com\\\/de\\\/#organization\",\"name\":\"Arena, a PTC Business\",\"url\":\"https:\\\/\\\/www.arenasolutions.com\\\/de\\\/\",\"logo\":{\"@type\":\"ImageObject\",\"inLanguage\":\"de-DE\",\"@id\":\"https:\\\/\\\/www.arenasolutions.com\\\/de\\\/#\\\/schema\\\/logo\\\/image\\\/\",\"url\":\"https:\\\/\\\/www.arenasolutions.com\\\/wp-content\\\/uploads\\\/arena-logo-navbar.png\",\"contentUrl\":\"https:\\\/\\\/www.arenasolutions.com\\\/wp-content\\\/uploads\\\/arena-logo-navbar.png\",\"width\":247,\"height\":77,\"caption\":\"Arena, a PTC Business\"},\"image\":{\"@id\":\"https:\\\/\\\/www.arenasolutions.com\\\/de\\\/#\\\/schema\\\/logo\\\/image\\\/\"},\"sameAs\":[\"https:\\\/\\\/www.facebook.com\\\/arenasolutions\\\/\",\"https:\\\/\\\/x.com\\\/arenasolutions\",\"https:\\\/\\\/www.linkedin.com\\\/company\\\/12524\",\"https:\\\/\\\/www.youtube.com\\\/user\\\/Arenasolutions\"]}]}<\/script>\n<!-- \/ Yoast SEO Premium plugin. -->","yoast_head_json":{"title":"PLM-Demo anfordern \u2013 Best\u00e4tigung | Arena","description":"Vielen Dank f\u00fcr das Einreichen Ihrer PLM-Demo-Anfrage! Arena hilft Ihnen dabei, innovative Produkte zu liefern, indem wir die Entwicklung neuer Produkte beschleunigen, Qualit\u00e4tsprobleme eliminieren und die Rentabilit\u00e4t verbessern.","robots":{"index":"noindex","follow":"nofollow"},"og_locale":"de_DE","og_type":"article","og_title":"PLM-Demo anfordern \u2013 Best\u00e4tigung","og_description":"Vielen Dank f\u00fcr das Einreichen Ihrer PLM-Demo-Anfrage! Arena hilft Ihnen dabei, innovative Produkte zu liefern, indem wir die Entwicklung neuer Produkte beschleunigen, Qualit\u00e4tsprobleme eliminieren und die Rentabilit\u00e4t verbessern.","og_url":"https:\/\/www.arenasolutions.com\/de\/plm-demo-conf\/","og_site_name":"Arena","article_publisher":"https:\/\/www.facebook.com\/arenasolutions\/","article_modified_time":"2026-04-09T15:44:23+00:00","og_image":[{"width":2404,"height":841,"url":"https:\/\/www.arenasolutions.com\/wp-content\/uploads\/Arena_by_PTC.png","type":"image\/png"}],"twitter_card":"summary_large_image","twitter_site":"@arenasolutions","twitter_misc":{"Gesch\u00e4tzte Lesezeit":"4 Minuten"},"schema":{"@context":"https:\/\/schema.org","@graph":[{"@type":"WebPage","@id":"https:\/\/www.arenasolutions.com\/de\/plm-demo-conf\/","url":"https:\/\/www.arenasolutions.com\/de\/plm-demo-conf\/","name":"PLM-Demo anfordern \u2013 Best\u00e4tigung | Arena","isPartOf":{"@id":"https:\/\/www.arenasolutions.com\/de\/#website"},"primaryImageOfPage":{"@id":"https:\/\/www.arenasolutions.com\/de\/plm-demo-conf\/#primaryimage"},"image":{"@id":"https:\/\/www.arenasolutions.com\/de\/plm-demo-conf\/#primaryimage"},"thumbnailUrl":"https:\/\/www.arenasolutions.com\/wp-content\/uploads\/Arena_by_PTC.png","datePublished":"2021-09-02T20:54:47+00:00","dateModified":"2026-04-09T15:44:23+00:00","description":"Vielen Dank f\u00fcr das Einreichen Ihrer PLM-Demo-Anfrage! Arena hilft Ihnen dabei, innovative Produkte zu liefern, indem wir die Entwicklung neuer Produkte beschleunigen, Qualit\u00e4tsprobleme eliminieren und die Rentabilit\u00e4t verbessern.","breadcrumb":{"@id":"https:\/\/www.arenasolutions.com\/de\/plm-demo-conf\/#breadcrumb"},"inLanguage":"de-DE","potentialAction":[{"@type":"ReadAction","target":["https:\/\/www.arenasolutions.com\/de\/plm-demo-conf\/"]}]},{"@type":"ImageObject","inLanguage":"de-DE","@id":"https:\/\/www.arenasolutions.com\/de\/plm-demo-conf\/#primaryimage","url":"https:\/\/www.arenasolutions.com\/wp-content\/uploads\/Arena_by_PTC.png","contentUrl":"https:\/\/www.arenasolutions.com\/wp-content\/uploads\/Arena_by_PTC.png","width":2404,"height":841,"caption":"Logo-Arena by PTC"},{"@type":"BreadcrumbList","@id":"https:\/\/www.arenasolutions.com\/de\/plm-demo-conf\/#breadcrumb","itemListElement":[{"@type":"ListItem","position":1,"name":"Home","item":"https:\/\/www.arenasolutions.com\/de\/home-v2\/"},{"@type":"ListItem","position":2,"name":"PLM-Demo anfordern \u2013 Best\u00e4tigung"}]},{"@type":"WebSite","@id":"https:\/\/www.arenasolutions.com\/de\/#website","url":"https:\/\/www.arenasolutions.com\/de\/","name":"Arena","description":"Arena helps companies design, produce, and deliver innovative products fast.","publisher":{"@id":"https:\/\/www.arenasolutions.com\/de\/#organization"},"potentialAction":[{"@type":"SearchAction","target":{"@type":"EntryPoint","urlTemplate":"https:\/\/www.arenasolutions.com\/de\/?s={search_term_string}"},"query-input":{"@type":"PropertyValueSpecification","valueRequired":true,"valueName":"search_term_string"}}],"inLanguage":"de-DE"},{"@type":"Organization","@id":"https:\/\/www.arenasolutions.com\/de\/#organization","name":"Arena, a PTC Business","url":"https:\/\/www.arenasolutions.com\/de\/","logo":{"@type":"ImageObject","inLanguage":"de-DE","@id":"https:\/\/www.arenasolutions.com\/de\/#\/schema\/logo\/image\/","url":"https:\/\/www.arenasolutions.com\/wp-content\/uploads\/arena-logo-navbar.png","contentUrl":"https:\/\/www.arenasolutions.com\/wp-content\/uploads\/arena-logo-navbar.png","width":247,"height":77,"caption":"Arena, a PTC Business"},"image":{"@id":"https:\/\/www.arenasolutions.com\/de\/#\/schema\/logo\/image\/"},"sameAs":["https:\/\/www.facebook.com\/arenasolutions\/","https:\/\/x.com\/arenasolutions","https:\/\/www.linkedin.com\/company\/12524","https:\/\/www.youtube.com\/user\/Arenasolutions"]}]}},"_links":{"self":[{"href":"https:\/\/www.arenasolutions.com\/de\/wp-json\/wp\/v2\/pages\/19935","targetHints":{"allow":["GET"]}}],"collection":[{"href":"https:\/\/www.arenasolutions.com\/de\/wp-json\/wp\/v2\/pages"}],"about":[{"href":"https:\/\/www.arenasolutions.com\/de\/wp-json\/wp\/v2\/types\/page"}],"author":[{"embeddable":true,"href":"https:\/\/www.arenasolutions.com\/de\/wp-json\/wp\/v2\/users\/61"}],"replies":[{"embeddable":true,"href":"https:\/\/www.arenasolutions.com\/de\/wp-json\/wp\/v2\/comments?post=19935"}],"version-history":[{"count":3,"href":"https:\/\/www.arenasolutions.com\/de\/wp-json\/wp\/v2\/pages\/19935\/revisions"}],"predecessor-version":[{"id":90305,"href":"https:\/\/www.arenasolutions.com\/de\/wp-json\/wp\/v2\/pages\/19935\/revisions\/90305"}],"wp:featuredmedia":[{"embeddable":true,"href":"https:\/\/www.arenasolutions.com\/de\/wp-json\/wp\/v2\/media\/88007"}],"wp:attachment":[{"href":"https:\/\/www.arenasolutions.com\/de\/wp-json\/wp\/v2\/media?parent=19935"}],"curies":[{"name":"wp","href":"https:\/\/api.w.org\/{rel}","templated":true}]}}