{"id":19917,"date":"2021-09-02T00:47:20","date_gmt":"2021-09-02T07:47:20","guid":{"rendered":"https:\/\/www.arenasolutions.com\/kontaktaufnahme-bestaetigung\/"},"modified":"2025-10-17T09:10:12","modified_gmt":"2025-10-17T16:10:12","slug":"kontaktaufnahme-bestaetigung","status":"publish","type":"page","link":"https:\/\/www.arenasolutions.com\/de\/contact-us-conf\/","title":{"rendered":"Kontaktaufnahme \u2013 Best\u00e4tigung"},"content":{"rendered":"<p>[et_pb_section fb_built=&#8220;1&#8243; admin_label=&#8220;hero section&#8220; module_class=&#8220;hero-section&#8220; _builder_version=&#8220;4.19.4&#8243; background_image=&#8220;https:\/\/www.arenasolutions.com\/wp-content\/uploads\/Hero-contact-us.jpg&#8220; custom_padding=&#8220;53px||53px||true|&#8220; background_last_edited=&#8220;on|tablet&#8220; background_image_tablet=&#8220;https:\/\/www.arenasolutions.com\/wp-content\/uploads\/green-background.jpg&#8220; background_enable_image_tablet=&#8220;on&#8220; global_colors_info=&#8220;{}&#8220; title_text_tablet=&#8220;green-background&#8220;][et_pb_row column_structure=&#8220;1_2,1_2&#8243; _builder_version=&#8220;4.16&#8243; global_colors_info=&#8220;{}&#8220;][et_pb_column type=&#8220;1_2&#8243; _builder_version=&#8220;4.16&#8243; global_colors_info=&#8220;{}&#8220;][et_pb_text _builder_version=&#8220;4.16&#8243; header_text_color=&#8220;#FFFFFF&#8220; header_3_text_color=&#8220;#FFFFFF&#8220; header_4_font=&#8220;Open Sans|600|||||||&#8220; header_4_text_color=&#8220;#FFFFFF&#8220; custom_margin=&#8220;||0px||false|false&#8220; custom_padding=&#8220;||0px|||&#8220; global_colors_info=&#8220;{}&#8220;]<\/p>\n<h1><span>Kontaktaufnahme<\/span><\/h1>\n<p>[\/et_pb_text][et_pb_text _builder_version=&#8220;4.16&#8243; header_4_text_color=&#8220;#FFFFFF&#8220; custom_padding=&#8220;0px|||||&#8220; global_colors_info=&#8220;{}&#8220;]<\/p>\n<h4><span>Sie haben noch Fragen? Wir helfen Ihnen gerne weiter<\/span><\/h4>\n<p>[\/et_pb_text][\/et_pb_column][et_pb_column type=&#8220;1_2&#8243; _builder_version=&#8220;4.16&#8243; global_colors_info=&#8220;{}&#8220;][\/et_pb_column][\/et_pb_row][\/et_pb_section][et_pb_section fb_built=&#8220;1&#8243; _builder_version=&#8220;4.16&#8243; global_colors_info=&#8220;{}&#8220;][et_pb_row _builder_version=&#8220;4.16&#8243; custom_margin=&#8220;0px||40px||false|false&#8220; custom_padding=&#8220;0px||||false|false&#8220; global_colors_info=&#8220;{}&#8220;][et_pb_column type=&#8220;4_4&#8243; _builder_version=&#8220;4.16&#8243; global_colors_info=&#8220;{}&#8220;][et_pb_text _builder_version=&#8220;4.16&#8243; header_text_align=&#8220;center&#8220; header_2_text_align=&#8220;center&#8220; header_3_text_align=&#8220;center&#8220; global_colors_info=&#8220;{}&#8220;]<\/p>\n<h1>Vielen Dank<\/h1>\n<p style=\"font-size: 25px !important; line-height: 34px !important; text-align: center;\">Vielen Dank, dass Sie Kontakt mit uns aufnehmen!<br \/>\nWir werden uns in K\u00fcrze bei Ihnen melden.<\/p>\n<p>[\/et_pb_text][\/et_pb_column][\/et_pb_row][\/et_pb_section][et_pb_section fb_built=&#8220;1&#8243; admin_label=&#8220;CTA &#8211; See Arena In Action&#8220; module_class=&#8220;cta-section blue-button footer-cta-section&#8220; _builder_version=&#8220;4.16&#8243; background_image=&#8220;https:\/\/www.arenasolutions.com\/wp-content\/uploads\/orange-bg.jpg&#8220; custom_padding=&#8220;30px||30px||true|&#8220; saved_tabs=&#8220;all&#8220; locked=&#8220;off&#8220; collapsed=&#8220;off&#8220; global_colors_info=&#8220;{}&#8220;][et_pb_row column_structure=&#8220;1_2,1_2&#8243; use_custom_gutter=&#8220;on&#8220; gutter_width=&#8220;1&#8243; make_equal=&#8220;on&#8220; _builder_version=&#8220;4.16&#8243; global_colors_info=&#8220;{}&#8220;][et_pb_column type=&#8220;1_2&#8243; _builder_version=&#8220;4.16&#8243; custom_padding=&#8220;|40px|||false|false&#8220; custom_padding_tablet=&#8220;|0px|0px||false|false&#8220; custom_padding_phone=&#8220;&#8220; custom_padding_last_edited=&#8220;on|desktop&#8220; custom_css_main_element=&#8220;display: grid;||align-content: center;&#8220; border_width_right=&#8220;1px&#8220; border_color_right=&#8220;#FFFFFF&#8220; border_width_all_tablet=&#8220;&#8220; border_width_all_phone=&#8220;&#8220; border_width_all_last_edited=&#8220;on|desktop&#8220; border_width_right_tablet=&#8220;0px&#8220; border_width_right_phone=&#8220;&#8220; border_width_right_last_edited=&#8220;on|tablet&#8220; global_colors_info=&#8220;{}&#8220; custom_css_main_element_last_edited=&#8220;on|tablet&#8220; custom_css_main_element_tablet=&#8220;padding-bottom: 0 !important;&#8220; custom_css_main_element_phone=&#8220;padding-bottom: 0 !important;&#8220;][et_pb_text _builder_version=&#8220;4.16&#8243; header_2_text_align=&#8220;right&#8220; header_2_text_color=&#8220;#FFFFFF&#8220; header_2_font_size=&#8220;36px&#8220; custom_padding=&#8220;||||false|true&#8220; header_2_text_align_tablet=&#8220;center&#8220; header_2_text_align_phone=&#8220;center&#8220; header_2_text_align_last_edited=&#8220;on|tablet&#8220; global_colors_info=&#8220;{}&#8220;]<\/p>\n<h2>ERLEBEN Sie Arena<br \/> <span style=\"font-family: 'acier-bat-outline';\">IN AKTION<\/span><\/h2>\n<p>[\/et_pb_text][\/et_pb_column][et_pb_column type=&#8220;1_2&#8243; _builder_version=&#8220;4.16&#8243; custom_padding=&#8220;25px|||40px|false|false&#8220; custom_padding_tablet=&#8220;10px|||0px|false|false&#8220; custom_padding_phone=&#8220;&#8220; custom_padding_last_edited=&#8220;on|tablet&#8220; custom_css_main_element=&#8220;display: grid;||align-content: center;&#8220; global_colors_info=&#8220;{}&#8220; custom_css_main_element_last_edited=&#8220;on|tablet&#8220; custom_css_main_element_tablet=&#8220;padding-top: 25px !important;&#8220; custom_css_main_element_phone=&#8220;padding-top: 25px !important;&#8220;][et_pb_button button_url=&#8220;\/get-demo\/&#8220; button_text=&#8220;DEMO ANFORDERN&#8220; button_alignment=&#8220;left&#8220; button_alignment_tablet=&#8220;center&#8220; button_alignment_phone=&#8220;&#8220; button_alignment_last_edited=&#8220;on|phone&#8220; _builder_version=&#8220;4.16&#8243; custom_margin=&#8220;||||false|false&#8220; custom_margin_tablet=&#8220;&#8220; custom_margin_phone=&#8220;25px||||false|false&#8220; custom_margin_last_edited=&#8220;on|phone&#8220; global_colors_info=&#8220;{}&#8220;][\/et_pb_button][\/et_pb_column][\/et_pb_row][\/et_pb_section]<\/p>\n","protected":false},"excerpt":{"rendered":"<p>Kontaktaufnahme Sie haben noch Fragen? Wir helfen Ihnen gerne weiter Vielen Dank Vielen Dank, dass Sie Kontakt mit uns aufnehmen! Wir werden uns in K\u00fcrze bei Ihnen melden. ERLEBEN Sie Arena IN&#8230;<\/p>\n","protected":false},"author":55,"featured_media":88007,"parent":0,"menu_order":0,"comment_status":"closed","ping_status":"closed","template":"divi.php","meta":{"_acf_changed":false,"_et_pb_use_builder":"on","_et_pb_old_content":"","_et_gb_content_width":"","footnotes":""},"class_list":["post-19917","page","type-page","status-publish","has-post-thumbnail","hentry"],"acf":[],"yoast_head":"<!-- This site is optimized with the Yoast SEO Premium plugin v27.2 (Yoast SEO v27.2) - https:\/\/yoast.com\/product\/yoast-seo-premium-wordpress\/ -->\n<title>Kontaktieren Sie Arena \u2013 wir helfen Ihnen gerne weiter | Arena<\/title>\n<meta name=\"description\" content=\"Willkommen bei Arena! Vielen Dank, dass Sie Kontakt mit uns aufnehmen! Bitte geben Sie Ihre Kontaktinformationen einschlie\u00dflich Titel, Telefonnummer, E-Mail-Adresse und Firmenname an und beschreiben Sie kurz, wor\u00fcber Sie sprechen m\u00f6chten. Ein Mitglied des Arena-Teams wird Sie in K\u00fcrze kontaktieren.\" \/>\n<meta name=\"robots\" content=\"noindex, nofollow\" \/>\n<meta property=\"og:locale\" content=\"de_DE\" \/>\n<meta property=\"og:type\" content=\"article\" \/>\n<meta property=\"og:title\" content=\"Kontaktaufnahme \u2013 Best\u00e4tigung\" \/>\n<meta property=\"og:description\" content=\"Willkommen bei Arena! Vielen Dank, dass Sie Kontakt mit uns aufnehmen! Bitte geben Sie Ihre Kontaktinformationen einschlie\u00dflich Titel, Telefonnummer, E-Mail-Adresse und Firmenname an und beschreiben Sie kurz, wor\u00fcber Sie sprechen m\u00f6chten. Ein Mitglied des Arena-Teams wird Sie in K\u00fcrze kontaktieren.\" \/>\n<meta property=\"og:url\" content=\"https:\/\/www.arenasolutions.com\/de\/contact-us-conf\/\" \/>\n<meta property=\"og:site_name\" content=\"Arena\" \/>\n<meta property=\"article:publisher\" content=\"https:\/\/www.facebook.com\/arenasolutions\/\" \/>\n<meta property=\"article:modified_time\" content=\"2025-10-17T16:10:12+00:00\" \/>\n<meta property=\"og:image\" content=\"https:\/\/www.arenasolutions.com\/wp-content\/uploads\/Arena_by_PTC.png\" \/>\n\t<meta property=\"og:image:width\" content=\"2404\" \/>\n\t<meta property=\"og:image:height\" content=\"841\" \/>\n\t<meta property=\"og:image:type\" content=\"image\/png\" \/>\n<meta name=\"twitter:card\" content=\"summary_large_image\" \/>\n<meta name=\"twitter:site\" content=\"@arenasolutions\" \/>\n<meta name=\"twitter:label1\" content=\"Gesch\u00e4tzte Lesezeit\" \/>\n\t<meta name=\"twitter:data1\" content=\"3 Minuten\" \/>\n<script type=\"application\/ld+json\" class=\"yoast-schema-graph\">{\"@context\":\"https:\/\/schema.org\",\"@graph\":[{\"@type\":\"WebPage\",\"@id\":\"https:\/\/www.arenasolutions.com\/de\/contact-us-conf\/\",\"url\":\"https:\/\/www.arenasolutions.com\/de\/contact-us-conf\/\",\"name\":\"Kontaktieren Sie Arena \u2013 wir helfen Ihnen gerne weiter | Arena\",\"isPartOf\":{\"@id\":\"https:\/\/www.arenasolutions.com\/de\/#website\"},\"primaryImageOfPage\":{\"@id\":\"https:\/\/www.arenasolutions.com\/de\/contact-us-conf\/#primaryimage\"},\"image\":{\"@id\":\"https:\/\/www.arenasolutions.com\/de\/contact-us-conf\/#primaryimage\"},\"thumbnailUrl\":\"https:\/\/www.arenasolutions.com\/wp-content\/uploads\/Arena_by_PTC.png\",\"datePublished\":\"2021-09-02T07:47:20+00:00\",\"dateModified\":\"2025-10-17T16:10:12+00:00\",\"description\":\"Willkommen bei Arena! Vielen Dank, dass Sie Kontakt mit uns aufnehmen! Bitte geben Sie Ihre Kontaktinformationen einschlie\u00dflich Titel, Telefonnummer, E-Mail-Adresse und Firmenname an und beschreiben Sie kurz, wor\u00fcber Sie sprechen m\u00f6chten. Ein Mitglied des Arena-Teams wird Sie in K\u00fcrze kontaktieren.\",\"breadcrumb\":{\"@id\":\"https:\/\/www.arenasolutions.com\/de\/contact-us-conf\/#breadcrumb\"},\"inLanguage\":\"de-DE\",\"potentialAction\":[{\"@type\":\"ReadAction\",\"target\":[\"https:\/\/www.arenasolutions.com\/de\/contact-us-conf\/\"]}]},{\"@type\":\"ImageObject\",\"inLanguage\":\"de-DE\",\"@id\":\"https:\/\/www.arenasolutions.com\/de\/contact-us-conf\/#primaryimage\",\"url\":\"https:\/\/www.arenasolutions.com\/wp-content\/uploads\/Arena_by_PTC.png\",\"contentUrl\":\"https:\/\/www.arenasolutions.com\/wp-content\/uploads\/Arena_by_PTC.png\",\"width\":2404,\"height\":841,\"caption\":\"Logo-Arena by PTC\"},{\"@type\":\"BreadcrumbList\",\"@id\":\"https:\/\/www.arenasolutions.com\/de\/contact-us-conf\/#breadcrumb\",\"itemListElement\":[{\"@type\":\"ListItem\",\"position\":1,\"name\":\"Home\",\"item\":\"https:\/\/www.arenasolutions.com\/de\/\"},{\"@type\":\"ListItem\",\"position\":2,\"name\":\"Kontaktaufnahme \u2013 Best\u00e4tigung\"}]},{\"@type\":\"WebSite\",\"@id\":\"https:\/\/www.arenasolutions.com\/de\/#website\",\"url\":\"https:\/\/www.arenasolutions.com\/de\/\",\"name\":\"Arena\",\"description\":\"Arena helps companies design, produce, and deliver innovative products fast.\",\"publisher\":{\"@id\":\"https:\/\/www.arenasolutions.com\/de\/#organization\"},\"potentialAction\":[{\"@type\":\"SearchAction\",\"target\":{\"@type\":\"EntryPoint\",\"urlTemplate\":\"https:\/\/www.arenasolutions.com\/de\/?s={search_term_string}\"},\"query-input\":{\"@type\":\"PropertyValueSpecification\",\"valueRequired\":true,\"valueName\":\"search_term_string\"}}],\"inLanguage\":\"de-DE\"},{\"@type\":\"Organization\",\"@id\":\"https:\/\/www.arenasolutions.com\/de\/#organization\",\"name\":\"Arena, a PTC Business\",\"url\":\"https:\/\/www.arenasolutions.com\/de\/\",\"logo\":{\"@type\":\"ImageObject\",\"inLanguage\":\"de-DE\",\"@id\":\"https:\/\/www.arenasolutions.com\/de\/#\/schema\/logo\/image\/\",\"url\":\"https:\/\/www.arenasolutions.com\/wp-content\/uploads\/arena-logo-navbar.png\",\"contentUrl\":\"https:\/\/www.arenasolutions.com\/wp-content\/uploads\/arena-logo-navbar.png\",\"width\":247,\"height\":77,\"caption\":\"Arena, a PTC Business\"},\"image\":{\"@id\":\"https:\/\/www.arenasolutions.com\/de\/#\/schema\/logo\/image\/\"},\"sameAs\":[\"https:\/\/www.facebook.com\/arenasolutions\/\",\"https:\/\/x.com\/arenasolutions\",\"https:\/\/www.linkedin.com\/company\/12524\",\"https:\/\/www.youtube.com\/user\/Arenasolutions\"]}]}<\/script>\n<!-- \/ Yoast SEO Premium plugin. -->","yoast_head_json":{"title":"Kontaktieren Sie Arena \u2013 wir helfen Ihnen gerne weiter | Arena","description":"Willkommen bei Arena! Vielen Dank, dass Sie Kontakt mit uns aufnehmen! Bitte geben Sie Ihre Kontaktinformationen einschlie\u00dflich Titel, Telefonnummer, E-Mail-Adresse und Firmenname an und beschreiben Sie kurz, wor\u00fcber Sie sprechen m\u00f6chten. Ein Mitglied des Arena-Teams wird Sie in K\u00fcrze kontaktieren.","robots":{"index":"noindex","follow":"nofollow"},"og_locale":"de_DE","og_type":"article","og_title":"Kontaktaufnahme \u2013 Best\u00e4tigung","og_description":"Willkommen bei Arena! Vielen Dank, dass Sie Kontakt mit uns aufnehmen! Bitte geben Sie Ihre Kontaktinformationen einschlie\u00dflich Titel, Telefonnummer, E-Mail-Adresse und Firmenname an und beschreiben Sie kurz, wor\u00fcber Sie sprechen m\u00f6chten. Ein Mitglied des Arena-Teams wird Sie in K\u00fcrze kontaktieren.","og_url":"https:\/\/www.arenasolutions.com\/de\/contact-us-conf\/","og_site_name":"Arena","article_publisher":"https:\/\/www.facebook.com\/arenasolutions\/","article_modified_time":"2025-10-17T16:10:12+00:00","og_image":[{"width":2404,"height":841,"url":"https:\/\/www.arenasolutions.com\/wp-content\/uploads\/Arena_by_PTC.png","type":"image\/png"}],"twitter_card":"summary_large_image","twitter_site":"@arenasolutions","twitter_misc":{"Gesch\u00e4tzte Lesezeit":"3 Minuten"},"schema":{"@context":"https:\/\/schema.org","@graph":[{"@type":"WebPage","@id":"https:\/\/www.arenasolutions.com\/de\/contact-us-conf\/","url":"https:\/\/www.arenasolutions.com\/de\/contact-us-conf\/","name":"Kontaktieren Sie Arena \u2013 wir helfen Ihnen gerne weiter | Arena","isPartOf":{"@id":"https:\/\/www.arenasolutions.com\/de\/#website"},"primaryImageOfPage":{"@id":"https:\/\/www.arenasolutions.com\/de\/contact-us-conf\/#primaryimage"},"image":{"@id":"https:\/\/www.arenasolutions.com\/de\/contact-us-conf\/#primaryimage"},"thumbnailUrl":"https:\/\/www.arenasolutions.com\/wp-content\/uploads\/Arena_by_PTC.png","datePublished":"2021-09-02T07:47:20+00:00","dateModified":"2025-10-17T16:10:12+00:00","description":"Willkommen bei Arena! Vielen Dank, dass Sie Kontakt mit uns aufnehmen! Bitte geben Sie Ihre Kontaktinformationen einschlie\u00dflich Titel, Telefonnummer, E-Mail-Adresse und Firmenname an und beschreiben Sie kurz, wor\u00fcber Sie sprechen m\u00f6chten. Ein Mitglied des Arena-Teams wird Sie in K\u00fcrze kontaktieren.","breadcrumb":{"@id":"https:\/\/www.arenasolutions.com\/de\/contact-us-conf\/#breadcrumb"},"inLanguage":"de-DE","potentialAction":[{"@type":"ReadAction","target":["https:\/\/www.arenasolutions.com\/de\/contact-us-conf\/"]}]},{"@type":"ImageObject","inLanguage":"de-DE","@id":"https:\/\/www.arenasolutions.com\/de\/contact-us-conf\/#primaryimage","url":"https:\/\/www.arenasolutions.com\/wp-content\/uploads\/Arena_by_PTC.png","contentUrl":"https:\/\/www.arenasolutions.com\/wp-content\/uploads\/Arena_by_PTC.png","width":2404,"height":841,"caption":"Logo-Arena by PTC"},{"@type":"BreadcrumbList","@id":"https:\/\/www.arenasolutions.com\/de\/contact-us-conf\/#breadcrumb","itemListElement":[{"@type":"ListItem","position":1,"name":"Home","item":"https:\/\/www.arenasolutions.com\/de\/"},{"@type":"ListItem","position":2,"name":"Kontaktaufnahme \u2013 Best\u00e4tigung"}]},{"@type":"WebSite","@id":"https:\/\/www.arenasolutions.com\/de\/#website","url":"https:\/\/www.arenasolutions.com\/de\/","name":"Arena","description":"Arena helps companies design, produce, and deliver innovative products fast.","publisher":{"@id":"https:\/\/www.arenasolutions.com\/de\/#organization"},"potentialAction":[{"@type":"SearchAction","target":{"@type":"EntryPoint","urlTemplate":"https:\/\/www.arenasolutions.com\/de\/?s={search_term_string}"},"query-input":{"@type":"PropertyValueSpecification","valueRequired":true,"valueName":"search_term_string"}}],"inLanguage":"de-DE"},{"@type":"Organization","@id":"https:\/\/www.arenasolutions.com\/de\/#organization","name":"Arena, a PTC Business","url":"https:\/\/www.arenasolutions.com\/de\/","logo":{"@type":"ImageObject","inLanguage":"de-DE","@id":"https:\/\/www.arenasolutions.com\/de\/#\/schema\/logo\/image\/","url":"https:\/\/www.arenasolutions.com\/wp-content\/uploads\/arena-logo-navbar.png","contentUrl":"https:\/\/www.arenasolutions.com\/wp-content\/uploads\/arena-logo-navbar.png","width":247,"height":77,"caption":"Arena, a PTC Business"},"image":{"@id":"https:\/\/www.arenasolutions.com\/de\/#\/schema\/logo\/image\/"},"sameAs":["https:\/\/www.facebook.com\/arenasolutions\/","https:\/\/x.com\/arenasolutions","https:\/\/www.linkedin.com\/company\/12524","https:\/\/www.youtube.com\/user\/Arenasolutions"]}]}},"_links":{"self":[{"href":"https:\/\/www.arenasolutions.com\/de\/wp-json\/wp\/v2\/pages\/19917","targetHints":{"allow":["GET"]}}],"collection":[{"href":"https:\/\/www.arenasolutions.com\/de\/wp-json\/wp\/v2\/pages"}],"about":[{"href":"https:\/\/www.arenasolutions.com\/de\/wp-json\/wp\/v2\/types\/page"}],"author":[{"embeddable":true,"href":"https:\/\/www.arenasolutions.com\/de\/wp-json\/wp\/v2\/users\/55"}],"replies":[{"embeddable":true,"href":"https:\/\/www.arenasolutions.com\/de\/wp-json\/wp\/v2\/comments?post=19917"}],"version-history":[{"count":0,"href":"https:\/\/www.arenasolutions.com\/de\/wp-json\/wp\/v2\/pages\/19917\/revisions"}],"wp:featuredmedia":[{"embeddable":true,"href":"https:\/\/www.arenasolutions.com\/de\/wp-json\/wp\/v2\/media\/88007"}],"wp:attachment":[{"href":"https:\/\/www.arenasolutions.com\/de\/wp-json\/wp\/v2\/media?parent=19917"}],"curies":[{"name":"wp","href":"https:\/\/api.w.org\/{rel}","templated":true}]}}